{"id":2965,"date":"2022-11-17T08:21:28","date_gmt":"2022-11-17T08:21:28","guid":{"rendered":"https:\/\/www.edubreak.de\/academy\/?post_type=product&#038;p=2965"},"modified":"2025-10-15T09:49:53","modified_gmt":"2025-10-15T09:49:53","slug":"blended-learning","status":"publish","type":"product","link":"https:\/\/www.edubreak.de\/academy\/produkt\/blended-learning\/","title":{"rendered":"Blended Learning-Kurse gestalten"},"content":{"rendered":"<p><span style=\"font-weight: 400;\">\u201cBlended Learning-Kurse gestalten\u201d bietet eine umfassende Einf\u00fchrung in die Erstellung und Gestaltung eines Blended Learning-Kurses in edubreak\u00ae. Gelernt wird projektorientiert an deinem ersten eigenen Kurs-Konzept, das im Verlauf des Kurses vom Grobkonzept bis hin zur detaillierten Ausarbeitung konkreter Aufgaben abgerundet wird.<\/span><\/p>\n<p><strong>An wen richtet sich der Kurs?<\/strong><\/p>\n<ul>\n<li style=\"font-weight: 400;\" aria-level=\"1\"><em>Campus Manager:innen<\/em><span style=\"font-weight: 400;\">, der\/die erfolgversprechende Blended Learning-Kurse erstellen und verwalten m\u00f6chte<\/span><\/li>\n<li style=\"font-weight: 400;\" aria-level=\"1\"><em>Referent:innen<\/em><span style=\"font-weight: 400;\">, die Blended Learning-Kurse optimal umsetzen und begleiten m\u00f6chten<\/span><\/li>\n<\/ul>\n<p><strong>Themenbereiche:<\/strong><\/p>\n<ul>\n<li style=\"font-weight: 400;\" aria-level=\"1\"><span style=\"font-weight: 400;\"><span style=\"font-weight: 400;\">Blended Learning,\u00a0 Kompetenzorientierung und Social Video<\/span><\/span>\n<ul>\n<li style=\"font-weight: 400;\" aria-level=\"1\"><span style=\"font-weight: 400;\">Digitale Werkzeuge<br \/>\n<\/span><em><span style=\"font-weight: 400;\">Welche Werkzeuge kann ich f\u00fcr die Konzeption anwenden?<\/span><\/em><\/li>\n<li style=\"font-weight: 400;\" aria-level=\"1\"><span style=\"font-weight: 400;\">Aufgaben<br \/>\n<em>Was ist bei der Gestaltung von online Aufgaben zu beachten?<\/em><\/span><\/li>\n<li style=\"font-weight: 400;\" aria-level=\"1\"><span style=\"font-weight: 400;\">Feedback<br \/>\n<em>Wie gebe ich richtig und zielf\u00fchrend in edubreak\u00ae Feedback?<\/em><\/span><\/li>\n<li style=\"font-weight: 400;\" aria-level=\"1\"><span style=\"font-weight: 400;\"><span style=\"font-weight: 400;\">Erster Entwurf<br \/>\n<em>Vom Konzept \u00fcber das Feinkonzept zum Entwurf<\/em><\/span><\/span><\/li>\n<\/ul>\n<\/li>\n<li style=\"font-weight: 400;\" aria-level=\"1\"><span style=\"font-weight: 400;\">Implementation von edubreak\u00ae in einer Organisation<\/span><\/li>\n<\/ul>\n<p><strong>Lernziele:\u00a0<\/strong><\/p>\n<ul>\n<li style=\"font-weight: 400;\" aria-level=\"1\"><span style=\"font-weight: 400;\">Design und Umsetzung einer wirkungsvollen, kompetenzorientierten Blended Learning Veranstaltung in edubreak\u00ae\u00a0<\/span><\/li>\n<li style=\"font-weight: 400;\" aria-level=\"1\"><span style=\"font-weight: 400;\">Know-How, um auch Referent:innen bei der Erstellung von Blended Learning Veranstaltungen zu unterst\u00fctzen\u00a0<\/span><\/li>\n<li style=\"font-weight: 400;\" aria-level=\"1\"><span style=\"font-weight: 400;\">Kompetenzerwerb, um Bildung in der eigenen Organisation voranzutreiben<\/span><\/li>\n<\/ul>\n<p><span style=\"font-weight: 400;\">Arbeite \u00fcber sechs Wochen mit synchronen und asynchronen Aufgaben, um dir so das n\u00f6tige Wissen f\u00fcr deinen n\u00e4chsten Kurs anzueignen. Der ganze Kurs findet online statt.<\/span><\/p>\n<p><strong>Lerneinheiten:<\/strong><span style=\"font-weight: 400;\"> 3-4 LE pro Woche, 20 LE insgesamt<\/span><\/p>\n<p><strong>Dauer:<\/strong><span style=\"font-weight: 400;\"> 6 Wochen<\/span><\/p>\n<p><strong>Voraussetzungen:<\/strong><span style=\"font-weight: 400;\"> F\u00fcr diesen Kurs sind Vorkenntnisse im Umgang mit der edubreak\u00ae Funktionsvielfalt notwendig. Wir empfehlen den Basiskurs \u201eDie edubreak\u00ae Werkzeuge\u201c.<\/span><\/p>\n<p><span style=\"color: #000000;\"><strong>Hinweis: <\/strong><\/span>Wenn der gew\u00fcnschte Kurs bereits ausgebucht ist, Sie aber dennoch gerne daran teilnehmen m\u00f6chten, dann melden Sie sich gerne direkt bei uns via <a href=\"&#109;&#x61;&#105;&#x6c;&#116;&#x6f;&#58;&#x69;&#110;&#x66;&#111;&#x40;&#101;&#x64;&#117;&#x62;&#114;&#x65;&#97;&#x6b;&#45;&#x61;&#99;&#x61;&#100;&#x65;&#109;&#x79;&#46;&#x64;&#101;\">info&#64;&#101;&#100;&#117;&#98;&#x72;&#x65;&#x61;&#x6b;&#x2d;&#x61;&#x63;adem&#121;&#46;&#100;&#101;<\/a><\/p>\n<hr \/>\n<p><img data-recalc-dims=\"1\" fetchpriority=\"high\" decoding=\"async\" class=\"alignnone wp-image-5055 size-medium\" src=\"https:\/\/i0.wp.com\/www.edubreak.de\/academy\/wp-content\/uploads\/2022\/11\/Academy-Ablaufplaene-Blended-Learning-Kurs.jpg?resize=300%2C269&#038;ssl=1\" alt=\"\" width=\"300\" height=\"269\" srcset=\"https:\/\/i0.wp.com\/www.edubreak.de\/academy\/wp-content\/uploads\/2022\/11\/Academy-Ablaufplaene-Blended-Learning-Kurs-scaled.jpg?resize=300%2C269&amp;ssl=1 300w, https:\/\/i0.wp.com\/www.edubreak.de\/academy\/wp-content\/uploads\/2022\/11\/Academy-Ablaufplaene-Blended-Learning-Kurs-scaled.jpg?resize=1024%2C920&amp;ssl=1 1024w, https:\/\/i0.wp.com\/www.edubreak.de\/academy\/wp-content\/uploads\/2022\/11\/Academy-Ablaufplaene-Blended-Learning-Kurs-scaled.jpg?resize=768%2C690&amp;ssl=1 768w, https:\/\/i0.wp.com\/www.edubreak.de\/academy\/wp-content\/uploads\/2022\/11\/Academy-Ablaufplaene-Blended-Learning-Kurs-scaled.jpg?resize=1536%2C1380&amp;ssl=1 1536w, https:\/\/i0.wp.com\/www.edubreak.de\/academy\/wp-content\/uploads\/2022\/11\/Academy-Ablaufplaene-Blended-Learning-Kurs-scaled.jpg?resize=2048%2C1839&amp;ssl=1 2048w, https:\/\/i0.wp.com\/www.edubreak.de\/academy\/wp-content\/uploads\/2022\/11\/Academy-Ablaufplaene-Blended-Learning-Kurs-scaled.jpg?resize=600%2C539&amp;ssl=1 600w, https:\/\/i0.wp.com\/www.edubreak.de\/academy\/wp-content\/uploads\/2022\/11\/Academy-Ablaufplaene-Blended-Learning-Kurs-scaled.jpg?w=2400&amp;ssl=1 2400w\" sizes=\"(max-width: 300px) 100vw, 300px\" \/><\/p>\n","protected":false},"excerpt":{"rendered":"<p><span style=\"color: #539dc1;\">Lerne deinen eigenen Blended-Learning-Kurs in edubreak\u00ae zu gestalten! Der 6-w\u00f6chige Kurs ist so konzipiert, dass die Teilnehmenden am Ende \u00fcber das notwendige Wissen und die F\u00e4higkeiten verf\u00fcgen, um hochwertige Blended-Learning-Kurse in edubreak\u00ae zu erstellen.<\/span><\/p>\n<p><span style=\"font-weight: 400; color: #2884b2;\">\ud83d\udc49 <strong>Du m\u00f6chtest den Kurs f\u00fcr deine Organisation buchen? <\/strong><\/span><span style=\"font-weight: 400; color: #2884b2;\">Dann sprich einfach deine Ansprechperson bei uns an oder melde dich \u00fcber <strong><a href=\"https:\/\/www.edubreak.de\/kontakt\/\" target=\"_blank\" rel=\"noopener\"><span style=\"color: #f35935;\">unsere Kontaktseite<\/span> <\/a><\/strong>bzw. per E-Mail an &#105;&#x6e;f&#111;&#x40;e&#100;&#x75;b&#x72;&#x65;&#97;&#x6b;&#46;&#100;&#x65;.<\/span><\/p>\n<p class=\"customer-note\">\n","protected":false},"featured_media":5046,"comment_status":"open","ping_status":"closed","template":"","meta":{"neve_meta_sidebar":"","neve_meta_container":"","neve_meta_enable_content_width":"off","neve_meta_content_width":70,"neve_meta_title_alignment":"","neve_meta_author_avatar":"","neve_post_elements_order":"","neve_meta_disable_header":"","neve_meta_disable_footer":"","neve_meta_disable_title":""},"product_cat":[15],"product_tag":[],"class_list":{"0":"post-2965","1":"product","2":"type-product","3":"status-publish","4":"has-post-thumbnail","6":"product_cat-kurse","8":"first","9":"instock","10":"taxable","11":"shipping-taxable","12":"purchasable","13":"product-type-simple"},"yoast_head":"<!-- This site is optimized with the Yoast SEO plugin v23.5 - https:\/\/yoast.com\/wordpress\/plugins\/seo\/ -->\n<title>Blended Learning-Kurse gestalten - edubreak\u00aeACADEMY<\/title>\n<meta name=\"description\" content=\"edubreak\u00aeACADEMY Lerne mit dem Kurs &quot;Blended Learning-Kurse gestalten&quot;, wie du deinen eigenen Blended Learning Kurs in edubreak\u00ae gestaltest.\" \/>\n<meta name=\"robots\" content=\"index, follow, max-snippet:-1, max-image-preview:large, max-video-preview:-1\" \/>\n<link rel=\"canonical\" href=\"https:\/\/www.edubreak.de\/academy\/produkt\/blended-learning\/\" \/>\n<meta property=\"og:locale\" content=\"de_DE\" \/>\n<meta property=\"og:type\" content=\"article\" \/>\n<meta property=\"og:title\" content=\"Blended Learning-Kurse gestalten - edubreak\u00aeACADEMY\" \/>\n<meta property=\"og:description\" content=\"edubreak\u00aeACADEMY Lerne mit dem Kurs &quot;Blended Learning-Kurse gestalten&quot;, wie du deinen eigenen Blended Learning Kurs in edubreak\u00ae gestaltest.\" \/>\n<meta property=\"og:url\" content=\"https:\/\/www.edubreak.de\/academy\/produkt\/blended-learning\/\" \/>\n<meta property=\"og:site_name\" content=\"edubreak\u00aeACADEMY\" \/>\n<meta property=\"article:modified_time\" content=\"2025-10-15T09:49:53+00:00\" \/>\n<meta property=\"og:image\" content=\"https:\/\/www.edubreak.de\/academy\/wp-content\/uploads\/2022\/11\/20240918-eb-Academy-Rebrand-Kurse-Blended-Learning-Kurse-gestalten.png\" \/>\n\t<meta property=\"og:image:width\" content=\"544\" \/>\n\t<meta property=\"og:image:height\" content=\"528\" \/>\n\t<meta property=\"og:image:type\" content=\"image\/png\" \/>\n<meta name=\"twitter:card\" content=\"summary_large_image\" \/>\n<meta name=\"twitter:label1\" content=\"Gesch\u00e4tzte Lesezeit\" \/>\n\t<meta name=\"twitter:data1\" content=\"2\u00a0Minuten\" \/>\n<script type=\"application\/ld+json\" class=\"yoast-schema-graph\">{\"@context\":\"https:\/\/schema.org\",\"@graph\":[{\"@type\":\"WebPage\",\"@id\":\"https:\/\/www.edubreak.de\/academy\/produkt\/blended-learning\/\",\"url\":\"https:\/\/www.edubreak.de\/academy\/produkt\/blended-learning\/\",\"name\":\"Blended Learning-Kurse gestalten - edubreak\u00aeACADEMY\",\"isPartOf\":{\"@id\":\"https:\/\/www.edubreak.de\/academy\/#website\"},\"primaryImageOfPage\":{\"@id\":\"https:\/\/www.edubreak.de\/academy\/produkt\/blended-learning\/#primaryimage\"},\"image\":{\"@id\":\"https:\/\/www.edubreak.de\/academy\/produkt\/blended-learning\/#primaryimage\"},\"thumbnailUrl\":\"https:\/\/i0.wp.com\/www.edubreak.de\/academy\/wp-content\/uploads\/2022\/11\/20240918-eb-Academy-Rebrand-Kurse-Blended-Learning-Kurse-gestalten.png?fit=544%2C528&ssl=1\",\"datePublished\":\"2022-11-17T08:21:28+00:00\",\"dateModified\":\"2025-10-15T09:49:53+00:00\",\"description\":\"edubreak\u00aeACADEMY Lerne mit dem Kurs \\\"Blended Learning-Kurse gestalten\\\", wie du deinen eigenen Blended Learning Kurs in edubreak\u00ae gestaltest.\",\"breadcrumb\":{\"@id\":\"https:\/\/www.edubreak.de\/academy\/produkt\/blended-learning\/#breadcrumb\"},\"inLanguage\":\"de\",\"potentialAction\":[{\"@type\":\"ReadAction\",\"target\":[\"https:\/\/www.edubreak.de\/academy\/produkt\/blended-learning\/\"]}]},{\"@type\":\"ImageObject\",\"inLanguage\":\"de\",\"@id\":\"https:\/\/www.edubreak.de\/academy\/produkt\/blended-learning\/#primaryimage\",\"url\":\"https:\/\/i0.wp.com\/www.edubreak.de\/academy\/wp-content\/uploads\/2022\/11\/20240918-eb-Academy-Rebrand-Kurse-Blended-Learning-Kurse-gestalten.png?fit=544%2C528&ssl=1\",\"contentUrl\":\"https:\/\/i0.wp.com\/www.edubreak.de\/academy\/wp-content\/uploads\/2022\/11\/20240918-eb-Academy-Rebrand-Kurse-Blended-Learning-Kurse-gestalten.png?fit=544%2C528&ssl=1\",\"width\":544,\"height\":528},{\"@type\":\"BreadcrumbList\",\"@id\":\"https:\/\/www.edubreak.de\/academy\/produkt\/blended-learning\/#breadcrumb\",\"itemListElement\":[{\"@type\":\"ListItem\",\"position\":1,\"name\":\"Home\",\"item\":\"https:\/\/www.edubreak.de\/academy\/\"},{\"@type\":\"ListItem\",\"position\":2,\"name\":\"Kurse\",\"item\":\"https:\/\/www.edubreak.de\/academy\/kurse-alt\/\"},{\"@type\":\"ListItem\",\"position\":3,\"name\":\"Blended Learning-Kurse gestalten\"}]},{\"@type\":\"WebSite\",\"@id\":\"https:\/\/www.edubreak.de\/academy\/#website\",\"url\":\"https:\/\/www.edubreak.de\/academy\/\",\"name\":\"edubreak\u00aeACADEMY\",\"description\":\"Schulungen und Weiterbildungen f\u00fcr Referierende und Community Manager:innen\",\"publisher\":{\"@id\":\"https:\/\/www.edubreak.de\/academy\/#organization\"},\"potentialAction\":[{\"@type\":\"SearchAction\",\"target\":{\"@type\":\"EntryPoint\",\"urlTemplate\":\"https:\/\/www.edubreak.de\/academy\/?s={search_term_string}\"},\"query-input\":{\"@type\":\"PropertyValueSpecification\",\"valueRequired\":true,\"valueName\":\"search_term_string\"}}],\"inLanguage\":\"de\"},{\"@type\":\"Organization\",\"@id\":\"https:\/\/www.edubreak.de\/academy\/#organization\",\"name\":\"edubreak\u00aeACADEMY\",\"url\":\"https:\/\/www.edubreak.de\/academy\/\",\"logo\":{\"@type\":\"ImageObject\",\"inLanguage\":\"de\",\"@id\":\"https:\/\/www.edubreak.de\/academy\/#\/schema\/logo\/image\/\",\"url\":\"https:\/\/i0.wp.com\/www.edubreak.de\/academy\/wp-content\/uploads\/2023\/09\/edubreak-academy-logo-standard.png?fit=1194%2C296&ssl=1\",\"contentUrl\":\"https:\/\/i0.wp.com\/www.edubreak.de\/academy\/wp-content\/uploads\/2023\/09\/edubreak-academy-logo-standard.png?fit=1194%2C296&ssl=1\",\"width\":1194,\"height\":296,\"caption\":\"edubreak\u00aeACADEMY\"},\"image\":{\"@id\":\"https:\/\/www.edubreak.de\/academy\/#\/schema\/logo\/image\/\"}}]}<\/script>\n<!-- \/ Yoast SEO plugin. -->","yoast_head_json":{"title":"Blended Learning-Kurse gestalten - edubreak\u00aeACADEMY","description":"edubreak\u00aeACADEMY Lerne mit dem Kurs \"Blended Learning-Kurse gestalten\", wie du deinen eigenen Blended Learning Kurs in edubreak\u00ae gestaltest.","robots":{"index":"index","follow":"follow","max-snippet":"max-snippet:-1","max-image-preview":"max-image-preview:large","max-video-preview":"max-video-preview:-1"},"canonical":"https:\/\/www.edubreak.de\/academy\/produkt\/blended-learning\/","og_locale":"de_DE","og_type":"article","og_title":"Blended Learning-Kurse gestalten - edubreak\u00aeACADEMY","og_description":"edubreak\u00aeACADEMY Lerne mit dem Kurs \"Blended Learning-Kurse gestalten\", wie du deinen eigenen Blended Learning Kurs in edubreak\u00ae gestaltest.","og_url":"https:\/\/www.edubreak.de\/academy\/produkt\/blended-learning\/","og_site_name":"edubreak\u00aeACADEMY","article_modified_time":"2025-10-15T09:49:53+00:00","og_image":[{"width":544,"height":528,"url":"https:\/\/www.edubreak.de\/academy\/wp-content\/uploads\/2022\/11\/20240918-eb-Academy-Rebrand-Kurse-Blended-Learning-Kurse-gestalten.png","type":"image\/png"}],"twitter_card":"summary_large_image","twitter_misc":{"Gesch\u00e4tzte Lesezeit":"2\u00a0Minuten"},"schema":{"@context":"https:\/\/schema.org","@graph":[{"@type":"WebPage","@id":"https:\/\/www.edubreak.de\/academy\/produkt\/blended-learning\/","url":"https:\/\/www.edubreak.de\/academy\/produkt\/blended-learning\/","name":"Blended Learning-Kurse gestalten - edubreak\u00aeACADEMY","isPartOf":{"@id":"https:\/\/www.edubreak.de\/academy\/#website"},"primaryImageOfPage":{"@id":"https:\/\/www.edubreak.de\/academy\/produkt\/blended-learning\/#primaryimage"},"image":{"@id":"https:\/\/www.edubreak.de\/academy\/produkt\/blended-learning\/#primaryimage"},"thumbnailUrl":"https:\/\/i0.wp.com\/www.edubreak.de\/academy\/wp-content\/uploads\/2022\/11\/20240918-eb-Academy-Rebrand-Kurse-Blended-Learning-Kurse-gestalten.png?fit=544%2C528&ssl=1","datePublished":"2022-11-17T08:21:28+00:00","dateModified":"2025-10-15T09:49:53+00:00","description":"edubreak\u00aeACADEMY Lerne mit dem Kurs \"Blended Learning-Kurse gestalten\", wie du deinen eigenen Blended Learning Kurs in edubreak\u00ae gestaltest.","breadcrumb":{"@id":"https:\/\/www.edubreak.de\/academy\/produkt\/blended-learning\/#breadcrumb"},"inLanguage":"de","potentialAction":[{"@type":"ReadAction","target":["https:\/\/www.edubreak.de\/academy\/produkt\/blended-learning\/"]}]},{"@type":"ImageObject","inLanguage":"de","@id":"https:\/\/www.edubreak.de\/academy\/produkt\/blended-learning\/#primaryimage","url":"https:\/\/i0.wp.com\/www.edubreak.de\/academy\/wp-content\/uploads\/2022\/11\/20240918-eb-Academy-Rebrand-Kurse-Blended-Learning-Kurse-gestalten.png?fit=544%2C528&ssl=1","contentUrl":"https:\/\/i0.wp.com\/www.edubreak.de\/academy\/wp-content\/uploads\/2022\/11\/20240918-eb-Academy-Rebrand-Kurse-Blended-Learning-Kurse-gestalten.png?fit=544%2C528&ssl=1","width":544,"height":528},{"@type":"BreadcrumbList","@id":"https:\/\/www.edubreak.de\/academy\/produkt\/blended-learning\/#breadcrumb","itemListElement":[{"@type":"ListItem","position":1,"name":"Home","item":"https:\/\/www.edubreak.de\/academy\/"},{"@type":"ListItem","position":2,"name":"Kurse","item":"https:\/\/www.edubreak.de\/academy\/kurse-alt\/"},{"@type":"ListItem","position":3,"name":"Blended Learning-Kurse gestalten"}]},{"@type":"WebSite","@id":"https:\/\/www.edubreak.de\/academy\/#website","url":"https:\/\/www.edubreak.de\/academy\/","name":"edubreak\u00aeACADEMY","description":"Schulungen und Weiterbildungen f\u00fcr Referierende und Community Manager:innen","publisher":{"@id":"https:\/\/www.edubreak.de\/academy\/#organization"},"potentialAction":[{"@type":"SearchAction","target":{"@type":"EntryPoint","urlTemplate":"https:\/\/www.edubreak.de\/academy\/?s={search_term_string}"},"query-input":{"@type":"PropertyValueSpecification","valueRequired":true,"valueName":"search_term_string"}}],"inLanguage":"de"},{"@type":"Organization","@id":"https:\/\/www.edubreak.de\/academy\/#organization","name":"edubreak\u00aeACADEMY","url":"https:\/\/www.edubreak.de\/academy\/","logo":{"@type":"ImageObject","inLanguage":"de","@id":"https:\/\/www.edubreak.de\/academy\/#\/schema\/logo\/image\/","url":"https:\/\/i0.wp.com\/www.edubreak.de\/academy\/wp-content\/uploads\/2023\/09\/edubreak-academy-logo-standard.png?fit=1194%2C296&ssl=1","contentUrl":"https:\/\/i0.wp.com\/www.edubreak.de\/academy\/wp-content\/uploads\/2023\/09\/edubreak-academy-logo-standard.png?fit=1194%2C296&ssl=1","width":1194,"height":296,"caption":"edubreak\u00aeACADEMY"},"image":{"@id":"https:\/\/www.edubreak.de\/academy\/#\/schema\/logo\/image\/"}}]}},"jetpack_sharing_enabled":true,"_links":{"self":[{"href":"https:\/\/www.edubreak.de\/academy\/wp-json\/wp\/v2\/product\/2965"}],"collection":[{"href":"https:\/\/www.edubreak.de\/academy\/wp-json\/wp\/v2\/product"}],"about":[{"href":"https:\/\/www.edubreak.de\/academy\/wp-json\/wp\/v2\/types\/product"}],"replies":[{"embeddable":true,"href":"https:\/\/www.edubreak.de\/academy\/wp-json\/wp\/v2\/comments?post=2965"}],"wp:featuredmedia":[{"embeddable":true,"href":"https:\/\/www.edubreak.de\/academy\/wp-json\/wp\/v2\/media\/5046"}],"wp:attachment":[{"href":"https:\/\/www.edubreak.de\/academy\/wp-json\/wp\/v2\/media?parent=2965"}],"wp:term":[{"taxonomy":"product_cat","embeddable":true,"href":"https:\/\/www.edubreak.de\/academy\/wp-json\/wp\/v2\/product_cat?post=2965"},{"taxonomy":"product_tag","embeddable":true,"href":"https:\/\/www.edubreak.de\/academy\/wp-json\/wp\/v2\/product_tag?post=2965"}],"curies":[{"name":"wp","href":"https:\/\/api.w.org\/{rel}","templated":true}]}}