{"id":2973,"date":"2022-11-17T09:19:47","date_gmt":"2022-11-17T09:19:47","guid":{"rendered":"https:\/\/www.edubreak.de\/academy\/?post_type=product&#038;p=2973"},"modified":"2025-10-15T09:49:39","modified_gmt":"2025-10-15T09:49:39","slug":"community","status":"publish","type":"product","link":"https:\/\/www.edubreak.de\/academy\/produkt\/community\/","title":{"rendered":"Dein Start mit der edubreak\u00aeCOMMUNITY"},"content":{"rendered":"<p><span style=\"font-weight: 400;\">\u201cDein Start mit der edubreak\u00aeCOMMUNITY\u201d bietet dir die optimale Grundlage, um deine Community zu einem\u00a0 Ort wirkungsvoller Verbandskommunikation zu machen, nachhaltig das Gemeinschaftsgef\u00fchl zu st\u00e4rken und die Zusammenarbeit zu verbessern. Lerne in diesem dreiw\u00f6chigem Kurs alles, was du f\u00fcr den Aufbau und die Aktivierung einer Community brauchst!\u00a0<\/span><\/p>\n<p><strong>An wen richtet sich der Kurs?<\/strong><\/p>\n<ul>\n<li style=\"font-weight: 400;\" aria-level=\"1\"><i><span style=\"font-weight: 400;\">Community Manager:innen<\/span><\/i><span style=\"font-weight: 400;\">, die eine lebendige Plattform f\u00fcr Wissenstransfer und Austausch schaffen m\u00f6chten.<\/span><\/li>\n<\/ul>\n<p><strong>Themenbereiche:<\/strong><\/p>\n<ul>\n<li style=\"font-weight: 400;\" aria-level=\"1\"><span style=\"font-weight: 400;\">Bedeutung &amp; Ziele einer Community<\/span><\/li>\n<li style=\"font-weight: 400;\" aria-level=\"1\"><span style=\"font-weight: 400;\">Die edubreak\u00aeCOMMUNITY<\/span><\/li>\n<li style=\"font-weight: 400;\" aria-level=\"1\"><span style=\"font-weight: 400;\">Aufgaben der Community Manager:innen<\/span><\/li>\n<li style=\"font-weight: 400;\" aria-level=\"1\"><span style=\"font-weight: 400;\">Identifikation von Stellschrauben zur Aktivierung der Mitglieder<\/span><\/li>\n<li style=\"font-weight: 400;\" aria-level=\"1\"><span style=\"font-weight: 400;\">F\u00f6rderung eines lebendigen Austausches in der Community\u00a0<\/span><\/li>\n<\/ul>\n<p><strong>Lernziele:<\/strong><\/p>\n<ul>\n<li style=\"font-weight: 400;\" aria-level=\"1\"><span style=\"font-weight: 400;\">Erarbeitung einer Strategie f\u00fcr die ersten Schritte<br \/>\n&gt; <\/span><span style=\"font-weight: 400;\">Definition von Aufgaben als Community Manager:in<br \/>\n<\/span><span style=\"font-weight: 400;\">&gt; Methodische Grundlagen f\u00fcr eine aktive Community<br \/>\n<\/span><span style=\"font-weight: 400;\">&gt; Identifikation von Stellschrauben f\u00fcr mehr Aktivit\u00e4t im eigenen Verband<\/span><\/li>\n<li style=\"font-weight: 400;\" aria-level=\"1\"><span style=\"font-weight: 400;\">Aneignung von Know-How \u00fcber die Chancen &amp; Potenziale von Online-Communities<\/span><\/li>\n<li style=\"font-weight: 400;\" aria-level=\"1\"><span style=\"font-weight: 400;\">Erarbeiten von Umsetzungsideen zur Aktivit\u00e4tssteigerung deiner Community<\/span><\/li>\n<li style=\"font-weight: 400;\" aria-level=\"1\"><span style=\"font-weight: 400;\">Mehrwerte von Social Video in der edubreak\u00aeCOMMUNITY<\/span><\/li>\n<\/ul>\n<p><span style=\"font-weight: 400;\">Arbeite \u00fcber drei Wochen mit synchronen und asynchronen Aufgaben, um dir so das n\u00f6tige Know-How f\u00fcr den Aufbau deiner Community anzueignen. Zus\u00e4tzlich finden drei 90-Min\u00fctige Online-Workshops statt, in denen wir euch Wissen und Inspiration f\u00fcr die erfolgreiche Umsetzung mit an die Hand geben. Eine optionale Online-Sprechstunde, in der du alle offen gebliebenen Fragen stellen kannst, rundet den Kurs ab.<\/span><\/p>\n<p><strong>Lerneinheiten<\/strong><span style=\"font-weight: 400;\"><strong>:<\/strong> 13<\/span><\/p>\n<p><strong>Dauer<\/strong><span style=\"font-weight: 400;\"><strong>:<\/strong> 3 Wochen<\/span><\/p>\n<p><strong>Online-Meetings<\/strong>:<\/p>\n<ul class=\"p-rich_text_list p-rich_text_list__bullet p-rich_text_list--nested\" data-stringify-type=\"unordered-list\" data-list-tree=\"true\" data-indent=\"1\" data-border=\"0\">\n<li data-stringify-indent=\"1\" data-stringify-border=\"0\">14.10.: 9:00-10:30 Uhr<\/li>\n<li data-stringify-indent=\"1\" data-stringify-border=\"0\">21.10.: 9:00-10:30 Uhr<\/li>\n<li data-stringify-indent=\"1\" data-stringify-border=\"0\">28.10.: 9:00-10:30 Uhr<\/li>\n<\/ul>\n<p><strong>Voraussetzungen<\/strong><span style=\"font-weight: 400;\"><strong>:<\/strong> F\u00fcr diesen Kurs sind keine Vorkenntnisse notwendig.<\/span><\/p>\n<p><span style=\"color: #000000;\"><strong>Hinweis:<\/strong> Wenn der gew\u00fcnschte Kurs bereits ausgebucht ist, Sie aber dennoch gerne daran teilnehmen m\u00f6chten, dann melden Sie sich gerne direkt bei uns via <a style=\"color: #000000;\" href=\"&#109;&#x61;&#105;&#x6c;&#116;&#x6f;&#58;&#x69;&#110;&#x66;&#111;&#x40;&#101;&#x64;&#117;&#x62;&#114;&#x65;&#97;&#x6b;&#45;&#x61;&#99;&#x61;&#100;&#x65;m&#x79;&#46;&#x64;e\">&#105;&#x6e;&#102;&#x6f;&#64;&#x65;d&#117;&#x62;&#114;&#x65;a&#x6b;-&#97;&#x63;&#97;&#x64;e&#x6d;y&#46;&#x64;&#101;<\/a><\/span><\/p>\n<hr \/>\n<p><img data-recalc-dims=\"1\" fetchpriority=\"high\" decoding=\"async\" class=\"alignnone wp-image-4004 size-full\" src=\"https:\/\/i0.wp.com\/edubreak-academy.de\/wp-content\/uploads\/2022\/11\/Academy-Ablaufpla\u0308ne-Dein-Start-mit-der-edubreak\u00aeCOMMUNITY-scaled.jpg?resize=1200%2C787&#038;ssl=1\" alt=\"\" width=\"1200\" height=\"787\" srcset=\"https:\/\/i0.wp.com\/www.edubreak.de\/academy\/wp-content\/uploads\/2022\/11\/Academy-Ablaufpla\u0308ne-Dein-Start-mit-der-edubreak\u00aeCOMMUNITY-scaled.jpg?w=2560&amp;ssl=1 2560w, https:\/\/i0.wp.com\/www.edubreak.de\/academy\/wp-content\/uploads\/2022\/11\/Academy-Ablaufpla\u0308ne-Dein-Start-mit-der-edubreak\u00aeCOMMUNITY-scaled.jpg?resize=300%2C197&amp;ssl=1 300w, https:\/\/i0.wp.com\/www.edubreak.de\/academy\/wp-content\/uploads\/2022\/11\/Academy-Ablaufpla\u0308ne-Dein-Start-mit-der-edubreak\u00aeCOMMUNITY-scaled.jpg?resize=1024%2C672&amp;ssl=1 1024w, https:\/\/i0.wp.com\/www.edubreak.de\/academy\/wp-content\/uploads\/2022\/11\/Academy-Ablaufpla\u0308ne-Dein-Start-mit-der-edubreak\u00aeCOMMUNITY-scaled.jpg?resize=768%2C504&amp;ssl=1 768w, https:\/\/i0.wp.com\/www.edubreak.de\/academy\/wp-content\/uploads\/2022\/11\/Academy-Ablaufpla\u0308ne-Dein-Start-mit-der-edubreak\u00aeCOMMUNITY-scaled.jpg?resize=1536%2C1007&amp;ssl=1 1536w, https:\/\/i0.wp.com\/www.edubreak.de\/academy\/wp-content\/uploads\/2022\/11\/Academy-Ablaufpla\u0308ne-Dein-Start-mit-der-edubreak\u00aeCOMMUNITY-scaled.jpg?resize=2048%2C1343&amp;ssl=1 2048w, https:\/\/i0.wp.com\/www.edubreak.de\/academy\/wp-content\/uploads\/2022\/11\/Academy-Ablaufpla\u0308ne-Dein-Start-mit-der-edubreak\u00aeCOMMUNITY-scaled.jpg?resize=600%2C393&amp;ssl=1 600w, https:\/\/i0.wp.com\/www.edubreak.de\/academy\/wp-content\/uploads\/2022\/11\/Academy-Ablaufpla\u0308ne-Dein-Start-mit-der-edubreak\u00aeCOMMUNITY-scaled.jpg?w=2400&amp;ssl=1 2400w\" sizes=\"(max-width: 1200px) 100vw, 1200px\" \/><\/p>\n","protected":false},"excerpt":{"rendered":"<p><span style=\"color: #2884b2;\">Lerne, wie du langfristig deine Community zu einem Ort des lebendigen Austauschs f\u00fchren kannst.<\/span><\/p>\n<p><span style=\"font-weight: 400; color: #2884b2;\">\ud83d\udc49 <strong>Du m\u00f6chtest den Kurs f\u00fcr deine Organisation buchen? <\/strong><\/span><span style=\"font-weight: 400; color: #2884b2;\">Dann sprich einfach deine Ansprechperson bei uns an oder melde dich \u00fcber <strong><a href=\"https:\/\/www.edubreak.de\/kontakt\/\" target=\"_blank\" rel=\"noopener\"><span style=\"color: #f35935;\">unsere Kontaktseite<\/span> <\/a><\/strong>bzw. per E-Mail an info&#64;edubreak&#46;de.<\/span><\/p>\n","protected":false},"featured_media":3860,"comment_status":"open","ping_status":"closed","template":"","meta":{"neve_meta_sidebar":"","neve_meta_container":"","neve_meta_enable_content_width":"off","neve_meta_content_width":70,"neve_meta_title_alignment":"","neve_meta_author_avatar":"","neve_post_elements_order":"","neve_meta_disable_header":"","neve_meta_disable_footer":"","neve_meta_disable_title":""},"product_cat":[15],"product_tag":[],"class_list":{"0":"post-2973","1":"product","2":"type-product","3":"status-publish","4":"has-post-thumbnail","6":"product_cat-kurse","8":"first","9":"instock","10":"taxable","11":"shipping-taxable","12":"purchasable","13":"product-type-simple"},"yoast_head":"<!-- This site is optimized with the Yoast SEO plugin v23.5 - https:\/\/yoast.com\/wordpress\/plugins\/seo\/ -->\n<title>Dein Start mit der edubreak\u00aeCOMMUNITY - edubreak\u00aeACADEMY<\/title>\n<meta name=\"description\" content=\"In diesem Kurs bekommst du alle Tools und Impulse an die Hand, die du ben\u00f6tigst, um eine Online-Community nachhaltig zu Leben zu erwecken.\" \/>\n<meta name=\"robots\" content=\"index, follow, max-snippet:-1, max-image-preview:large, max-video-preview:-1\" \/>\n<link rel=\"canonical\" href=\"https:\/\/www.edubreak.de\/academy\/produkt\/community\/\" \/>\n<meta property=\"og:locale\" content=\"de_DE\" \/>\n<meta property=\"og:type\" content=\"article\" \/>\n<meta property=\"og:title\" content=\"Dein Start mit der edubreak\u00aeCOMMUNITY - edubreak\u00aeACADEMY\" \/>\n<meta property=\"og:description\" content=\"In diesem Kurs bekommst du alle Tools und Impulse an die Hand, die du ben\u00f6tigst, um eine Online-Community nachhaltig zu Leben zu erwecken.\" \/>\n<meta property=\"og:url\" content=\"https:\/\/www.edubreak.de\/academy\/produkt\/community\/\" \/>\n<meta property=\"og:site_name\" content=\"edubreak\u00aeACADEMY\" \/>\n<meta property=\"article:modified_time\" content=\"2025-10-15T09:49:39+00:00\" \/>\n<meta property=\"og:image\" content=\"https:\/\/www.edubreak.de\/academy\/wp-content\/uploads\/2022\/11\/eb-Academy-Rebrand-Kurs-Community.png\" \/>\n\t<meta property=\"og:image:width\" content=\"544\" \/>\n\t<meta property=\"og:image:height\" content=\"528\" \/>\n\t<meta property=\"og:image:type\" content=\"image\/png\" \/>\n<meta name=\"twitter:card\" content=\"summary_large_image\" \/>\n<meta name=\"twitter:label1\" content=\"Gesch\u00e4tzte Lesezeit\" \/>\n\t<meta name=\"twitter:data1\" content=\"2\u00a0Minuten\" \/>\n<script type=\"application\/ld+json\" class=\"yoast-schema-graph\">{\"@context\":\"https:\/\/schema.org\",\"@graph\":[{\"@type\":\"WebPage\",\"@id\":\"https:\/\/www.edubreak.de\/academy\/produkt\/community\/\",\"url\":\"https:\/\/www.edubreak.de\/academy\/produkt\/community\/\",\"name\":\"Dein Start mit der edubreak\u00aeCOMMUNITY - edubreak\u00aeACADEMY\",\"isPartOf\":{\"@id\":\"https:\/\/www.edubreak.de\/academy\/#website\"},\"primaryImageOfPage\":{\"@id\":\"https:\/\/www.edubreak.de\/academy\/produkt\/community\/#primaryimage\"},\"image\":{\"@id\":\"https:\/\/www.edubreak.de\/academy\/produkt\/community\/#primaryimage\"},\"thumbnailUrl\":\"https:\/\/i0.wp.com\/www.edubreak.de\/academy\/wp-content\/uploads\/2022\/11\/eb-Academy-Rebrand-Kurs-Community.png?fit=544%2C528&ssl=1\",\"datePublished\":\"2022-11-17T09:19:47+00:00\",\"dateModified\":\"2025-10-15T09:49:39+00:00\",\"description\":\"In diesem Kurs bekommst du alle Tools und Impulse an die Hand, die du ben\u00f6tigst, um eine Online-Community nachhaltig zu Leben zu erwecken.\",\"breadcrumb\":{\"@id\":\"https:\/\/www.edubreak.de\/academy\/produkt\/community\/#breadcrumb\"},\"inLanguage\":\"de\",\"potentialAction\":[{\"@type\":\"ReadAction\",\"target\":[\"https:\/\/www.edubreak.de\/academy\/produkt\/community\/\"]}]},{\"@type\":\"ImageObject\",\"inLanguage\":\"de\",\"@id\":\"https:\/\/www.edubreak.de\/academy\/produkt\/community\/#primaryimage\",\"url\":\"https:\/\/i0.wp.com\/www.edubreak.de\/academy\/wp-content\/uploads\/2022\/11\/eb-Academy-Rebrand-Kurs-Community.png?fit=544%2C528&ssl=1\",\"contentUrl\":\"https:\/\/i0.wp.com\/www.edubreak.de\/academy\/wp-content\/uploads\/2022\/11\/eb-Academy-Rebrand-Kurs-Community.png?fit=544%2C528&ssl=1\",\"width\":544,\"height\":528,\"caption\":\"Dein Start mit der edubreak\u00aeCOMMUNITY\"},{\"@type\":\"BreadcrumbList\",\"@id\":\"https:\/\/www.edubreak.de\/academy\/produkt\/community\/#breadcrumb\",\"itemListElement\":[{\"@type\":\"ListItem\",\"position\":1,\"name\":\"Home\",\"item\":\"https:\/\/www.edubreak.de\/academy\/\"},{\"@type\":\"ListItem\",\"position\":2,\"name\":\"Kurse\",\"item\":\"https:\/\/www.edubreak.de\/academy\/kurse-alt\/\"},{\"@type\":\"ListItem\",\"position\":3,\"name\":\"Dein Start mit der edubreak\u00aeCOMMUNITY\"}]},{\"@type\":\"WebSite\",\"@id\":\"https:\/\/www.edubreak.de\/academy\/#website\",\"url\":\"https:\/\/www.edubreak.de\/academy\/\",\"name\":\"edubreak\u00aeACADEMY\",\"description\":\"Schulungen und Weiterbildungen f\u00fcr Referierende und Community Manager:innen\",\"publisher\":{\"@id\":\"https:\/\/www.edubreak.de\/academy\/#organization\"},\"potentialAction\":[{\"@type\":\"SearchAction\",\"target\":{\"@type\":\"EntryPoint\",\"urlTemplate\":\"https:\/\/www.edubreak.de\/academy\/?s={search_term_string}\"},\"query-input\":{\"@type\":\"PropertyValueSpecification\",\"valueRequired\":true,\"valueName\":\"search_term_string\"}}],\"inLanguage\":\"de\"},{\"@type\":\"Organization\",\"@id\":\"https:\/\/www.edubreak.de\/academy\/#organization\",\"name\":\"edubreak\u00aeACADEMY\",\"url\":\"https:\/\/www.edubreak.de\/academy\/\",\"logo\":{\"@type\":\"ImageObject\",\"inLanguage\":\"de\",\"@id\":\"https:\/\/www.edubreak.de\/academy\/#\/schema\/logo\/image\/\",\"url\":\"https:\/\/i0.wp.com\/www.edubreak.de\/academy\/wp-content\/uploads\/2023\/09\/edubreak-academy-logo-standard.png?fit=1194%2C296&ssl=1\",\"contentUrl\":\"https:\/\/i0.wp.com\/www.edubreak.de\/academy\/wp-content\/uploads\/2023\/09\/edubreak-academy-logo-standard.png?fit=1194%2C296&ssl=1\",\"width\":1194,\"height\":296,\"caption\":\"edubreak\u00aeACADEMY\"},\"image\":{\"@id\":\"https:\/\/www.edubreak.de\/academy\/#\/schema\/logo\/image\/\"}}]}<\/script>\n<!-- \/ Yoast SEO plugin. -->","yoast_head_json":{"title":"Dein Start mit der edubreak\u00aeCOMMUNITY - edubreak\u00aeACADEMY","description":"In diesem Kurs bekommst du alle Tools und Impulse an die Hand, die du ben\u00f6tigst, um eine Online-Community nachhaltig zu Leben zu erwecken.","robots":{"index":"index","follow":"follow","max-snippet":"max-snippet:-1","max-image-preview":"max-image-preview:large","max-video-preview":"max-video-preview:-1"},"canonical":"https:\/\/www.edubreak.de\/academy\/produkt\/community\/","og_locale":"de_DE","og_type":"article","og_title":"Dein Start mit der edubreak\u00aeCOMMUNITY - edubreak\u00aeACADEMY","og_description":"In diesem Kurs bekommst du alle Tools und Impulse an die Hand, die du ben\u00f6tigst, um eine Online-Community nachhaltig zu Leben zu erwecken.","og_url":"https:\/\/www.edubreak.de\/academy\/produkt\/community\/","og_site_name":"edubreak\u00aeACADEMY","article_modified_time":"2025-10-15T09:49:39+00:00","og_image":[{"width":544,"height":528,"url":"https:\/\/www.edubreak.de\/academy\/wp-content\/uploads\/2022\/11\/eb-Academy-Rebrand-Kurs-Community.png","type":"image\/png"}],"twitter_card":"summary_large_image","twitter_misc":{"Gesch\u00e4tzte Lesezeit":"2\u00a0Minuten"},"schema":{"@context":"https:\/\/schema.org","@graph":[{"@type":"WebPage","@id":"https:\/\/www.edubreak.de\/academy\/produkt\/community\/","url":"https:\/\/www.edubreak.de\/academy\/produkt\/community\/","name":"Dein Start mit der edubreak\u00aeCOMMUNITY - edubreak\u00aeACADEMY","isPartOf":{"@id":"https:\/\/www.edubreak.de\/academy\/#website"},"primaryImageOfPage":{"@id":"https:\/\/www.edubreak.de\/academy\/produkt\/community\/#primaryimage"},"image":{"@id":"https:\/\/www.edubreak.de\/academy\/produkt\/community\/#primaryimage"},"thumbnailUrl":"https:\/\/i0.wp.com\/www.edubreak.de\/academy\/wp-content\/uploads\/2022\/11\/eb-Academy-Rebrand-Kurs-Community.png?fit=544%2C528&ssl=1","datePublished":"2022-11-17T09:19:47+00:00","dateModified":"2025-10-15T09:49:39+00:00","description":"In diesem Kurs bekommst du alle Tools und Impulse an die Hand, die du ben\u00f6tigst, um eine Online-Community nachhaltig zu Leben zu erwecken.","breadcrumb":{"@id":"https:\/\/www.edubreak.de\/academy\/produkt\/community\/#breadcrumb"},"inLanguage":"de","potentialAction":[{"@type":"ReadAction","target":["https:\/\/www.edubreak.de\/academy\/produkt\/community\/"]}]},{"@type":"ImageObject","inLanguage":"de","@id":"https:\/\/www.edubreak.de\/academy\/produkt\/community\/#primaryimage","url":"https:\/\/i0.wp.com\/www.edubreak.de\/academy\/wp-content\/uploads\/2022\/11\/eb-Academy-Rebrand-Kurs-Community.png?fit=544%2C528&ssl=1","contentUrl":"https:\/\/i0.wp.com\/www.edubreak.de\/academy\/wp-content\/uploads\/2022\/11\/eb-Academy-Rebrand-Kurs-Community.png?fit=544%2C528&ssl=1","width":544,"height":528,"caption":"Dein Start mit der edubreak\u00aeCOMMUNITY"},{"@type":"BreadcrumbList","@id":"https:\/\/www.edubreak.de\/academy\/produkt\/community\/#breadcrumb","itemListElement":[{"@type":"ListItem","position":1,"name":"Home","item":"https:\/\/www.edubreak.de\/academy\/"},{"@type":"ListItem","position":2,"name":"Kurse","item":"https:\/\/www.edubreak.de\/academy\/kurse-alt\/"},{"@type":"ListItem","position":3,"name":"Dein Start mit der edubreak\u00aeCOMMUNITY"}]},{"@type":"WebSite","@id":"https:\/\/www.edubreak.de\/academy\/#website","url":"https:\/\/www.edubreak.de\/academy\/","name":"edubreak\u00aeACADEMY","description":"Schulungen und Weiterbildungen f\u00fcr Referierende und Community Manager:innen","publisher":{"@id":"https:\/\/www.edubreak.de\/academy\/#organization"},"potentialAction":[{"@type":"SearchAction","target":{"@type":"EntryPoint","urlTemplate":"https:\/\/www.edubreak.de\/academy\/?s={search_term_string}"},"query-input":{"@type":"PropertyValueSpecification","valueRequired":true,"valueName":"search_term_string"}}],"inLanguage":"de"},{"@type":"Organization","@id":"https:\/\/www.edubreak.de\/academy\/#organization","name":"edubreak\u00aeACADEMY","url":"https:\/\/www.edubreak.de\/academy\/","logo":{"@type":"ImageObject","inLanguage":"de","@id":"https:\/\/www.edubreak.de\/academy\/#\/schema\/logo\/image\/","url":"https:\/\/i0.wp.com\/www.edubreak.de\/academy\/wp-content\/uploads\/2023\/09\/edubreak-academy-logo-standard.png?fit=1194%2C296&ssl=1","contentUrl":"https:\/\/i0.wp.com\/www.edubreak.de\/academy\/wp-content\/uploads\/2023\/09\/edubreak-academy-logo-standard.png?fit=1194%2C296&ssl=1","width":1194,"height":296,"caption":"edubreak\u00aeACADEMY"},"image":{"@id":"https:\/\/www.edubreak.de\/academy\/#\/schema\/logo\/image\/"}}]}},"jetpack_sharing_enabled":true,"_links":{"self":[{"href":"https:\/\/www.edubreak.de\/academy\/wp-json\/wp\/v2\/product\/2973"}],"collection":[{"href":"https:\/\/www.edubreak.de\/academy\/wp-json\/wp\/v2\/product"}],"about":[{"href":"https:\/\/www.edubreak.de\/academy\/wp-json\/wp\/v2\/types\/product"}],"replies":[{"embeddable":true,"href":"https:\/\/www.edubreak.de\/academy\/wp-json\/wp\/v2\/comments?post=2973"}],"wp:featuredmedia":[{"embeddable":true,"href":"https:\/\/www.edubreak.de\/academy\/wp-json\/wp\/v2\/media\/3860"}],"wp:attachment":[{"href":"https:\/\/www.edubreak.de\/academy\/wp-json\/wp\/v2\/media?parent=2973"}],"wp:term":[{"taxonomy":"product_cat","embeddable":true,"href":"https:\/\/www.edubreak.de\/academy\/wp-json\/wp\/v2\/product_cat?post=2973"},{"taxonomy":"product_tag","embeddable":true,"href":"https:\/\/www.edubreak.de\/academy\/wp-json\/wp\/v2\/product_tag?post=2973"}],"curies":[{"name":"wp","href":"https:\/\/api.w.org\/{rel}","templated":true}]}}