{"id":3458,"date":"2023-06-27T14:31:38","date_gmt":"2023-06-27T14:31:38","guid":{"rendered":"https:\/\/www.edubreak.de\/academy\/?post_type=product&#038;p=3458"},"modified":"2025-10-15T09:49:08","modified_gmt":"2025-10-15T09:49:08","slug":"edubreak-feedback","status":"publish","type":"product","link":"https:\/\/www.edubreak.de\/academy\/produkt\/edubreak-feedback\/","title":{"rendered":"Videobasiertes Feedback geben"},"content":{"rendered":"<p><em><span style=\"font-weight: 400;\">\u201cLernen ist Beziehung.\u201d <\/span><\/em><\/p>\n<p><span style=\"font-weight: 400;\">Wenn Feedback erfolgreich sein soll, muss die Beziehungsebene stimmen. Lerne <\/span><span style=\"font-weight: 400;\">wie du in deinen Blended-Learning-Kursen in edubreak\u00ae\u00a0 Feedback gibst, das ankommt. In diesem partizipativen Blended Learning Kurs arbeitest du <\/span><span style=\"font-weight: 400;\">\u00fcber 2 Wochen <\/span><span style=\"font-weight: 400;\">mit synchronen und asynchronen Aufgaben. Der ganze Kurs findet online statt.<\/span><\/p>\n<p><span style=\"font-weight: 400;\"><strong>Lernziele<\/strong>:\u00a0<\/span><\/p>\n<ul>\n<li style=\"font-weight: 400;\" aria-level=\"1\"><span style=\"font-weight: 400;\">Kompetenz, die Ebene der Beziehung in Feedback-Situationen zu ber\u00fccksichtigen und erfolgreich zu gestalten<\/span><\/li>\n<li style=\"font-weight: 400;\" aria-level=\"1\"><span style=\"font-weight: 400;\">Know How \u00fcber die vielf\u00e4ltigen Feedback-M\u00f6glichkeiten in edubreak\u00ae<\/span><\/li>\n<li aria-level=\"1\">Wissen dar\u00fcber, welche Rolle das Selbstbild von Personen beim Feedback spielt<\/li>\n<\/ul>\n<p><strong>Zielgruppe:<\/strong> <span style=\"font-weight: 400;\">Nutzer:innen, die erste Erfahrungen als Referent:innen bei edubreak\u00ae gesammelt haben.<\/span><\/p>\n<p><strong>Voraussetzungen<\/strong>: <span style=\"font-weight: 400;\">F\u00fcr diesen Kurs sind Vorkenntnisse im Umgang mit der edubreak\u00ae Funktionsvielfalt notwendig.<\/span><\/p>\n<p><b>Lerneinheiten<\/b><span style=\"font-weight: 400;\">:\u00a0 10<\/span><\/p>\n<p><strong>Dauer<\/strong>: 2 Wochen<\/p>\n<p><span style=\"color: #000000;\"><strong>Hinweis:<\/strong> Wenn der gew\u00fcnschte Kurs bereits ausgebucht ist, Sie aber dennoch gerne daran teilnehmen m\u00f6chten, dann melden Sie sich gerne direkt bei uns via <a style=\"color: #000000;\" href=\"m&#97;&#x69;&#x6c;t&#111;&#58;&#x69;&#x6e;f&#111;&#x40;&#x65;d&#117;&#98;&#x72;&#x65;a&#107;&#x2d;&#x61;c&#97;&#100;&#x65;&#x6d;y&#46;&#x64;&#x65;\">&#105;&#x6e;&#102;&#x6f;&#64;&#x65;d&#x75;b&#x72;e&#97;&#x6b;&#45;&#x61;&#99;&#x61;&#100;&#x65;m&#x79;&#46;&#x64;e<\/a><\/span><\/p>\n<p>&nbsp;<\/p>\n","protected":false},"excerpt":{"rendered":"<p><span style=\"color: #2884b2;\">Lerne in diesem Kurs alles, was du f\u00fcr wirksames Feedback brauchst und wie du Feedback erfolgreich in dein Lernszenario einbaust!<\/span><\/p>\n<p><span style=\"font-weight: 400; color: #2884b2;\">\ud83d\udc49 <strong>Du m\u00f6chtest den Kurs f\u00fcr deine Organisation buchen? <\/strong><\/span><span style=\"font-weight: 400; color: #2884b2;\">Dann sprich einfach deine Ansprechperson bei uns an oder melde dich \u00fcber <strong><a href=\"https:\/\/www.edubreak.de\/kontakt\/\" target=\"_blank\" rel=\"noopener\"><span style=\"color: #f35935;\">unsere Kontaktseite<\/span> <\/a><\/strong>bzw. per E-Mail an &#105;&#x6e;&#102;&#x6f;&#64;&#x65;&#100;&#x75;&#98;&#x72;&#101;&#x61;&#107;&#x2e;&#100;&#x65;.<\/span><\/p>\n","protected":false},"featured_media":5057,"comment_status":"open","ping_status":"closed","template":"","meta":{"neve_meta_sidebar":"","neve_meta_container":"","neve_meta_enable_content_width":"off","neve_meta_content_width":70,"neve_meta_title_alignment":"","neve_meta_author_avatar":"","neve_post_elements_order":"","neve_meta_disable_header":"","neve_meta_disable_footer":"","neve_meta_disable_title":""},"product_cat":[15],"product_tag":[163,162],"class_list":{"0":"post-3458","1":"product","2":"type-product","3":"status-publish","4":"has-post-thumbnail","6":"product_cat-kurse","7":"product_tag-edubreak","8":"product_tag-feedback","10":"first","11":"instock","12":"taxable","13":"shipping-taxable","14":"purchasable","15":"product-type-simple"},"yoast_head":"<!-- This site is optimized with the Yoast SEO plugin v23.5 - https:\/\/yoast.com\/wordpress\/plugins\/seo\/ -->\n<title>Videobasiertes Feedback geben - edubreak\u00aeACADEMY<\/title>\n<meta name=\"description\" content=\"Lerne wie du in deinen Blended-Learning-Kursen in Feedback gibst, das ankommt.\" \/>\n<meta name=\"robots\" content=\"index, follow, max-snippet:-1, max-image-preview:large, max-video-preview:-1\" \/>\n<link rel=\"canonical\" href=\"https:\/\/www.edubreak.de\/academy\/produkt\/edubreak-feedback\/\" \/>\n<meta property=\"og:locale\" content=\"de_DE\" \/>\n<meta property=\"og:type\" content=\"article\" \/>\n<meta property=\"og:title\" content=\"Videobasiertes Feedback geben - edubreak\u00aeACADEMY\" \/>\n<meta property=\"og:description\" content=\"Lerne wie du in deinen Blended-Learning-Kursen in Feedback gibst, das ankommt.\" \/>\n<meta property=\"og:url\" content=\"https:\/\/www.edubreak.de\/academy\/produkt\/edubreak-feedback\/\" \/>\n<meta property=\"og:site_name\" content=\"edubreak\u00aeACADEMY\" \/>\n<meta property=\"article:modified_time\" content=\"2025-10-15T09:49:08+00:00\" \/>\n<meta property=\"og:image\" content=\"https:\/\/www.edubreak.de\/academy\/wp-content\/uploads\/2023\/06\/eb-Academy-Rebrand-Kurs-Feedback-1.png\" \/>\n\t<meta property=\"og:image:width\" content=\"544\" \/>\n\t<meta property=\"og:image:height\" content=\"528\" \/>\n\t<meta property=\"og:image:type\" content=\"image\/png\" \/>\n<meta name=\"twitter:card\" content=\"summary_large_image\" \/>\n<meta name=\"twitter:label1\" content=\"Gesch\u00e4tzte Lesezeit\" \/>\n\t<meta name=\"twitter:data1\" content=\"1\u00a0Minute\" \/>\n<script type=\"application\/ld+json\" class=\"yoast-schema-graph\">{\"@context\":\"https:\/\/schema.org\",\"@graph\":[{\"@type\":\"WebPage\",\"@id\":\"https:\/\/www.edubreak.de\/academy\/produkt\/edubreak-feedback\/\",\"url\":\"https:\/\/www.edubreak.de\/academy\/produkt\/edubreak-feedback\/\",\"name\":\"Videobasiertes Feedback geben - edubreak\u00aeACADEMY\",\"isPartOf\":{\"@id\":\"https:\/\/www.edubreak.de\/academy\/#website\"},\"primaryImageOfPage\":{\"@id\":\"https:\/\/www.edubreak.de\/academy\/produkt\/edubreak-feedback\/#primaryimage\"},\"image\":{\"@id\":\"https:\/\/www.edubreak.de\/academy\/produkt\/edubreak-feedback\/#primaryimage\"},\"thumbnailUrl\":\"https:\/\/i0.wp.com\/www.edubreak.de\/academy\/wp-content\/uploads\/2023\/06\/eb-Academy-Rebrand-Kurs-Feedback-1.png?fit=544%2C528&ssl=1\",\"datePublished\":\"2023-06-27T14:31:38+00:00\",\"dateModified\":\"2025-10-15T09:49:08+00:00\",\"description\":\"Lerne wie du in deinen Blended-Learning-Kursen in Feedback gibst, das ankommt.\",\"breadcrumb\":{\"@id\":\"https:\/\/www.edubreak.de\/academy\/produkt\/edubreak-feedback\/#breadcrumb\"},\"inLanguage\":\"de\",\"potentialAction\":[{\"@type\":\"ReadAction\",\"target\":[\"https:\/\/www.edubreak.de\/academy\/produkt\/edubreak-feedback\/\"]}]},{\"@type\":\"ImageObject\",\"inLanguage\":\"de\",\"@id\":\"https:\/\/www.edubreak.de\/academy\/produkt\/edubreak-feedback\/#primaryimage\",\"url\":\"https:\/\/i0.wp.com\/www.edubreak.de\/academy\/wp-content\/uploads\/2023\/06\/eb-Academy-Rebrand-Kurs-Feedback-1.png?fit=544%2C528&ssl=1\",\"contentUrl\":\"https:\/\/i0.wp.com\/www.edubreak.de\/academy\/wp-content\/uploads\/2023\/06\/eb-Academy-Rebrand-Kurs-Feedback-1.png?fit=544%2C528&ssl=1\",\"width\":544,\"height\":528},{\"@type\":\"BreadcrumbList\",\"@id\":\"https:\/\/www.edubreak.de\/academy\/produkt\/edubreak-feedback\/#breadcrumb\",\"itemListElement\":[{\"@type\":\"ListItem\",\"position\":1,\"name\":\"Home\",\"item\":\"https:\/\/www.edubreak.de\/academy\/\"},{\"@type\":\"ListItem\",\"position\":2,\"name\":\"Kurse\",\"item\":\"https:\/\/www.edubreak.de\/academy\/kurse-alt\/\"},{\"@type\":\"ListItem\",\"position\":3,\"name\":\"Videobasiertes Feedback geben\"}]},{\"@type\":\"WebSite\",\"@id\":\"https:\/\/www.edubreak.de\/academy\/#website\",\"url\":\"https:\/\/www.edubreak.de\/academy\/\",\"name\":\"edubreak\u00aeACADEMY\",\"description\":\"Schulungen und Weiterbildungen f\u00fcr Referierende und Community Manager:innen\",\"publisher\":{\"@id\":\"https:\/\/www.edubreak.de\/academy\/#organization\"},\"potentialAction\":[{\"@type\":\"SearchAction\",\"target\":{\"@type\":\"EntryPoint\",\"urlTemplate\":\"https:\/\/www.edubreak.de\/academy\/?s={search_term_string}\"},\"query-input\":{\"@type\":\"PropertyValueSpecification\",\"valueRequired\":true,\"valueName\":\"search_term_string\"}}],\"inLanguage\":\"de\"},{\"@type\":\"Organization\",\"@id\":\"https:\/\/www.edubreak.de\/academy\/#organization\",\"name\":\"edubreak\u00aeACADEMY\",\"url\":\"https:\/\/www.edubreak.de\/academy\/\",\"logo\":{\"@type\":\"ImageObject\",\"inLanguage\":\"de\",\"@id\":\"https:\/\/www.edubreak.de\/academy\/#\/schema\/logo\/image\/\",\"url\":\"https:\/\/i0.wp.com\/www.edubreak.de\/academy\/wp-content\/uploads\/2023\/09\/edubreak-academy-logo-standard.png?fit=1194%2C296&ssl=1\",\"contentUrl\":\"https:\/\/i0.wp.com\/www.edubreak.de\/academy\/wp-content\/uploads\/2023\/09\/edubreak-academy-logo-standard.png?fit=1194%2C296&ssl=1\",\"width\":1194,\"height\":296,\"caption\":\"edubreak\u00aeACADEMY\"},\"image\":{\"@id\":\"https:\/\/www.edubreak.de\/academy\/#\/schema\/logo\/image\/\"}}]}<\/script>\n<!-- \/ Yoast SEO plugin. -->","yoast_head_json":{"title":"Videobasiertes Feedback geben - edubreak\u00aeACADEMY","description":"Lerne wie du in deinen Blended-Learning-Kursen in Feedback gibst, das ankommt.","robots":{"index":"index","follow":"follow","max-snippet":"max-snippet:-1","max-image-preview":"max-image-preview:large","max-video-preview":"max-video-preview:-1"},"canonical":"https:\/\/www.edubreak.de\/academy\/produkt\/edubreak-feedback\/","og_locale":"de_DE","og_type":"article","og_title":"Videobasiertes Feedback geben - edubreak\u00aeACADEMY","og_description":"Lerne wie du in deinen Blended-Learning-Kursen in Feedback gibst, das ankommt.","og_url":"https:\/\/www.edubreak.de\/academy\/produkt\/edubreak-feedback\/","og_site_name":"edubreak\u00aeACADEMY","article_modified_time":"2025-10-15T09:49:08+00:00","og_image":[{"width":544,"height":528,"url":"https:\/\/www.edubreak.de\/academy\/wp-content\/uploads\/2023\/06\/eb-Academy-Rebrand-Kurs-Feedback-1.png","type":"image\/png"}],"twitter_card":"summary_large_image","twitter_misc":{"Gesch\u00e4tzte Lesezeit":"1\u00a0Minute"},"schema":{"@context":"https:\/\/schema.org","@graph":[{"@type":"WebPage","@id":"https:\/\/www.edubreak.de\/academy\/produkt\/edubreak-feedback\/","url":"https:\/\/www.edubreak.de\/academy\/produkt\/edubreak-feedback\/","name":"Videobasiertes Feedback geben - edubreak\u00aeACADEMY","isPartOf":{"@id":"https:\/\/www.edubreak.de\/academy\/#website"},"primaryImageOfPage":{"@id":"https:\/\/www.edubreak.de\/academy\/produkt\/edubreak-feedback\/#primaryimage"},"image":{"@id":"https:\/\/www.edubreak.de\/academy\/produkt\/edubreak-feedback\/#primaryimage"},"thumbnailUrl":"https:\/\/i0.wp.com\/www.edubreak.de\/academy\/wp-content\/uploads\/2023\/06\/eb-Academy-Rebrand-Kurs-Feedback-1.png?fit=544%2C528&ssl=1","datePublished":"2023-06-27T14:31:38+00:00","dateModified":"2025-10-15T09:49:08+00:00","description":"Lerne wie du in deinen Blended-Learning-Kursen in Feedback gibst, das ankommt.","breadcrumb":{"@id":"https:\/\/www.edubreak.de\/academy\/produkt\/edubreak-feedback\/#breadcrumb"},"inLanguage":"de","potentialAction":[{"@type":"ReadAction","target":["https:\/\/www.edubreak.de\/academy\/produkt\/edubreak-feedback\/"]}]},{"@type":"ImageObject","inLanguage":"de","@id":"https:\/\/www.edubreak.de\/academy\/produkt\/edubreak-feedback\/#primaryimage","url":"https:\/\/i0.wp.com\/www.edubreak.de\/academy\/wp-content\/uploads\/2023\/06\/eb-Academy-Rebrand-Kurs-Feedback-1.png?fit=544%2C528&ssl=1","contentUrl":"https:\/\/i0.wp.com\/www.edubreak.de\/academy\/wp-content\/uploads\/2023\/06\/eb-Academy-Rebrand-Kurs-Feedback-1.png?fit=544%2C528&ssl=1","width":544,"height":528},{"@type":"BreadcrumbList","@id":"https:\/\/www.edubreak.de\/academy\/produkt\/edubreak-feedback\/#breadcrumb","itemListElement":[{"@type":"ListItem","position":1,"name":"Home","item":"https:\/\/www.edubreak.de\/academy\/"},{"@type":"ListItem","position":2,"name":"Kurse","item":"https:\/\/www.edubreak.de\/academy\/kurse-alt\/"},{"@type":"ListItem","position":3,"name":"Videobasiertes Feedback geben"}]},{"@type":"WebSite","@id":"https:\/\/www.edubreak.de\/academy\/#website","url":"https:\/\/www.edubreak.de\/academy\/","name":"edubreak\u00aeACADEMY","description":"Schulungen und Weiterbildungen f\u00fcr Referierende und Community Manager:innen","publisher":{"@id":"https:\/\/www.edubreak.de\/academy\/#organization"},"potentialAction":[{"@type":"SearchAction","target":{"@type":"EntryPoint","urlTemplate":"https:\/\/www.edubreak.de\/academy\/?s={search_term_string}"},"query-input":{"@type":"PropertyValueSpecification","valueRequired":true,"valueName":"search_term_string"}}],"inLanguage":"de"},{"@type":"Organization","@id":"https:\/\/www.edubreak.de\/academy\/#organization","name":"edubreak\u00aeACADEMY","url":"https:\/\/www.edubreak.de\/academy\/","logo":{"@type":"ImageObject","inLanguage":"de","@id":"https:\/\/www.edubreak.de\/academy\/#\/schema\/logo\/image\/","url":"https:\/\/i0.wp.com\/www.edubreak.de\/academy\/wp-content\/uploads\/2023\/09\/edubreak-academy-logo-standard.png?fit=1194%2C296&ssl=1","contentUrl":"https:\/\/i0.wp.com\/www.edubreak.de\/academy\/wp-content\/uploads\/2023\/09\/edubreak-academy-logo-standard.png?fit=1194%2C296&ssl=1","width":1194,"height":296,"caption":"edubreak\u00aeACADEMY"},"image":{"@id":"https:\/\/www.edubreak.de\/academy\/#\/schema\/logo\/image\/"}}]}},"jetpack_sharing_enabled":true,"_links":{"self":[{"href":"https:\/\/www.edubreak.de\/academy\/wp-json\/wp\/v2\/product\/3458"}],"collection":[{"href":"https:\/\/www.edubreak.de\/academy\/wp-json\/wp\/v2\/product"}],"about":[{"href":"https:\/\/www.edubreak.de\/academy\/wp-json\/wp\/v2\/types\/product"}],"replies":[{"embeddable":true,"href":"https:\/\/www.edubreak.de\/academy\/wp-json\/wp\/v2\/comments?post=3458"}],"wp:featuredmedia":[{"embeddable":true,"href":"https:\/\/www.edubreak.de\/academy\/wp-json\/wp\/v2\/media\/5057"}],"wp:attachment":[{"href":"https:\/\/www.edubreak.de\/academy\/wp-json\/wp\/v2\/media?parent=3458"}],"wp:term":[{"taxonomy":"product_cat","embeddable":true,"href":"https:\/\/www.edubreak.de\/academy\/wp-json\/wp\/v2\/product_cat?post=3458"},{"taxonomy":"product_tag","embeddable":true,"href":"https:\/\/www.edubreak.de\/academy\/wp-json\/wp\/v2\/product_tag?post=3458"}],"curies":[{"name":"wp","href":"https:\/\/api.w.org\/{rel}","templated":true}]}}