{"id":3579,"date":"2023-07-06T14:45:59","date_gmt":"2023-07-06T14:45:59","guid":{"rendered":"https:\/\/www.edubreak.de\/academy\/?post_type=product&#038;p=3579"},"modified":"2025-10-15T09:48:56","modified_gmt":"2025-10-15T09:48:56","slug":"kombi-paket-1","status":"publish","type":"product","link":"https:\/\/www.edubreak.de\/academy\/produkt\/kombi-paket-1\/","title":{"rendered":"Kombi-Paket: edubreak\u00ae Werkzeuge richtig anwenden &#038; Blended Learning Kurse gestalten"},"content":{"rendered":"<p>Mit der Kombination erh\u00e4ltst du zum einen das technische Know How an die Hand, um das Beste aus den Tools von edubreak\u00ae herauszuholen und zum anderen eine umfassende Einf\u00fchrung\u00a0 in die Erstellung und Gestaltung eines hochwertigen Blended-Learning Kurses.<\/p>\n<h1>Was dich erwartet<\/h1>\n<p><!--more--><\/p>\n<p>&nbsp;<\/p>\n<h2 style=\"text-align: left;\"><strong>1.edubreak\u00ae Werkzeuge richtig anwenden<\/strong><\/h2>\n<p>Mit diesem 5-t\u00e4gigen Kurs wirst du auf die Nutzung des edubreak\u00aeCAMPUS vorbereitet und lernst die Funktionsvielfalt von edubreak\u00ae f\u00fcr deinem n\u00e4chsten Blended Learning-Kurs kennen. Egal ob zum Einstieg oder nach fortgeschrittener Nutzung, in diesem Kurs wirst du auf die professionelle Nutzung der Tools vorbereitet, um das volle Potential des edubreak\u00aeCAMPUS f\u00fcr dein Einsatzszenario auszusch\u00f6pfen!<\/p>\n<p><strong>Inhalte<\/strong>:<\/p>\n<ul class=\"list\">\n<li>Orientierung auf der Online-Lernumgebung<\/li>\n<li>Was ist Social Video Learning?<\/li>\n<li>Umgang mit verschiedenen Lern- und Kollaborationsinstrumenten, u.a.\n<ul class=\"list\">\n<li>edubreak\u00ae<em>match<\/em><\/li>\n<li>Funktionen des interaktiven Videoplayers<\/li>\n<li>Feedback in edubreak\u00ae<\/li>\n<li>Aufgabenerstellung<\/li>\n<\/ul>\n<\/li>\n<li>Kurseinstellungen &amp;\u00a0Mitgliederverwaltung<\/li>\n<li>Reflexion<\/li>\n<\/ul>\n<p><b>Lerneinheiten<\/b>:\u00a0 5<\/p>\n<p><strong>Dauer<\/strong>: 5 Tage<\/p>\n<p>&nbsp;<\/p>\n<h2 style=\"text-align: left;\"><strong>2. Blended Learning Kurse gestalten<\/strong><\/h2>\n<p>Dieser 6-w\u00f6chige Kurs ist so konzipiert, dass die Teilnehmenden am Ende \u00fcber das notwendige Wissen und die F\u00e4higkeiten verf\u00fcgen, um hochwertige Blended Learning-Kurse in edubreak\u00ae zu erstellen. Arbeite \u00fcber die Kursdauer mit synchronen und asynchronen Aufgaben, um dir so das n\u00f6tige Wissen f\u00fcr deinen n\u00e4chsten Kurs anzueignen. Der ganze Kurs findet online statt.<\/p>\n<p><strong>Lernziele<\/strong>:<\/p>\n<ul>\n<li aria-level=\"1\">Design und Umsetzung einer wirkungsvollen, kompetenzorientierten Blended Learning-Kurse in edubreak\u00ae<\/li>\n<li aria-level=\"1\">Anwendung der bew\u00e4hrten Methodik &#8222;Social Video Learning&#8220; in den eigenen Lernumgebung<\/li>\n<li aria-level=\"1\">Know-How, um auch Referent:innen bei der Erstellung von Blended Learning-Veranstaltungen zu unterst\u00fctzen<\/li>\n<li aria-level=\"1\">Kompetenzerwerb, um Bildung in der eigenen Organisation voranzutreiben<\/li>\n<\/ul>\n<p><b>Lerneinheiten<\/b>:\u00a0 3-4 LE pro Woche, 20 LE insgesamt<\/p>\n<p><strong>Dauer<\/strong>: 6 Wochen<\/p>\n<p>Starte jetzt durch mit dem<strong> Kombi-Paket: edubreak\u00ae Werkzeuge richtig anwenden &amp; Blended Learning-Kurse gestalten<\/strong>!<\/p>\n","protected":false},"excerpt":{"rendered":"<p><span style=\"color: #2884b2;\">Sichere dir beide Kurse f\u00fcr die beste technische als auch didaktische Vorbereitung auf deinen n\u00e4chsten Kurs mit edubreak\u00ae und spare dabei 10% im Kombinationspreis.<\/span><\/p>\n<p><span style=\"font-weight: 400; color: #2884b2;\">\ud83d\udc49 <strong>Du m\u00f6chtest den Kurs f\u00fcr deine Organisation buchen? <\/strong><\/span><span style=\"font-weight: 400; color: #2884b2;\">Dann sprich einfach deine Ansprechperson bei uns an oder melde dich \u00fcber <strong><a href=\"https:\/\/www.edubreak.de\/kontakt\/\" target=\"_blank\" rel=\"noopener\"><span style=\"color: #f35935;\">unsere Kontaktseite<\/span> <\/a><\/strong>bzw. per E-Mail an &#x69;n&#x66;&#111;&#64;&#x65;&#100;&#x75;&#98;r&#x65;&#97;&#x6b;&#46;d&#x65;.<\/span><\/p>\n","protected":false},"featured_media":5054,"comment_status":"open","ping_status":"closed","template":"","meta":{"neve_meta_sidebar":"","neve_meta_container":"","neve_meta_enable_content_width":"off","neve_meta_content_width":70,"neve_meta_title_alignment":"","neve_meta_author_avatar":"","neve_post_elements_order":"","neve_meta_disable_header":"","neve_meta_disable_footer":"","neve_meta_disable_title":""},"product_cat":[15],"product_tag":[],"class_list":{"0":"post-3579","1":"product","2":"type-product","3":"status-publish","4":"has-post-thumbnail","6":"product_cat-kurse","8":"first","9":"instock","10":"sale","11":"virtual","12":"taxable","13":"purchasable","14":"product-type-simple"},"yoast_head":"<!-- This site is optimized with the Yoast SEO plugin v23.5 - https:\/\/yoast.com\/wordpress\/plugins\/seo\/ -->\n<title>Das Kombipaket f\u00fcr den perfekten Start in edubreak\u00ae<\/title>\n<meta name=\"description\" content=\"Mit der Kombination erh\u00e4ltst du zum einen das technische Know How an die Hand, um das Beste aus den Tools von edubreak\u00ae herauszuholen und zum anderen eine umfassende Einf\u00fchrung\u00a0 in die Erstellung und Gestaltung eines hochwertigen Blended-Learning Kurses.\u00a0\" \/>\n<meta name=\"robots\" content=\"index, follow, max-snippet:-1, max-image-preview:large, max-video-preview:-1\" \/>\n<link rel=\"canonical\" href=\"https:\/\/www.edubreak.de\/academy\/produkt\/kombi-paket-1\/\" \/>\n<meta property=\"og:locale\" content=\"de_DE\" \/>\n<meta property=\"og:type\" content=\"article\" \/>\n<meta property=\"og:title\" content=\"Das Kombipaket f\u00fcr den perfekten Start in edubreak\u00ae\" \/>\n<meta property=\"og:description\" content=\"Mit der Kombination erh\u00e4ltst du zum einen das technische Know How an die Hand, um das Beste aus den Tools von edubreak\u00ae herauszuholen und zum anderen eine umfassende Einf\u00fchrung\u00a0 in die Erstellung und Gestaltung eines hochwertigen Blended-Learning Kurses.\u00a0\" \/>\n<meta property=\"og:url\" content=\"https:\/\/www.edubreak.de\/academy\/produkt\/kombi-paket-1\/\" \/>\n<meta property=\"og:site_name\" content=\"edubreak\u00aeACADEMY\" \/>\n<meta property=\"article:modified_time\" content=\"2025-10-15T09:48:56+00:00\" \/>\n<meta property=\"og:image\" content=\"https:\/\/www.edubreak.de\/academy\/wp-content\/uploads\/2023\/07\/eb-Academy-Rebrand-Kurse-kombi.png\" \/>\n\t<meta property=\"og:image:width\" content=\"544\" \/>\n\t<meta property=\"og:image:height\" content=\"528\" \/>\n\t<meta property=\"og:image:type\" content=\"image\/png\" \/>\n<meta name=\"twitter:card\" content=\"summary_large_image\" \/>\n<meta name=\"twitter:label1\" content=\"Gesch\u00e4tzte Lesezeit\" \/>\n\t<meta name=\"twitter:data1\" content=\"2\u00a0Minuten\" \/>\n<script type=\"application\/ld+json\" class=\"yoast-schema-graph\">{\"@context\":\"https:\/\/schema.org\",\"@graph\":[{\"@type\":\"WebPage\",\"@id\":\"https:\/\/www.edubreak.de\/academy\/produkt\/kombi-paket-1\/\",\"url\":\"https:\/\/www.edubreak.de\/academy\/produkt\/kombi-paket-1\/\",\"name\":\"Das Kombipaket f\u00fcr den perfekten Start in edubreak\u00ae\",\"isPartOf\":{\"@id\":\"https:\/\/www.edubreak.de\/academy\/#website\"},\"primaryImageOfPage\":{\"@id\":\"https:\/\/www.edubreak.de\/academy\/produkt\/kombi-paket-1\/#primaryimage\"},\"image\":{\"@id\":\"https:\/\/www.edubreak.de\/academy\/produkt\/kombi-paket-1\/#primaryimage\"},\"thumbnailUrl\":\"https:\/\/i0.wp.com\/www.edubreak.de\/academy\/wp-content\/uploads\/2023\/07\/eb-Academy-Rebrand-Kurse-kombi.png?fit=544%2C528&ssl=1\",\"datePublished\":\"2023-07-06T14:45:59+00:00\",\"dateModified\":\"2025-10-15T09:48:56+00:00\",\"description\":\"Mit der Kombination erh\u00e4ltst du zum einen das technische Know How an die Hand, um das Beste aus den Tools von edubreak\u00ae herauszuholen und zum anderen eine umfassende Einf\u00fchrung\u00a0 in die Erstellung und Gestaltung eines hochwertigen Blended-Learning Kurses.\u00a0\",\"breadcrumb\":{\"@id\":\"https:\/\/www.edubreak.de\/academy\/produkt\/kombi-paket-1\/#breadcrumb\"},\"inLanguage\":\"de\",\"potentialAction\":[{\"@type\":\"ReadAction\",\"target\":[\"https:\/\/www.edubreak.de\/academy\/produkt\/kombi-paket-1\/\"]}]},{\"@type\":\"ImageObject\",\"inLanguage\":\"de\",\"@id\":\"https:\/\/www.edubreak.de\/academy\/produkt\/kombi-paket-1\/#primaryimage\",\"url\":\"https:\/\/i0.wp.com\/www.edubreak.de\/academy\/wp-content\/uploads\/2023\/07\/eb-Academy-Rebrand-Kurse-kombi.png?fit=544%2C528&ssl=1\",\"contentUrl\":\"https:\/\/i0.wp.com\/www.edubreak.de\/academy\/wp-content\/uploads\/2023\/07\/eb-Academy-Rebrand-Kurse-kombi.png?fit=544%2C528&ssl=1\",\"width\":544,\"height\":528},{\"@type\":\"BreadcrumbList\",\"@id\":\"https:\/\/www.edubreak.de\/academy\/produkt\/kombi-paket-1\/#breadcrumb\",\"itemListElement\":[{\"@type\":\"ListItem\",\"position\":1,\"name\":\"Home\",\"item\":\"https:\/\/www.edubreak.de\/academy\/\"},{\"@type\":\"ListItem\",\"position\":2,\"name\":\"Kurse\",\"item\":\"https:\/\/www.edubreak.de\/academy\/kurse-alt\/\"},{\"@type\":\"ListItem\",\"position\":3,\"name\":\"Kombi-Paket: edubreak\u00ae Werkzeuge richtig anwenden &#038; Blended Learning Kurse gestalten\"}]},{\"@type\":\"WebSite\",\"@id\":\"https:\/\/www.edubreak.de\/academy\/#website\",\"url\":\"https:\/\/www.edubreak.de\/academy\/\",\"name\":\"edubreak\u00aeACADEMY\",\"description\":\"Schulungen und Weiterbildungen f\u00fcr Referierende und Community Manager:innen\",\"publisher\":{\"@id\":\"https:\/\/www.edubreak.de\/academy\/#organization\"},\"potentialAction\":[{\"@type\":\"SearchAction\",\"target\":{\"@type\":\"EntryPoint\",\"urlTemplate\":\"https:\/\/www.edubreak.de\/academy\/?s={search_term_string}\"},\"query-input\":{\"@type\":\"PropertyValueSpecification\",\"valueRequired\":true,\"valueName\":\"search_term_string\"}}],\"inLanguage\":\"de\"},{\"@type\":\"Organization\",\"@id\":\"https:\/\/www.edubreak.de\/academy\/#organization\",\"name\":\"edubreak\u00aeACADEMY\",\"url\":\"https:\/\/www.edubreak.de\/academy\/\",\"logo\":{\"@type\":\"ImageObject\",\"inLanguage\":\"de\",\"@id\":\"https:\/\/www.edubreak.de\/academy\/#\/schema\/logo\/image\/\",\"url\":\"https:\/\/i0.wp.com\/www.edubreak.de\/academy\/wp-content\/uploads\/2023\/09\/edubreak-academy-logo-standard.png?fit=1194%2C296&ssl=1\",\"contentUrl\":\"https:\/\/i0.wp.com\/www.edubreak.de\/academy\/wp-content\/uploads\/2023\/09\/edubreak-academy-logo-standard.png?fit=1194%2C296&ssl=1\",\"width\":1194,\"height\":296,\"caption\":\"edubreak\u00aeACADEMY\"},\"image\":{\"@id\":\"https:\/\/www.edubreak.de\/academy\/#\/schema\/logo\/image\/\"}}]}<\/script>\n<!-- \/ Yoast SEO plugin. -->","yoast_head_json":{"title":"Das Kombipaket f\u00fcr den perfekten Start in edubreak\u00ae","description":"Mit der Kombination erh\u00e4ltst du zum einen das technische Know How an die Hand, um das Beste aus den Tools von edubreak\u00ae herauszuholen und zum anderen eine umfassende Einf\u00fchrung\u00a0 in die Erstellung und Gestaltung eines hochwertigen Blended-Learning Kurses.\u00a0","robots":{"index":"index","follow":"follow","max-snippet":"max-snippet:-1","max-image-preview":"max-image-preview:large","max-video-preview":"max-video-preview:-1"},"canonical":"https:\/\/www.edubreak.de\/academy\/produkt\/kombi-paket-1\/","og_locale":"de_DE","og_type":"article","og_title":"Das Kombipaket f\u00fcr den perfekten Start in edubreak\u00ae","og_description":"Mit der Kombination erh\u00e4ltst du zum einen das technische Know How an die Hand, um das Beste aus den Tools von edubreak\u00ae herauszuholen und zum anderen eine umfassende Einf\u00fchrung\u00a0 in die Erstellung und Gestaltung eines hochwertigen Blended-Learning Kurses.\u00a0","og_url":"https:\/\/www.edubreak.de\/academy\/produkt\/kombi-paket-1\/","og_site_name":"edubreak\u00aeACADEMY","article_modified_time":"2025-10-15T09:48:56+00:00","og_image":[{"width":544,"height":528,"url":"https:\/\/www.edubreak.de\/academy\/wp-content\/uploads\/2023\/07\/eb-Academy-Rebrand-Kurse-kombi.png","type":"image\/png"}],"twitter_card":"summary_large_image","twitter_misc":{"Gesch\u00e4tzte Lesezeit":"2\u00a0Minuten"},"schema":{"@context":"https:\/\/schema.org","@graph":[{"@type":"WebPage","@id":"https:\/\/www.edubreak.de\/academy\/produkt\/kombi-paket-1\/","url":"https:\/\/www.edubreak.de\/academy\/produkt\/kombi-paket-1\/","name":"Das Kombipaket f\u00fcr den perfekten Start in edubreak\u00ae","isPartOf":{"@id":"https:\/\/www.edubreak.de\/academy\/#website"},"primaryImageOfPage":{"@id":"https:\/\/www.edubreak.de\/academy\/produkt\/kombi-paket-1\/#primaryimage"},"image":{"@id":"https:\/\/www.edubreak.de\/academy\/produkt\/kombi-paket-1\/#primaryimage"},"thumbnailUrl":"https:\/\/i0.wp.com\/www.edubreak.de\/academy\/wp-content\/uploads\/2023\/07\/eb-Academy-Rebrand-Kurse-kombi.png?fit=544%2C528&ssl=1","datePublished":"2023-07-06T14:45:59+00:00","dateModified":"2025-10-15T09:48:56+00:00","description":"Mit der Kombination erh\u00e4ltst du zum einen das technische Know How an die Hand, um das Beste aus den Tools von edubreak\u00ae herauszuholen und zum anderen eine umfassende Einf\u00fchrung\u00a0 in die Erstellung und Gestaltung eines hochwertigen Blended-Learning Kurses.\u00a0","breadcrumb":{"@id":"https:\/\/www.edubreak.de\/academy\/produkt\/kombi-paket-1\/#breadcrumb"},"inLanguage":"de","potentialAction":[{"@type":"ReadAction","target":["https:\/\/www.edubreak.de\/academy\/produkt\/kombi-paket-1\/"]}]},{"@type":"ImageObject","inLanguage":"de","@id":"https:\/\/www.edubreak.de\/academy\/produkt\/kombi-paket-1\/#primaryimage","url":"https:\/\/i0.wp.com\/www.edubreak.de\/academy\/wp-content\/uploads\/2023\/07\/eb-Academy-Rebrand-Kurse-kombi.png?fit=544%2C528&ssl=1","contentUrl":"https:\/\/i0.wp.com\/www.edubreak.de\/academy\/wp-content\/uploads\/2023\/07\/eb-Academy-Rebrand-Kurse-kombi.png?fit=544%2C528&ssl=1","width":544,"height":528},{"@type":"BreadcrumbList","@id":"https:\/\/www.edubreak.de\/academy\/produkt\/kombi-paket-1\/#breadcrumb","itemListElement":[{"@type":"ListItem","position":1,"name":"Home","item":"https:\/\/www.edubreak.de\/academy\/"},{"@type":"ListItem","position":2,"name":"Kurse","item":"https:\/\/www.edubreak.de\/academy\/kurse-alt\/"},{"@type":"ListItem","position":3,"name":"Kombi-Paket: edubreak\u00ae Werkzeuge richtig anwenden &#038; Blended Learning Kurse gestalten"}]},{"@type":"WebSite","@id":"https:\/\/www.edubreak.de\/academy\/#website","url":"https:\/\/www.edubreak.de\/academy\/","name":"edubreak\u00aeACADEMY","description":"Schulungen und Weiterbildungen f\u00fcr Referierende und Community Manager:innen","publisher":{"@id":"https:\/\/www.edubreak.de\/academy\/#organization"},"potentialAction":[{"@type":"SearchAction","target":{"@type":"EntryPoint","urlTemplate":"https:\/\/www.edubreak.de\/academy\/?s={search_term_string}"},"query-input":{"@type":"PropertyValueSpecification","valueRequired":true,"valueName":"search_term_string"}}],"inLanguage":"de"},{"@type":"Organization","@id":"https:\/\/www.edubreak.de\/academy\/#organization","name":"edubreak\u00aeACADEMY","url":"https:\/\/www.edubreak.de\/academy\/","logo":{"@type":"ImageObject","inLanguage":"de","@id":"https:\/\/www.edubreak.de\/academy\/#\/schema\/logo\/image\/","url":"https:\/\/i0.wp.com\/www.edubreak.de\/academy\/wp-content\/uploads\/2023\/09\/edubreak-academy-logo-standard.png?fit=1194%2C296&ssl=1","contentUrl":"https:\/\/i0.wp.com\/www.edubreak.de\/academy\/wp-content\/uploads\/2023\/09\/edubreak-academy-logo-standard.png?fit=1194%2C296&ssl=1","width":1194,"height":296,"caption":"edubreak\u00aeACADEMY"},"image":{"@id":"https:\/\/www.edubreak.de\/academy\/#\/schema\/logo\/image\/"}}]}},"jetpack_sharing_enabled":true,"_links":{"self":[{"href":"https:\/\/www.edubreak.de\/academy\/wp-json\/wp\/v2\/product\/3579"}],"collection":[{"href":"https:\/\/www.edubreak.de\/academy\/wp-json\/wp\/v2\/product"}],"about":[{"href":"https:\/\/www.edubreak.de\/academy\/wp-json\/wp\/v2\/types\/product"}],"replies":[{"embeddable":true,"href":"https:\/\/www.edubreak.de\/academy\/wp-json\/wp\/v2\/comments?post=3579"}],"wp:featuredmedia":[{"embeddable":true,"href":"https:\/\/www.edubreak.de\/academy\/wp-json\/wp\/v2\/media\/5054"}],"wp:attachment":[{"href":"https:\/\/www.edubreak.de\/academy\/wp-json\/wp\/v2\/media?parent=3579"}],"wp:term":[{"taxonomy":"product_cat","embeddable":true,"href":"https:\/\/www.edubreak.de\/academy\/wp-json\/wp\/v2\/product_cat?post=3579"},{"taxonomy":"product_tag","embeddable":true,"href":"https:\/\/www.edubreak.de\/academy\/wp-json\/wp\/v2\/product_tag?post=3579"}],"curies":[{"name":"wp","href":"https:\/\/api.w.org\/{rel}","templated":true}]}}