{"id":3682,"date":"2023-07-12T09:27:14","date_gmt":"2023-07-12T09:27:14","guid":{"rendered":"https:\/\/www.edubreak.de\/academy\/?post_type=product&#038;p=3682"},"modified":"2025-10-15T09:48:33","modified_gmt":"2025-10-15T09:48:33","slug":"interactive-video-suite-fuer-referierende","status":"publish","type":"product","link":"https:\/\/www.edubreak.de\/academy\/produkt\/interactive-video-suite-fuer-referierende\/","title":{"rendered":"Interactive Video Suite f\u00fcr Referierende"},"content":{"rendered":"<p><strong><span style=\"font-weight: 400;\">\u201cInteractive Video Suite f\u00fcr Referierende\u201d erm\u00f6glicht dir die Funktionsvielfalt der <a href=\"https:\/\/interactive-video-suite.de\/de\/startseite\">IVS<\/a> kennenzulernen und mit eigenen Fallbeispielen zu arbeiten. Der Kurs bietet dir vielseitige Inspiration f\u00fcr den erfolgreichen Einsatz von Social Video Learning mit der IVS in deinem n\u00e4chsten Moodle-Kurs. Damit umfasst die Schulung sowohl das Ausprobieren und Erlernen der technischen M\u00f6glichkeiten von Social Video Learning mit der IVS, als auch die Auseinandersetzung mit authentischen Fallbeispielen aus Mitschnitten aller Teilnehmenden.\u00a0<\/span><\/strong><\/p>\n<p><strong>An wen richtet sich der Kurs?<\/strong><\/p>\n<ul>\n<li style=\"font-weight: 400;\" aria-level=\"1\"><span style=\"font-weight: 400;\">Referierende<\/span><span style=\"font-weight: 400;\">, die die Funktionensvielfalt des <a href=\"https:\/\/moodle.org\/plugins\/mod_ivs\">Moodle Plug-Ins Interactive Video Suite<\/a> kennenlernen m\u00f6chten<\/span><\/li>\n<\/ul>\n<p><strong>Themenbereiche:<\/strong><\/p>\n<ul>\n<li style=\"font-weight: 400;\" aria-level=\"1\"><span style=\"font-weight: 400;\">Social Video Learning mit der IVS<\/span><\/li>\n<li style=\"font-weight: 400;\" aria-level=\"1\"><span style=\"font-weight: 400;\">Wie macht gute Aufgaben aus?<\/span><\/li>\n<li style=\"font-weight: 400;\" aria-level=\"1\"><span style=\"font-weight: 400;\">Wie funktioniert die Arbeit mit eigenen Fallbeispielen?<\/span><\/li>\n<li style=\"font-weight: 400;\" aria-level=\"1\"><span style=\"font-weight: 400;\">Anwendung der integrierten Tools in der IVS\u00a0<\/span>\n<ul>\n<li style=\"font-weight: 400;\" aria-level=\"2\"><span style=\"font-weight: 400;\">Video-Editor<\/span><\/li>\n<li style=\"font-weight: 400;\" aria-level=\"2\"><span style=\"font-weight: 400;\">In-Video-Fragen<\/span><\/li>\n<li style=\"font-weight: 400;\" aria-level=\"2\"><span style=\"font-weight: 400;\">Interaktive Hotspots\u00a0<\/span><\/li>\n<\/ul>\n<\/li>\n<li style=\"font-weight: 400;\" aria-level=\"1\"><span style=\"font-weight: 400;\">Reflexion<\/span><\/li>\n<\/ul>\n<p><strong>Ablauf: <\/strong><span style=\"font-weight: 400;\">F\u00fcr eine erfolgreiche Teilnahme w\u00e4hrend des vierw\u00f6chigen Kurses in unserer Moodle-Umgebung, empfehlen wir w\u00f6chentlich 2-3 Stunden Zeit einzuplanen. Es erwarten dich sowohl asynchrone Arbeitsphasen, in denen du selbst\u00e4ndig in deinem Tempo an Aufgaben arbeitest, als auch synchrone Onlinephasen.<\/span><\/p>\n<p><span style=\"font-weight: 400;\"><strong>Lerneinheiten<\/strong>: <\/span><span style=\"font-weight: 400;\">13\u00a0 LE<\/span><\/p>\n<p><span style=\"font-weight: 400;\"><strong>Dauer<\/strong>:<\/span><span style=\"font-weight: 400;\"> 4 Wochen<\/span><\/p>\n<p><strong>Hinweis<\/strong>: Dieser Kurs lehrt den Umgang mit- und Einsatz von dem IVS Plug-In und stellt keine allgemeine Moodle Schulung dar.<\/p>\n","protected":false},"excerpt":{"rendered":"<p><span style=\"font-weight: 400; color: #2884b2;\">In diesem Kurs wirst du auf die professionelle Nutzung des Moodle Plugins Interactive Video Suite vorbereitet und lernst, wie du Social Video Learning in deinem n\u00e4chsten Moodle-Kurs einsetzt!<\/span><\/p>\n<p><span style=\"font-weight: 400; color: #2884b2;\">\ud83d\udc49 <strong>Du m\u00f6chtest den Kurs f\u00fcr deine Organisation buchen? <\/strong><\/span><span style=\"font-weight: 400; color: #2884b2;\">Dann sprich einfach deine Ansprechperson bei uns an oder melde dich \u00fcber <strong><a href=\"https:\/\/www.edubreak.de\/kontakt\/\" target=\"_blank\" rel=\"noopener\"><span style=\"color: #f35935;\">unsere Kontaktseite<\/span> <\/a><\/strong>bzw. per E-Mail an i&#110;&#x66;&#x6f;&#64;&#101;&#x64;&#x75;b&#114;&#x65;&#x61;k&#46;&#x64;&#x65;.<\/span><\/p>\n","protected":false},"featured_media":3858,"comment_status":"open","ping_status":"closed","template":"","meta":{"neve_meta_sidebar":"","neve_meta_container":"","neve_meta_enable_content_width":"off","neve_meta_content_width":70,"neve_meta_title_alignment":"","neve_meta_author_avatar":"","neve_post_elements_order":"","neve_meta_disable_header":"","neve_meta_disable_footer":"","neve_meta_disable_title":""},"product_cat":[15],"product_tag":[],"class_list":{"0":"post-3682","1":"product","2":"type-product","3":"status-publish","4":"has-post-thumbnail","6":"product_cat-kurse","8":"first","9":"instock","10":"taxable","11":"shipping-taxable","12":"purchasable","13":"product-type-simple"},"yoast_head":"<!-- This site is optimized with the Yoast SEO plugin v23.5 - https:\/\/yoast.com\/wordpress\/plugins\/seo\/ -->\n<title>Interactive Video Suite f\u00fcr Referierende - edubreak\u00aeACADEMY<\/title>\n<meta name=\"description\" content=\"Lerne die Funktionen des Moodle Plugins &quot;Interactive Video Suite&quot; kennen und wie du Social Video Learning in deine Kurse integrierst.\" \/>\n<meta name=\"robots\" content=\"index, follow, max-snippet:-1, max-image-preview:large, max-video-preview:-1\" \/>\n<link rel=\"canonical\" href=\"https:\/\/www.edubreak.de\/academy\/produkt\/interactive-video-suite-fuer-referierende\/\" \/>\n<meta property=\"og:locale\" content=\"de_DE\" \/>\n<meta property=\"og:type\" content=\"article\" \/>\n<meta property=\"og:title\" content=\"Interactive Video Suite f\u00fcr Referierende - edubreak\u00aeACADEMY\" \/>\n<meta property=\"og:description\" content=\"Lerne die Funktionen des Moodle Plugins &quot;Interactive Video Suite&quot; kennen und wie du Social Video Learning in deine Kurse integrierst.\" \/>\n<meta property=\"og:url\" content=\"https:\/\/www.edubreak.de\/academy\/produkt\/interactive-video-suite-fuer-referierende\/\" \/>\n<meta property=\"og:site_name\" content=\"edubreak\u00aeACADEMY\" \/>\n<meta property=\"article:modified_time\" content=\"2025-10-15T09:48:33+00:00\" \/>\n<meta property=\"og:image\" content=\"https:\/\/www.edubreak.de\/academy\/wp-content\/uploads\/2023\/07\/eb-Academy-Rebrand-Kurs-IVS.png\" \/>\n\t<meta property=\"og:image:width\" content=\"544\" \/>\n\t<meta property=\"og:image:height\" content=\"528\" \/>\n\t<meta property=\"og:image:type\" content=\"image\/png\" \/>\n<meta name=\"twitter:card\" content=\"summary_large_image\" \/>\n<meta name=\"twitter:label1\" content=\"Gesch\u00e4tzte Lesezeit\" \/>\n\t<meta name=\"twitter:data1\" content=\"2\u00a0Minuten\" \/>\n<script type=\"application\/ld+json\" class=\"yoast-schema-graph\">{\"@context\":\"https:\/\/schema.org\",\"@graph\":[{\"@type\":\"WebPage\",\"@id\":\"https:\/\/www.edubreak.de\/academy\/produkt\/interactive-video-suite-fuer-referierende\/\",\"url\":\"https:\/\/www.edubreak.de\/academy\/produkt\/interactive-video-suite-fuer-referierende\/\",\"name\":\"Interactive Video Suite f\u00fcr Referierende - edubreak\u00aeACADEMY\",\"isPartOf\":{\"@id\":\"https:\/\/www.edubreak.de\/academy\/#website\"},\"primaryImageOfPage\":{\"@id\":\"https:\/\/www.edubreak.de\/academy\/produkt\/interactive-video-suite-fuer-referierende\/#primaryimage\"},\"image\":{\"@id\":\"https:\/\/www.edubreak.de\/academy\/produkt\/interactive-video-suite-fuer-referierende\/#primaryimage\"},\"thumbnailUrl\":\"https:\/\/i0.wp.com\/www.edubreak.de\/academy\/wp-content\/uploads\/2023\/07\/eb-Academy-Rebrand-Kurs-IVS.png?fit=544%2C528&ssl=1\",\"datePublished\":\"2023-07-12T09:27:14+00:00\",\"dateModified\":\"2025-10-15T09:48:33+00:00\",\"description\":\"Lerne die Funktionen des Moodle Plugins \\\"Interactive Video Suite\\\" kennen und wie du Social Video Learning in deine Kurse integrierst.\",\"breadcrumb\":{\"@id\":\"https:\/\/www.edubreak.de\/academy\/produkt\/interactive-video-suite-fuer-referierende\/#breadcrumb\"},\"inLanguage\":\"de\",\"potentialAction\":[{\"@type\":\"ReadAction\",\"target\":[\"https:\/\/www.edubreak.de\/academy\/produkt\/interactive-video-suite-fuer-referierende\/\"]}]},{\"@type\":\"ImageObject\",\"inLanguage\":\"de\",\"@id\":\"https:\/\/www.edubreak.de\/academy\/produkt\/interactive-video-suite-fuer-referierende\/#primaryimage\",\"url\":\"https:\/\/i0.wp.com\/www.edubreak.de\/academy\/wp-content\/uploads\/2023\/07\/eb-Academy-Rebrand-Kurs-IVS.png?fit=544%2C528&ssl=1\",\"contentUrl\":\"https:\/\/i0.wp.com\/www.edubreak.de\/academy\/wp-content\/uploads\/2023\/07\/eb-Academy-Rebrand-Kurs-IVS.png?fit=544%2C528&ssl=1\",\"width\":544,\"height\":528,\"caption\":\"Interactive Video Suite f\u00fcr Referierende\"},{\"@type\":\"BreadcrumbList\",\"@id\":\"https:\/\/www.edubreak.de\/academy\/produkt\/interactive-video-suite-fuer-referierende\/#breadcrumb\",\"itemListElement\":[{\"@type\":\"ListItem\",\"position\":1,\"name\":\"Home\",\"item\":\"https:\/\/www.edubreak.de\/academy\/\"},{\"@type\":\"ListItem\",\"position\":2,\"name\":\"Kurse\",\"item\":\"https:\/\/www.edubreak.de\/academy\/kurse-alt\/\"},{\"@type\":\"ListItem\",\"position\":3,\"name\":\"Interactive Video Suite f\u00fcr Referierende\"}]},{\"@type\":\"WebSite\",\"@id\":\"https:\/\/www.edubreak.de\/academy\/#website\",\"url\":\"https:\/\/www.edubreak.de\/academy\/\",\"name\":\"edubreak\u00aeACADEMY\",\"description\":\"Schulungen und Weiterbildungen f\u00fcr Referierende und Community Manager:innen\",\"publisher\":{\"@id\":\"https:\/\/www.edubreak.de\/academy\/#organization\"},\"potentialAction\":[{\"@type\":\"SearchAction\",\"target\":{\"@type\":\"EntryPoint\",\"urlTemplate\":\"https:\/\/www.edubreak.de\/academy\/?s={search_term_string}\"},\"query-input\":{\"@type\":\"PropertyValueSpecification\",\"valueRequired\":true,\"valueName\":\"search_term_string\"}}],\"inLanguage\":\"de\"},{\"@type\":\"Organization\",\"@id\":\"https:\/\/www.edubreak.de\/academy\/#organization\",\"name\":\"edubreak\u00aeACADEMY\",\"url\":\"https:\/\/www.edubreak.de\/academy\/\",\"logo\":{\"@type\":\"ImageObject\",\"inLanguage\":\"de\",\"@id\":\"https:\/\/www.edubreak.de\/academy\/#\/schema\/logo\/image\/\",\"url\":\"https:\/\/i0.wp.com\/www.edubreak.de\/academy\/wp-content\/uploads\/2023\/09\/edubreak-academy-logo-standard.png?fit=1194%2C296&ssl=1\",\"contentUrl\":\"https:\/\/i0.wp.com\/www.edubreak.de\/academy\/wp-content\/uploads\/2023\/09\/edubreak-academy-logo-standard.png?fit=1194%2C296&ssl=1\",\"width\":1194,\"height\":296,\"caption\":\"edubreak\u00aeACADEMY\"},\"image\":{\"@id\":\"https:\/\/www.edubreak.de\/academy\/#\/schema\/logo\/image\/\"}}]}<\/script>\n<!-- \/ Yoast SEO plugin. -->","yoast_head_json":{"title":"Interactive Video Suite f\u00fcr Referierende - edubreak\u00aeACADEMY","description":"Lerne die Funktionen des Moodle Plugins \"Interactive Video Suite\" kennen und wie du Social Video Learning in deine Kurse integrierst.","robots":{"index":"index","follow":"follow","max-snippet":"max-snippet:-1","max-image-preview":"max-image-preview:large","max-video-preview":"max-video-preview:-1"},"canonical":"https:\/\/www.edubreak.de\/academy\/produkt\/interactive-video-suite-fuer-referierende\/","og_locale":"de_DE","og_type":"article","og_title":"Interactive Video Suite f\u00fcr Referierende - edubreak\u00aeACADEMY","og_description":"Lerne die Funktionen des Moodle Plugins \"Interactive Video Suite\" kennen und wie du Social Video Learning in deine Kurse integrierst.","og_url":"https:\/\/www.edubreak.de\/academy\/produkt\/interactive-video-suite-fuer-referierende\/","og_site_name":"edubreak\u00aeACADEMY","article_modified_time":"2025-10-15T09:48:33+00:00","og_image":[{"width":544,"height":528,"url":"https:\/\/www.edubreak.de\/academy\/wp-content\/uploads\/2023\/07\/eb-Academy-Rebrand-Kurs-IVS.png","type":"image\/png"}],"twitter_card":"summary_large_image","twitter_misc":{"Gesch\u00e4tzte Lesezeit":"2\u00a0Minuten"},"schema":{"@context":"https:\/\/schema.org","@graph":[{"@type":"WebPage","@id":"https:\/\/www.edubreak.de\/academy\/produkt\/interactive-video-suite-fuer-referierende\/","url":"https:\/\/www.edubreak.de\/academy\/produkt\/interactive-video-suite-fuer-referierende\/","name":"Interactive Video Suite f\u00fcr Referierende - edubreak\u00aeACADEMY","isPartOf":{"@id":"https:\/\/www.edubreak.de\/academy\/#website"},"primaryImageOfPage":{"@id":"https:\/\/www.edubreak.de\/academy\/produkt\/interactive-video-suite-fuer-referierende\/#primaryimage"},"image":{"@id":"https:\/\/www.edubreak.de\/academy\/produkt\/interactive-video-suite-fuer-referierende\/#primaryimage"},"thumbnailUrl":"https:\/\/i0.wp.com\/www.edubreak.de\/academy\/wp-content\/uploads\/2023\/07\/eb-Academy-Rebrand-Kurs-IVS.png?fit=544%2C528&ssl=1","datePublished":"2023-07-12T09:27:14+00:00","dateModified":"2025-10-15T09:48:33+00:00","description":"Lerne die Funktionen des Moodle Plugins \"Interactive Video Suite\" kennen und wie du Social Video Learning in deine Kurse integrierst.","breadcrumb":{"@id":"https:\/\/www.edubreak.de\/academy\/produkt\/interactive-video-suite-fuer-referierende\/#breadcrumb"},"inLanguage":"de","potentialAction":[{"@type":"ReadAction","target":["https:\/\/www.edubreak.de\/academy\/produkt\/interactive-video-suite-fuer-referierende\/"]}]},{"@type":"ImageObject","inLanguage":"de","@id":"https:\/\/www.edubreak.de\/academy\/produkt\/interactive-video-suite-fuer-referierende\/#primaryimage","url":"https:\/\/i0.wp.com\/www.edubreak.de\/academy\/wp-content\/uploads\/2023\/07\/eb-Academy-Rebrand-Kurs-IVS.png?fit=544%2C528&ssl=1","contentUrl":"https:\/\/i0.wp.com\/www.edubreak.de\/academy\/wp-content\/uploads\/2023\/07\/eb-Academy-Rebrand-Kurs-IVS.png?fit=544%2C528&ssl=1","width":544,"height":528,"caption":"Interactive Video Suite f\u00fcr Referierende"},{"@type":"BreadcrumbList","@id":"https:\/\/www.edubreak.de\/academy\/produkt\/interactive-video-suite-fuer-referierende\/#breadcrumb","itemListElement":[{"@type":"ListItem","position":1,"name":"Home","item":"https:\/\/www.edubreak.de\/academy\/"},{"@type":"ListItem","position":2,"name":"Kurse","item":"https:\/\/www.edubreak.de\/academy\/kurse-alt\/"},{"@type":"ListItem","position":3,"name":"Interactive Video Suite f\u00fcr Referierende"}]},{"@type":"WebSite","@id":"https:\/\/www.edubreak.de\/academy\/#website","url":"https:\/\/www.edubreak.de\/academy\/","name":"edubreak\u00aeACADEMY","description":"Schulungen und Weiterbildungen f\u00fcr Referierende und Community Manager:innen","publisher":{"@id":"https:\/\/www.edubreak.de\/academy\/#organization"},"potentialAction":[{"@type":"SearchAction","target":{"@type":"EntryPoint","urlTemplate":"https:\/\/www.edubreak.de\/academy\/?s={search_term_string}"},"query-input":{"@type":"PropertyValueSpecification","valueRequired":true,"valueName":"search_term_string"}}],"inLanguage":"de"},{"@type":"Organization","@id":"https:\/\/www.edubreak.de\/academy\/#organization","name":"edubreak\u00aeACADEMY","url":"https:\/\/www.edubreak.de\/academy\/","logo":{"@type":"ImageObject","inLanguage":"de","@id":"https:\/\/www.edubreak.de\/academy\/#\/schema\/logo\/image\/","url":"https:\/\/i0.wp.com\/www.edubreak.de\/academy\/wp-content\/uploads\/2023\/09\/edubreak-academy-logo-standard.png?fit=1194%2C296&ssl=1","contentUrl":"https:\/\/i0.wp.com\/www.edubreak.de\/academy\/wp-content\/uploads\/2023\/09\/edubreak-academy-logo-standard.png?fit=1194%2C296&ssl=1","width":1194,"height":296,"caption":"edubreak\u00aeACADEMY"},"image":{"@id":"https:\/\/www.edubreak.de\/academy\/#\/schema\/logo\/image\/"}}]}},"jetpack_sharing_enabled":true,"_links":{"self":[{"href":"https:\/\/www.edubreak.de\/academy\/wp-json\/wp\/v2\/product\/3682"}],"collection":[{"href":"https:\/\/www.edubreak.de\/academy\/wp-json\/wp\/v2\/product"}],"about":[{"href":"https:\/\/www.edubreak.de\/academy\/wp-json\/wp\/v2\/types\/product"}],"replies":[{"embeddable":true,"href":"https:\/\/www.edubreak.de\/academy\/wp-json\/wp\/v2\/comments?post=3682"}],"wp:featuredmedia":[{"embeddable":true,"href":"https:\/\/www.edubreak.de\/academy\/wp-json\/wp\/v2\/media\/3858"}],"wp:attachment":[{"href":"https:\/\/www.edubreak.de\/academy\/wp-json\/wp\/v2\/media?parent=3682"}],"wp:term":[{"taxonomy":"product_cat","embeddable":true,"href":"https:\/\/www.edubreak.de\/academy\/wp-json\/wp\/v2\/product_cat?post=3682"},{"taxonomy":"product_tag","embeddable":true,"href":"https:\/\/www.edubreak.de\/academy\/wp-json\/wp\/v2\/product_tag?post=3682"}],"curies":[{"name":"wp","href":"https:\/\/api.w.org\/{rel}","templated":true}]}}