{"id":4214,"date":"2024-03-13T08:49:07","date_gmt":"2024-03-13T08:49:07","guid":{"rendered":"https:\/\/www.edubreak.de\/academy\/?post_type=product&#038;p=4214"},"modified":"2025-10-15T09:48:21","modified_gmt":"2025-10-15T09:48:21","slug":"self-learning-in-edubreak","status":"publish","type":"product","link":"https:\/\/www.edubreak.de\/academy\/produkt\/self-learning-in-edubreak\/","title":{"rendered":"Self-Learning in edubreak\u00ae"},"content":{"rendered":"<p><span style=\"font-weight: 400;\">Self-Learning &#8211; was verbirgt sich hinter dem Begriff und was sind die Potenziale beim Lernen? Dieser Kurs vermittelt die Grundlagen f\u00fcr m\u00f6glichst kompetenzorientiertes Self-Learning in edubreak\u00ae.<\/span><\/p>\n<p>&nbsp;<\/p>\n<p><b>Zielgruppe: <\/b><span style=\"font-weight: 400;\">Alle Personen (z.B. Referierende, Bildungsverantwortliche), die selbst einen Self-Learning Kurs in edubreak\u00ae anbieten wollen<\/span><\/p>\n<p><b>Themenbereiche: <\/b><\/p>\n<ul>\n<li>Self-Learning vs. Blended-Learning<\/li>\n<li style=\"font-weight: 400;\" aria-level=\"1\"><span style=\"font-weight: 400;\">Was Self-Learning in edubreak\u00ae ausmacht<\/span><\/li>\n<li style=\"font-weight: 400;\" aria-level=\"1\"><span style=\"font-weight: 400;\">Wie Self-Learning m\u00f6glichst kompetenzorientiert umgesetzt werden kann<\/span><\/li>\n<\/ul>\n<p><b>Inhalt: <\/b><span style=\"font-weight: 400;\">Der Kurs beinhaltet Videomaterial in einer Gesamtl\u00e4nge von 28:26 min.<\/span><\/p>\n<ul>\n<li style=\"font-weight: 400;\" aria-level=\"4\"><span style=\"font-weight: 400;\">Aufgabe 1: Wie unterscheidet sich das neue Self-Learning vom Blended Learning Format?<\/span><\/li>\n<li style=\"font-weight: 400;\" aria-level=\"4\"><span style=\"font-weight: 400;\">Aufgabe 2: Erstes Konzept f\u00fcr dein edubreak\u00ae\ufe0f Self-Learning Kursvorhaben<\/span><\/li>\n<li style=\"font-weight: 400;\" aria-level=\"4\"><span style=\"font-weight: 400;\">Aufgabe 3: Erf\u00fcllungskriterien im edubreak\u00ae\ufe0f Self-Learning<\/span><\/li>\n<li style=\"font-weight: 400;\" aria-level=\"4\"><span style=\"font-weight: 400;\">Aufgabe 4: Tiefer in die Technik eintauchen &#8211; Onlinetest und edubreak\u00ae\ufe0fmatch<\/span><\/li>\n<li style=\"font-weight: 400;\" aria-level=\"4\"><span style=\"font-weight: 400;\">Aufgabe 5: Der Lernpfad<\/span><\/li>\n<li style=\"font-weight: 400;\" aria-level=\"4\"><span style=\"font-weight: 400;\">Aufgabe 6: Wie strukturierst du dein Kursvorhaben?<\/span><\/li>\n<\/ul>\n<p><b>Ablauf: <\/b><span style=\"font-weight: 400;\">Lerne, wann du willst und wie viel du willst. Dein Zugang zum Kurs Self-Learning in edubreak\u00ae ist ein Jahr g\u00fcltig.\u00a0<\/span><\/p>\n<p><b>Voraussetzungen: <\/b><span style=\"font-weight: 400;\">keine<\/span><\/p>\n<p><b>Lerneinheiten<\/b><span style=\"font-weight: 400;\">: 3 LE\u00a0<\/span><\/p>\n<p>&nbsp;<\/p>\n<p><strong>Kursstart<\/strong>: Der Kurs ist ab 01.05.2024 verf\u00fcgbar. Bereits davor get\u00e4tigte Buchungen gew\u00e4hren einen Kurszugang bis zum 30.04.2025.<\/p>\n<p><b>Hinweis<\/b><span style=\"font-weight: 400;\">: Dieser Kurs findet im Selbstlernformat statt. Es gibt keine Betreuung durch Referierende. Es erwarten Dich ausschlie\u00dflich EDV-gest\u00fctzte Tests, wie beispielsweise Multiple-Choice-Aufgaben. D.h. es findet keine individuelle Lernerfolgskontrolle statt.<\/span><\/p>\n<p><img data-recalc-dims=\"1\" fetchpriority=\"high\" decoding=\"async\" class=\"alignnone wp-image-4275 size-full\" src=\"https:\/\/i0.wp.com\/www.edubreak.de\/academy\/wp-content\/uploads\/2024\/03\/Academy-Ablaufplaene-Self-Learning-in-edubreak\u00ae\ufe0f.jpg?resize=1200%2C766&#038;ssl=1\" alt=\"\" width=\"1200\" height=\"766\" srcset=\"https:\/\/i0.wp.com\/www.edubreak.de\/academy\/wp-content\/uploads\/2024\/03\/Academy-Ablaufplaene-Self-Learning-in-edubreak\u00ae\ufe0f.jpg?w=1416&amp;ssl=1 1416w, https:\/\/i0.wp.com\/www.edubreak.de\/academy\/wp-content\/uploads\/2024\/03\/Academy-Ablaufplaene-Self-Learning-in-edubreak\u00ae\ufe0f.jpg?resize=300%2C192&amp;ssl=1 300w, https:\/\/i0.wp.com\/www.edubreak.de\/academy\/wp-content\/uploads\/2024\/03\/Academy-Ablaufplaene-Self-Learning-in-edubreak\u00ae\ufe0f.jpg?resize=1024%2C654&amp;ssl=1 1024w, https:\/\/i0.wp.com\/www.edubreak.de\/academy\/wp-content\/uploads\/2024\/03\/Academy-Ablaufplaene-Self-Learning-in-edubreak\u00ae\ufe0f.jpg?resize=768%2C490&amp;ssl=1 768w, https:\/\/i0.wp.com\/www.edubreak.de\/academy\/wp-content\/uploads\/2024\/03\/Academy-Ablaufplaene-Self-Learning-in-edubreak\u00ae\ufe0f.jpg?resize=600%2C383&amp;ssl=1 600w\" sizes=\"(max-width: 1200px) 100vw, 1200px\" \/><\/p>\n<p>&nbsp;<\/p>\n","protected":false},"excerpt":{"rendered":"<div class=\"c-message_kit__blocks c-message_kit__blocks--rich_text\">\n<div class=\"c-message__message_blocks c-message__message_blocks--rich_text\" data-qa=\"message-text\">\n<div class=\"p-block_kit_renderer\" data-qa=\"block-kit-renderer\">\n<div class=\"p-block_kit_renderer__block_wrapper p-block_kit_renderer__block_wrapper--first\">\n<div class=\"p-rich_text_block\" dir=\"auto\">\n<p class=\"p-rich_text_section\">In diesem Kurs lernst du die technischen und didaktischen Grundlagen f\u00fcr Self-Learning auf deinem edubreak<i data-stringify-type=\"italic\"><sup>\u00ae<\/sup><\/i>CAMPUS<i data-stringify-type=\"italic\">.<\/i><\/p>\n<p><span style=\"font-weight: 400; color: #2884b2;\">\ud83d\udc49 <strong>Du m\u00f6chtest den Kurs f\u00fcr deine Organisation buchen? <\/strong><\/span><span style=\"font-weight: 400; color: #2884b2;\">Dann sprich einfach deine Ansprechperson bei uns an oder melde dich \u00fcber <strong><a href=\"https:\/\/www.edubreak.de\/kontakt\/\" target=\"_blank\" rel=\"noopener\"><span style=\"color: #f35935;\">unsere Kontaktseite<\/span> <\/a><\/strong>bzw. per E-Mail an &#x69;&#x6e;&#x66;&#x6f;&#x40;&#x65;&#x64;&#x75;&#x62;&#x72;&#x65;&#97;&#107;&#46;&#100;&#101;.<\/span><\/p>\n<\/div>\n<\/div>\n<\/div>\n<\/div>\n<\/div>\n<div class=\"c-message_kit__attachments\">\n<div class=\"c-message_attachment\" data-qa=\"message_attachment_default\"><\/div>\n<\/div>\n","protected":false},"featured_media":4274,"comment_status":"open","ping_status":"closed","template":"","meta":{"neve_meta_sidebar":"","neve_meta_container":"","neve_meta_enable_content_width":"off","neve_meta_content_width":100,"neve_meta_title_alignment":"","neve_meta_author_avatar":"","neve_post_elements_order":"","neve_meta_disable_header":"","neve_meta_disable_footer":"","neve_meta_disable_title":""},"product_cat":[193],"product_tag":[194,163,195],"class_list":{"0":"post-4214","1":"product","2":"type-product","3":"status-publish","4":"has-post-thumbnail","6":"product_cat-e-learning-kurse","7":"product_tag-e-learning","8":"product_tag-edubreak","9":"product_tag-self-learning","11":"first","12":"instock","13":"virtual","14":"taxable","15":"purchasable","16":"product-type-simple"},"yoast_head":"<!-- This site is optimized with the Yoast SEO plugin v23.5 - https:\/\/yoast.com\/wordpress\/plugins\/seo\/ -->\n<title>Self-Learning in edubreak\u00ae - edubreak\u00aeACADEMY<\/title>\n<meta name=\"description\" content=\"Lerne die Grundlagen f\u00fcr Self-Learning in edubreak\u00ae, um flexibles Lernen anzuwenden und zu vermitteln.\" \/>\n<meta name=\"robots\" content=\"index, follow, max-snippet:-1, max-image-preview:large, max-video-preview:-1\" \/>\n<link rel=\"canonical\" href=\"https:\/\/www.edubreak.de\/academy\/produkt\/self-learning-in-edubreak\/\" \/>\n<meta property=\"og:locale\" content=\"de_DE\" \/>\n<meta property=\"og:type\" content=\"article\" \/>\n<meta property=\"og:title\" content=\"Self-Learning in edubreak\u00ae - edubreak\u00aeACADEMY\" \/>\n<meta property=\"og:description\" content=\"Lerne die Grundlagen f\u00fcr Self-Learning in edubreak\u00ae, um flexibles Lernen anzuwenden und zu vermitteln.\" \/>\n<meta property=\"og:url\" content=\"https:\/\/www.edubreak.de\/academy\/produkt\/self-learning-in-edubreak\/\" \/>\n<meta property=\"og:site_name\" content=\"edubreak\u00aeACADEMY\" \/>\n<meta property=\"article:modified_time\" content=\"2025-10-15T09:48:21+00:00\" \/>\n<meta property=\"og:image\" content=\"https:\/\/www.edubreak.de\/academy\/wp-content\/uploads\/2024\/03\/eb-Academy-Rebrand-Kurse-self-learning.png\" \/>\n\t<meta property=\"og:image:width\" content=\"915\" \/>\n\t<meta property=\"og:image:height\" content=\"915\" \/>\n\t<meta property=\"og:image:type\" content=\"image\/png\" \/>\n<meta name=\"twitter:card\" content=\"summary_large_image\" \/>\n<meta name=\"twitter:label1\" content=\"Gesch\u00e4tzte Lesezeit\" \/>\n\t<meta name=\"twitter:data1\" content=\"2\u00a0Minuten\" \/>\n<script type=\"application\/ld+json\" class=\"yoast-schema-graph\">{\"@context\":\"https:\/\/schema.org\",\"@graph\":[{\"@type\":\"WebPage\",\"@id\":\"https:\/\/www.edubreak.de\/academy\/produkt\/self-learning-in-edubreak\/\",\"url\":\"https:\/\/www.edubreak.de\/academy\/produkt\/self-learning-in-edubreak\/\",\"name\":\"Self-Learning in edubreak\u00ae - edubreak\u00aeACADEMY\",\"isPartOf\":{\"@id\":\"https:\/\/www.edubreak.de\/academy\/#website\"},\"primaryImageOfPage\":{\"@id\":\"https:\/\/www.edubreak.de\/academy\/produkt\/self-learning-in-edubreak\/#primaryimage\"},\"image\":{\"@id\":\"https:\/\/www.edubreak.de\/academy\/produkt\/self-learning-in-edubreak\/#primaryimage\"},\"thumbnailUrl\":\"https:\/\/i0.wp.com\/www.edubreak.de\/academy\/wp-content\/uploads\/2024\/03\/eb-Academy-Rebrand-Kurse-self-learning.png?fit=915%2C915&ssl=1\",\"datePublished\":\"2024-03-13T08:49:07+00:00\",\"dateModified\":\"2025-10-15T09:48:21+00:00\",\"description\":\"Lerne die Grundlagen f\u00fcr Self-Learning in edubreak\u00ae, um flexibles Lernen anzuwenden und zu vermitteln.\",\"breadcrumb\":{\"@id\":\"https:\/\/www.edubreak.de\/academy\/produkt\/self-learning-in-edubreak\/#breadcrumb\"},\"inLanguage\":\"de\",\"potentialAction\":[{\"@type\":\"ReadAction\",\"target\":[\"https:\/\/www.edubreak.de\/academy\/produkt\/self-learning-in-edubreak\/\"]}]},{\"@type\":\"ImageObject\",\"inLanguage\":\"de\",\"@id\":\"https:\/\/www.edubreak.de\/academy\/produkt\/self-learning-in-edubreak\/#primaryimage\",\"url\":\"https:\/\/i0.wp.com\/www.edubreak.de\/academy\/wp-content\/uploads\/2024\/03\/eb-Academy-Rebrand-Kurse-self-learning.png?fit=915%2C915&ssl=1\",\"contentUrl\":\"https:\/\/i0.wp.com\/www.edubreak.de\/academy\/wp-content\/uploads\/2024\/03\/eb-Academy-Rebrand-Kurse-self-learning.png?fit=915%2C915&ssl=1\",\"width\":915,\"height\":915},{\"@type\":\"BreadcrumbList\",\"@id\":\"https:\/\/www.edubreak.de\/academy\/produkt\/self-learning-in-edubreak\/#breadcrumb\",\"itemListElement\":[{\"@type\":\"ListItem\",\"position\":1,\"name\":\"Home\",\"item\":\"https:\/\/www.edubreak.de\/academy\/\"},{\"@type\":\"ListItem\",\"position\":2,\"name\":\"Kurse\",\"item\":\"https:\/\/www.edubreak.de\/academy\/kurse-alt\/\"},{\"@type\":\"ListItem\",\"position\":3,\"name\":\"Self-Learning in edubreak\u00ae\"}]},{\"@type\":\"WebSite\",\"@id\":\"https:\/\/www.edubreak.de\/academy\/#website\",\"url\":\"https:\/\/www.edubreak.de\/academy\/\",\"name\":\"edubreak\u00aeACADEMY\",\"description\":\"Schulungen und Weiterbildungen f\u00fcr Referierende und Community Manager:innen\",\"publisher\":{\"@id\":\"https:\/\/www.edubreak.de\/academy\/#organization\"},\"potentialAction\":[{\"@type\":\"SearchAction\",\"target\":{\"@type\":\"EntryPoint\",\"urlTemplate\":\"https:\/\/www.edubreak.de\/academy\/?s={search_term_string}\"},\"query-input\":{\"@type\":\"PropertyValueSpecification\",\"valueRequired\":true,\"valueName\":\"search_term_string\"}}],\"inLanguage\":\"de\"},{\"@type\":\"Organization\",\"@id\":\"https:\/\/www.edubreak.de\/academy\/#organization\",\"name\":\"edubreak\u00aeACADEMY\",\"url\":\"https:\/\/www.edubreak.de\/academy\/\",\"logo\":{\"@type\":\"ImageObject\",\"inLanguage\":\"de\",\"@id\":\"https:\/\/www.edubreak.de\/academy\/#\/schema\/logo\/image\/\",\"url\":\"https:\/\/i0.wp.com\/www.edubreak.de\/academy\/wp-content\/uploads\/2023\/09\/edubreak-academy-logo-standard.png?fit=1194%2C296&ssl=1\",\"contentUrl\":\"https:\/\/i0.wp.com\/www.edubreak.de\/academy\/wp-content\/uploads\/2023\/09\/edubreak-academy-logo-standard.png?fit=1194%2C296&ssl=1\",\"width\":1194,\"height\":296,\"caption\":\"edubreak\u00aeACADEMY\"},\"image\":{\"@id\":\"https:\/\/www.edubreak.de\/academy\/#\/schema\/logo\/image\/\"}}]}<\/script>\n<!-- \/ Yoast SEO plugin. -->","yoast_head_json":{"title":"Self-Learning in edubreak\u00ae - edubreak\u00aeACADEMY","description":"Lerne die Grundlagen f\u00fcr Self-Learning in edubreak\u00ae, um flexibles Lernen anzuwenden und zu vermitteln.","robots":{"index":"index","follow":"follow","max-snippet":"max-snippet:-1","max-image-preview":"max-image-preview:large","max-video-preview":"max-video-preview:-1"},"canonical":"https:\/\/www.edubreak.de\/academy\/produkt\/self-learning-in-edubreak\/","og_locale":"de_DE","og_type":"article","og_title":"Self-Learning in edubreak\u00ae - edubreak\u00aeACADEMY","og_description":"Lerne die Grundlagen f\u00fcr Self-Learning in edubreak\u00ae, um flexibles Lernen anzuwenden und zu vermitteln.","og_url":"https:\/\/www.edubreak.de\/academy\/produkt\/self-learning-in-edubreak\/","og_site_name":"edubreak\u00aeACADEMY","article_modified_time":"2025-10-15T09:48:21+00:00","og_image":[{"width":915,"height":915,"url":"https:\/\/www.edubreak.de\/academy\/wp-content\/uploads\/2024\/03\/eb-Academy-Rebrand-Kurse-self-learning.png","type":"image\/png"}],"twitter_card":"summary_large_image","twitter_misc":{"Gesch\u00e4tzte Lesezeit":"2\u00a0Minuten"},"schema":{"@context":"https:\/\/schema.org","@graph":[{"@type":"WebPage","@id":"https:\/\/www.edubreak.de\/academy\/produkt\/self-learning-in-edubreak\/","url":"https:\/\/www.edubreak.de\/academy\/produkt\/self-learning-in-edubreak\/","name":"Self-Learning in edubreak\u00ae - edubreak\u00aeACADEMY","isPartOf":{"@id":"https:\/\/www.edubreak.de\/academy\/#website"},"primaryImageOfPage":{"@id":"https:\/\/www.edubreak.de\/academy\/produkt\/self-learning-in-edubreak\/#primaryimage"},"image":{"@id":"https:\/\/www.edubreak.de\/academy\/produkt\/self-learning-in-edubreak\/#primaryimage"},"thumbnailUrl":"https:\/\/i0.wp.com\/www.edubreak.de\/academy\/wp-content\/uploads\/2024\/03\/eb-Academy-Rebrand-Kurse-self-learning.png?fit=915%2C915&ssl=1","datePublished":"2024-03-13T08:49:07+00:00","dateModified":"2025-10-15T09:48:21+00:00","description":"Lerne die Grundlagen f\u00fcr Self-Learning in edubreak\u00ae, um flexibles Lernen anzuwenden und zu vermitteln.","breadcrumb":{"@id":"https:\/\/www.edubreak.de\/academy\/produkt\/self-learning-in-edubreak\/#breadcrumb"},"inLanguage":"de","potentialAction":[{"@type":"ReadAction","target":["https:\/\/www.edubreak.de\/academy\/produkt\/self-learning-in-edubreak\/"]}]},{"@type":"ImageObject","inLanguage":"de","@id":"https:\/\/www.edubreak.de\/academy\/produkt\/self-learning-in-edubreak\/#primaryimage","url":"https:\/\/i0.wp.com\/www.edubreak.de\/academy\/wp-content\/uploads\/2024\/03\/eb-Academy-Rebrand-Kurse-self-learning.png?fit=915%2C915&ssl=1","contentUrl":"https:\/\/i0.wp.com\/www.edubreak.de\/academy\/wp-content\/uploads\/2024\/03\/eb-Academy-Rebrand-Kurse-self-learning.png?fit=915%2C915&ssl=1","width":915,"height":915},{"@type":"BreadcrumbList","@id":"https:\/\/www.edubreak.de\/academy\/produkt\/self-learning-in-edubreak\/#breadcrumb","itemListElement":[{"@type":"ListItem","position":1,"name":"Home","item":"https:\/\/www.edubreak.de\/academy\/"},{"@type":"ListItem","position":2,"name":"Kurse","item":"https:\/\/www.edubreak.de\/academy\/kurse-alt\/"},{"@type":"ListItem","position":3,"name":"Self-Learning in edubreak\u00ae"}]},{"@type":"WebSite","@id":"https:\/\/www.edubreak.de\/academy\/#website","url":"https:\/\/www.edubreak.de\/academy\/","name":"edubreak\u00aeACADEMY","description":"Schulungen und Weiterbildungen f\u00fcr Referierende und Community Manager:innen","publisher":{"@id":"https:\/\/www.edubreak.de\/academy\/#organization"},"potentialAction":[{"@type":"SearchAction","target":{"@type":"EntryPoint","urlTemplate":"https:\/\/www.edubreak.de\/academy\/?s={search_term_string}"},"query-input":{"@type":"PropertyValueSpecification","valueRequired":true,"valueName":"search_term_string"}}],"inLanguage":"de"},{"@type":"Organization","@id":"https:\/\/www.edubreak.de\/academy\/#organization","name":"edubreak\u00aeACADEMY","url":"https:\/\/www.edubreak.de\/academy\/","logo":{"@type":"ImageObject","inLanguage":"de","@id":"https:\/\/www.edubreak.de\/academy\/#\/schema\/logo\/image\/","url":"https:\/\/i0.wp.com\/www.edubreak.de\/academy\/wp-content\/uploads\/2023\/09\/edubreak-academy-logo-standard.png?fit=1194%2C296&ssl=1","contentUrl":"https:\/\/i0.wp.com\/www.edubreak.de\/academy\/wp-content\/uploads\/2023\/09\/edubreak-academy-logo-standard.png?fit=1194%2C296&ssl=1","width":1194,"height":296,"caption":"edubreak\u00aeACADEMY"},"image":{"@id":"https:\/\/www.edubreak.de\/academy\/#\/schema\/logo\/image\/"}}]}},"jetpack_sharing_enabled":true,"_links":{"self":[{"href":"https:\/\/www.edubreak.de\/academy\/wp-json\/wp\/v2\/product\/4214"}],"collection":[{"href":"https:\/\/www.edubreak.de\/academy\/wp-json\/wp\/v2\/product"}],"about":[{"href":"https:\/\/www.edubreak.de\/academy\/wp-json\/wp\/v2\/types\/product"}],"replies":[{"embeddable":true,"href":"https:\/\/www.edubreak.de\/academy\/wp-json\/wp\/v2\/comments?post=4214"}],"wp:featuredmedia":[{"embeddable":true,"href":"https:\/\/www.edubreak.de\/academy\/wp-json\/wp\/v2\/media\/4274"}],"wp:attachment":[{"href":"https:\/\/www.edubreak.de\/academy\/wp-json\/wp\/v2\/media?parent=4214"}],"wp:term":[{"taxonomy":"product_cat","embeddable":true,"href":"https:\/\/www.edubreak.de\/academy\/wp-json\/wp\/v2\/product_cat?post=4214"},{"taxonomy":"product_tag","embeddable":true,"href":"https:\/\/www.edubreak.de\/academy\/wp-json\/wp\/v2\/product_tag?post=4214"}],"curies":[{"name":"wp","href":"https:\/\/api.w.org\/{rel}","templated":true}]}}