{"id":4394,"date":"2024-06-05T08:49:26","date_gmt":"2024-06-05T08:49:26","guid":{"rendered":"https:\/\/www.edubreak.de\/academy\/?post_type=product&#038;p=4394"},"modified":"2025-10-15T09:48:10","modified_gmt":"2025-10-15T09:48:10","slug":"die-rolle-der-trainerinnen-im-kindersport","status":"publish","type":"product","link":"https:\/\/www.edubreak.de\/academy\/produkt\/die-rolle-der-trainerinnen-im-kindersport\/","title":{"rendered":"ICK: Die Rolle der Trainer:innen im Kindersport"},"content":{"rendered":"<p><span style=\"font-weight: 400;\">Gerade im Kinder- und Jugendsport nehmen Trainer:innen einen Schl\u00fcsselrolle ein. Sie sind es, die die meiste Zeit mit den Kindern im Training verbringen, die sie pr\u00e4gen, in ihrer Pers\u00f6nlichkeitsentwicklung begleiten und sie motivieren, mit Freude Sport zu treiben.\u202f Doch wie gelingt es, Kinder und Jugendliche f\u00fcr ein lebenslanges Sporttreiben im Verein zu begeistern? Wie k\u00f6nnen die Interessen und Bed\u00fcrfnisse der Kinder bestm\u00f6glich ber\u00fccksichtigt werden? Welche Kenntnisse und F\u00e4higkeiten brauchen Trainer:innen f\u00fcr ein erfolgreiches und motivierendes Kinder- und Jugendtraining? Anhand der Materialien von ICOACHKIDS st\u00e4rkt dich dieser Kurs in deiner Rolle als Trainer:in im Kinder- und Jugendsport. Als edubreak\u00ae Kunde kannst du den Selbstlernkurs <b>kostenfrei<\/b> nutzen. <\/span><\/p>\n<p><b>Termine<\/b>: Kursstart ab 01.07.2024 (Kurszugang f\u00fcr ein Jahr)<\/p>\n<p><b>Inhalt: <\/b><span style=\"font-weight: 400;\">Der Kurs beinhaltet Videomaterial in einer Gesamtl\u00e4nge von 47:39 min.<\/span><\/p>\n<ul>\n<li style=\"font-weight: 400;\" aria-level=\"4\"><span style=\"font-weight: 400;\">Aufgabe 01: Deine eigenen Erfahrungen<\/span><\/li>\n<li style=\"font-weight: 400;\" aria-level=\"4\"><span style=\"font-weight: 400;\">Aufgabe 02a: Warum Kinder Sporttreiben<\/span><\/li>\n<li style=\"font-weight: 400;\" aria-level=\"4\"><span style=\"font-weight: 400;\">Aufgabe 02b: Warum Kinder aus dem Sport ausscheiden<\/span><\/li>\n<li style=\"font-weight: 400;\" aria-level=\"4\"><span style=\"font-weight: 400;\">Aufgabe 03: Transfer in deine Trainingsrealit\u00e4t<\/span><\/li>\n<li style=\"font-weight: 400;\" aria-level=\"4\"><span style=\"font-weight: 400;\">Aufgabe 04: Hauptziele eines:r Kindertrainers:in &#8211; zwischen Anspruch und Realit\u00e4t<\/span><\/li>\n<li style=\"font-weight: 400;\" aria-level=\"4\"><span style=\"font-weight: 400;\">Aufgabe 05: Das Modell der Entscheidungsfindung f\u00fcr Trainer:innen<\/span><\/li>\n<li style=\"font-weight: 400;\" aria-level=\"4\"><span style=\"font-weight: 400;\">Aufgabe 06: Die 10 goldenen Regeln verstehen und anwenden<\/span><\/li>\n<li style=\"font-weight: 400;\" aria-level=\"4\"><span style=\"font-weight: 400;\">Aufgabe 07: Deine Aufgaben als Trainer:in<\/span><\/li>\n<li style=\"font-weight: 400;\" aria-level=\"4\"><span style=\"font-weight: 400;\">Aufgabe 08: Abschluss und Zusammenfassung<\/span><\/li>\n<\/ul>\n<p><strong>Voraussetzungen:<\/strong><span style=\"font-weight: 400;\"> keine<br \/>\n<\/span><\/p>\n<p><span style=\"color: #000000;\"><strong>Hinweis: <\/strong><\/span>Dieser Kurs findet im Selbstlernformat statt und es gibt keine Betreuung durch Referierende. Es erwarten Dich ausschlie\u00dflich EDV-gest\u00fctzte Tests, wie beispielsweise Multiple-Choice-Aufgaben und es findet keine individuelle Lernerfolgskontrolle statt.<\/p>\n<hr \/>\n<p><img data-recalc-dims=\"1\" fetchpriority=\"high\" decoding=\"async\" class=\"alignnone wp-image-4738\" src=\"https:\/\/i0.wp.com\/www.edubreak.de\/academy\/wp-content\/uploads\/2024\/06\/Academy-Ablaufplaene-Kopie-von-Neues-Design1.jpg?resize=658%2C877&#038;ssl=1\" alt=\"\" width=\"658\" height=\"877\" \/><\/p>\n","protected":false},"excerpt":{"rendered":"<p><span style=\"color: #539dc1;\">Welche Kenntnisse und F\u00e4higkeiten brauchen Trainer:innen f\u00fcr ein erfolgreiches und motivierendes Kinder- und Jugendtraining? Anhand der Materialien von ICOACHKIDS st\u00e4rkt dich dieser Kurs in deiner Rolle als Trainer:in im Kinder- und Jugendsport.\u00a0<\/span><\/p>\n<p><span style=\"font-weight: 400; color: #2884b2;\">\ud83d\udc49 <strong>Du m\u00f6chtest den Kurs f\u00fcr deine Organisation buchen? <\/strong><\/span><span style=\"font-weight: 400; color: #2884b2;\">Dann sprich einfach deine Ansprechperson bei uns an oder melde dich \u00fcber <strong><a href=\"https:\/\/www.edubreak.de\/kontakt\/\" target=\"_blank\" rel=\"noopener\"><span style=\"color: #f35935;\">unsere Kontaktseite<\/span> <\/a><\/strong>bzw. per E-Mail an &#105;&#x6e;&#102;&#x6f;&#64;&#x65;d&#117;&#x62;&#114;&#x65;&#97;&#x6b;&#46;&#x64;e.<\/span><\/p>\n<p>&nbsp;<\/p>\n<p class=\"customer-note\">\n","protected":false},"featured_media":4363,"comment_status":"closed","ping_status":"closed","template":"","meta":{"neve_meta_sidebar":"","neve_meta_container":"","neve_meta_enable_content_width":"off","neve_meta_content_width":70,"neve_meta_title_alignment":"","neve_meta_author_avatar":"","neve_post_elements_order":"","neve_meta_disable_header":"","neve_meta_disable_footer":"","neve_meta_disable_title":""},"product_cat":[193],"product_tag":[],"class_list":{"0":"post-4394","1":"product","2":"type-product","3":"status-publish","4":"has-post-thumbnail","6":"product_cat-e-learning-kurse","8":"first","9":"instock","10":"taxable","11":"shipping-taxable","12":"purchasable","13":"product-type-simple"},"yoast_head":"<!-- This site is optimized with the Yoast SEO plugin v23.5 - https:\/\/yoast.com\/wordpress\/plugins\/seo\/ -->\n<title>ICK: Die Rolle der Trainer:innen im Kindersport - edubreak\u00aeACADEMY<\/title>\n<meta name=\"description\" content=\"Lerne mit dem Kurs, wie die Interessen und Bed\u00fcrfnisse der Kinder bestm\u00f6glich ber\u00fccksichtigt werden k\u00f6nnen? Welche Kenntnisse und F\u00e4higkeiten brauchen Trainer:innen f\u00fcr ein erfolgreiches und motivierendes Kinder- und Jugendtraining?\" \/>\n<meta name=\"robots\" content=\"index, follow, max-snippet:-1, max-image-preview:large, max-video-preview:-1\" \/>\n<link rel=\"canonical\" href=\"https:\/\/www.edubreak.de\/academy\/produkt\/die-rolle-der-trainerinnen-im-kindersport\/\" \/>\n<meta property=\"og:locale\" content=\"de_DE\" \/>\n<meta property=\"og:type\" content=\"article\" \/>\n<meta property=\"og:title\" content=\"ICK: Die Rolle der Trainer:innen im Kindersport - edubreak\u00aeACADEMY\" \/>\n<meta property=\"og:description\" content=\"Lerne mit dem Kurs, wie die Interessen und Bed\u00fcrfnisse der Kinder bestm\u00f6glich ber\u00fccksichtigt werden k\u00f6nnen? Welche Kenntnisse und F\u00e4higkeiten brauchen Trainer:innen f\u00fcr ein erfolgreiches und motivierendes Kinder- und Jugendtraining?\" \/>\n<meta property=\"og:url\" content=\"https:\/\/www.edubreak.de\/academy\/produkt\/die-rolle-der-trainerinnen-im-kindersport\/\" \/>\n<meta property=\"og:site_name\" content=\"edubreak\u00aeACADEMY\" \/>\n<meta property=\"article:modified_time\" content=\"2025-10-15T09:48:10+00:00\" \/>\n<meta property=\"og:image\" content=\"https:\/\/www.edubreak.de\/academy\/wp-content\/uploads\/2024\/05\/eb-Academy-Rebrand-Kurs-icoachkids-Trainer-Kinder.png\" \/>\n\t<meta property=\"og:image:width\" content=\"544\" \/>\n\t<meta property=\"og:image:height\" content=\"528\" \/>\n\t<meta property=\"og:image:type\" content=\"image\/png\" \/>\n<meta name=\"twitter:card\" content=\"summary_large_image\" \/>\n<meta name=\"twitter:label1\" content=\"Gesch\u00e4tzte Lesezeit\" \/>\n\t<meta name=\"twitter:data1\" content=\"2\u00a0Minuten\" \/>\n<script type=\"application\/ld+json\" class=\"yoast-schema-graph\">{\"@context\":\"https:\/\/schema.org\",\"@graph\":[{\"@type\":\"WebPage\",\"@id\":\"https:\/\/www.edubreak.de\/academy\/produkt\/die-rolle-der-trainerinnen-im-kindersport\/\",\"url\":\"https:\/\/www.edubreak.de\/academy\/produkt\/die-rolle-der-trainerinnen-im-kindersport\/\",\"name\":\"ICK: Die Rolle der Trainer:innen im Kindersport - edubreak\u00aeACADEMY\",\"isPartOf\":{\"@id\":\"https:\/\/www.edubreak.de\/academy\/#website\"},\"primaryImageOfPage\":{\"@id\":\"https:\/\/www.edubreak.de\/academy\/produkt\/die-rolle-der-trainerinnen-im-kindersport\/#primaryimage\"},\"image\":{\"@id\":\"https:\/\/www.edubreak.de\/academy\/produkt\/die-rolle-der-trainerinnen-im-kindersport\/#primaryimage\"},\"thumbnailUrl\":\"https:\/\/i0.wp.com\/www.edubreak.de\/academy\/wp-content\/uploads\/2024\/05\/eb-Academy-Rebrand-Kurs-icoachkids-Trainer-Kinder.png?fit=544%2C528&ssl=1\",\"datePublished\":\"2024-06-05T08:49:26+00:00\",\"dateModified\":\"2025-10-15T09:48:10+00:00\",\"description\":\"Lerne mit dem Kurs, wie die Interessen und Bed\u00fcrfnisse der Kinder bestm\u00f6glich ber\u00fccksichtigt werden k\u00f6nnen? Welche Kenntnisse und F\u00e4higkeiten brauchen Trainer:innen f\u00fcr ein erfolgreiches und motivierendes Kinder- und Jugendtraining?\",\"breadcrumb\":{\"@id\":\"https:\/\/www.edubreak.de\/academy\/produkt\/die-rolle-der-trainerinnen-im-kindersport\/#breadcrumb\"},\"inLanguage\":\"de\",\"potentialAction\":[{\"@type\":\"ReadAction\",\"target\":[\"https:\/\/www.edubreak.de\/academy\/produkt\/die-rolle-der-trainerinnen-im-kindersport\/\"]}]},{\"@type\":\"ImageObject\",\"inLanguage\":\"de\",\"@id\":\"https:\/\/www.edubreak.de\/academy\/produkt\/die-rolle-der-trainerinnen-im-kindersport\/#primaryimage\",\"url\":\"https:\/\/i0.wp.com\/www.edubreak.de\/academy\/wp-content\/uploads\/2024\/05\/eb-Academy-Rebrand-Kurs-icoachkids-Trainer-Kinder.png?fit=544%2C528&ssl=1\",\"contentUrl\":\"https:\/\/i0.wp.com\/www.edubreak.de\/academy\/wp-content\/uploads\/2024\/05\/eb-Academy-Rebrand-Kurs-icoachkids-Trainer-Kinder.png?fit=544%2C528&ssl=1\",\"width\":544,\"height\":528},{\"@type\":\"BreadcrumbList\",\"@id\":\"https:\/\/www.edubreak.de\/academy\/produkt\/die-rolle-der-trainerinnen-im-kindersport\/#breadcrumb\",\"itemListElement\":[{\"@type\":\"ListItem\",\"position\":1,\"name\":\"Home\",\"item\":\"https:\/\/www.edubreak.de\/academy\/\"},{\"@type\":\"ListItem\",\"position\":2,\"name\":\"Kurse\",\"item\":\"https:\/\/www.edubreak.de\/academy\/kurse-alt\/\"},{\"@type\":\"ListItem\",\"position\":3,\"name\":\"ICK: Die Rolle der Trainer:innen im Kindersport\"}]},{\"@type\":\"WebSite\",\"@id\":\"https:\/\/www.edubreak.de\/academy\/#website\",\"url\":\"https:\/\/www.edubreak.de\/academy\/\",\"name\":\"edubreak\u00aeACADEMY\",\"description\":\"Schulungen und Weiterbildungen f\u00fcr Referierende und Community Manager:innen\",\"publisher\":{\"@id\":\"https:\/\/www.edubreak.de\/academy\/#organization\"},\"potentialAction\":[{\"@type\":\"SearchAction\",\"target\":{\"@type\":\"EntryPoint\",\"urlTemplate\":\"https:\/\/www.edubreak.de\/academy\/?s={search_term_string}\"},\"query-input\":{\"@type\":\"PropertyValueSpecification\",\"valueRequired\":true,\"valueName\":\"search_term_string\"}}],\"inLanguage\":\"de\"},{\"@type\":\"Organization\",\"@id\":\"https:\/\/www.edubreak.de\/academy\/#organization\",\"name\":\"edubreak\u00aeACADEMY\",\"url\":\"https:\/\/www.edubreak.de\/academy\/\",\"logo\":{\"@type\":\"ImageObject\",\"inLanguage\":\"de\",\"@id\":\"https:\/\/www.edubreak.de\/academy\/#\/schema\/logo\/image\/\",\"url\":\"https:\/\/i0.wp.com\/www.edubreak.de\/academy\/wp-content\/uploads\/2023\/09\/edubreak-academy-logo-standard.png?fit=1194%2C296&ssl=1\",\"contentUrl\":\"https:\/\/i0.wp.com\/www.edubreak.de\/academy\/wp-content\/uploads\/2023\/09\/edubreak-academy-logo-standard.png?fit=1194%2C296&ssl=1\",\"width\":1194,\"height\":296,\"caption\":\"edubreak\u00aeACADEMY\"},\"image\":{\"@id\":\"https:\/\/www.edubreak.de\/academy\/#\/schema\/logo\/image\/\"}}]}<\/script>\n<!-- \/ Yoast SEO plugin. -->","yoast_head_json":{"title":"ICK: Die Rolle der Trainer:innen im Kindersport - edubreak\u00aeACADEMY","description":"Lerne mit dem Kurs, wie die Interessen und Bed\u00fcrfnisse der Kinder bestm\u00f6glich ber\u00fccksichtigt werden k\u00f6nnen? Welche Kenntnisse und F\u00e4higkeiten brauchen Trainer:innen f\u00fcr ein erfolgreiches und motivierendes Kinder- und Jugendtraining?","robots":{"index":"index","follow":"follow","max-snippet":"max-snippet:-1","max-image-preview":"max-image-preview:large","max-video-preview":"max-video-preview:-1"},"canonical":"https:\/\/www.edubreak.de\/academy\/produkt\/die-rolle-der-trainerinnen-im-kindersport\/","og_locale":"de_DE","og_type":"article","og_title":"ICK: Die Rolle der Trainer:innen im Kindersport - edubreak\u00aeACADEMY","og_description":"Lerne mit dem Kurs, wie die Interessen und Bed\u00fcrfnisse der Kinder bestm\u00f6glich ber\u00fccksichtigt werden k\u00f6nnen? Welche Kenntnisse und F\u00e4higkeiten brauchen Trainer:innen f\u00fcr ein erfolgreiches und motivierendes Kinder- und Jugendtraining?","og_url":"https:\/\/www.edubreak.de\/academy\/produkt\/die-rolle-der-trainerinnen-im-kindersport\/","og_site_name":"edubreak\u00aeACADEMY","article_modified_time":"2025-10-15T09:48:10+00:00","og_image":[{"width":544,"height":528,"url":"https:\/\/www.edubreak.de\/academy\/wp-content\/uploads\/2024\/05\/eb-Academy-Rebrand-Kurs-icoachkids-Trainer-Kinder.png","type":"image\/png"}],"twitter_card":"summary_large_image","twitter_misc":{"Gesch\u00e4tzte Lesezeit":"2\u00a0Minuten"},"schema":{"@context":"https:\/\/schema.org","@graph":[{"@type":"WebPage","@id":"https:\/\/www.edubreak.de\/academy\/produkt\/die-rolle-der-trainerinnen-im-kindersport\/","url":"https:\/\/www.edubreak.de\/academy\/produkt\/die-rolle-der-trainerinnen-im-kindersport\/","name":"ICK: Die Rolle der Trainer:innen im Kindersport - edubreak\u00aeACADEMY","isPartOf":{"@id":"https:\/\/www.edubreak.de\/academy\/#website"},"primaryImageOfPage":{"@id":"https:\/\/www.edubreak.de\/academy\/produkt\/die-rolle-der-trainerinnen-im-kindersport\/#primaryimage"},"image":{"@id":"https:\/\/www.edubreak.de\/academy\/produkt\/die-rolle-der-trainerinnen-im-kindersport\/#primaryimage"},"thumbnailUrl":"https:\/\/i0.wp.com\/www.edubreak.de\/academy\/wp-content\/uploads\/2024\/05\/eb-Academy-Rebrand-Kurs-icoachkids-Trainer-Kinder.png?fit=544%2C528&ssl=1","datePublished":"2024-06-05T08:49:26+00:00","dateModified":"2025-10-15T09:48:10+00:00","description":"Lerne mit dem Kurs, wie die Interessen und Bed\u00fcrfnisse der Kinder bestm\u00f6glich ber\u00fccksichtigt werden k\u00f6nnen? Welche Kenntnisse und F\u00e4higkeiten brauchen Trainer:innen f\u00fcr ein erfolgreiches und motivierendes Kinder- und Jugendtraining?","breadcrumb":{"@id":"https:\/\/www.edubreak.de\/academy\/produkt\/die-rolle-der-trainerinnen-im-kindersport\/#breadcrumb"},"inLanguage":"de","potentialAction":[{"@type":"ReadAction","target":["https:\/\/www.edubreak.de\/academy\/produkt\/die-rolle-der-trainerinnen-im-kindersport\/"]}]},{"@type":"ImageObject","inLanguage":"de","@id":"https:\/\/www.edubreak.de\/academy\/produkt\/die-rolle-der-trainerinnen-im-kindersport\/#primaryimage","url":"https:\/\/i0.wp.com\/www.edubreak.de\/academy\/wp-content\/uploads\/2024\/05\/eb-Academy-Rebrand-Kurs-icoachkids-Trainer-Kinder.png?fit=544%2C528&ssl=1","contentUrl":"https:\/\/i0.wp.com\/www.edubreak.de\/academy\/wp-content\/uploads\/2024\/05\/eb-Academy-Rebrand-Kurs-icoachkids-Trainer-Kinder.png?fit=544%2C528&ssl=1","width":544,"height":528},{"@type":"BreadcrumbList","@id":"https:\/\/www.edubreak.de\/academy\/produkt\/die-rolle-der-trainerinnen-im-kindersport\/#breadcrumb","itemListElement":[{"@type":"ListItem","position":1,"name":"Home","item":"https:\/\/www.edubreak.de\/academy\/"},{"@type":"ListItem","position":2,"name":"Kurse","item":"https:\/\/www.edubreak.de\/academy\/kurse-alt\/"},{"@type":"ListItem","position":3,"name":"ICK: Die Rolle der Trainer:innen im Kindersport"}]},{"@type":"WebSite","@id":"https:\/\/www.edubreak.de\/academy\/#website","url":"https:\/\/www.edubreak.de\/academy\/","name":"edubreak\u00aeACADEMY","description":"Schulungen und Weiterbildungen f\u00fcr Referierende und Community Manager:innen","publisher":{"@id":"https:\/\/www.edubreak.de\/academy\/#organization"},"potentialAction":[{"@type":"SearchAction","target":{"@type":"EntryPoint","urlTemplate":"https:\/\/www.edubreak.de\/academy\/?s={search_term_string}"},"query-input":{"@type":"PropertyValueSpecification","valueRequired":true,"valueName":"search_term_string"}}],"inLanguage":"de"},{"@type":"Organization","@id":"https:\/\/www.edubreak.de\/academy\/#organization","name":"edubreak\u00aeACADEMY","url":"https:\/\/www.edubreak.de\/academy\/","logo":{"@type":"ImageObject","inLanguage":"de","@id":"https:\/\/www.edubreak.de\/academy\/#\/schema\/logo\/image\/","url":"https:\/\/i0.wp.com\/www.edubreak.de\/academy\/wp-content\/uploads\/2023\/09\/edubreak-academy-logo-standard.png?fit=1194%2C296&ssl=1","contentUrl":"https:\/\/i0.wp.com\/www.edubreak.de\/academy\/wp-content\/uploads\/2023\/09\/edubreak-academy-logo-standard.png?fit=1194%2C296&ssl=1","width":1194,"height":296,"caption":"edubreak\u00aeACADEMY"},"image":{"@id":"https:\/\/www.edubreak.de\/academy\/#\/schema\/logo\/image\/"}}]}},"jetpack_sharing_enabled":true,"_links":{"self":[{"href":"https:\/\/www.edubreak.de\/academy\/wp-json\/wp\/v2\/product\/4394"}],"collection":[{"href":"https:\/\/www.edubreak.de\/academy\/wp-json\/wp\/v2\/product"}],"about":[{"href":"https:\/\/www.edubreak.de\/academy\/wp-json\/wp\/v2\/types\/product"}],"replies":[{"embeddable":true,"href":"https:\/\/www.edubreak.de\/academy\/wp-json\/wp\/v2\/comments?post=4394"}],"wp:featuredmedia":[{"embeddable":true,"href":"https:\/\/www.edubreak.de\/academy\/wp-json\/wp\/v2\/media\/4363"}],"wp:attachment":[{"href":"https:\/\/www.edubreak.de\/academy\/wp-json\/wp\/v2\/media?parent=4394"}],"wp:term":[{"taxonomy":"product_cat","embeddable":true,"href":"https:\/\/www.edubreak.de\/academy\/wp-json\/wp\/v2\/product_cat?post=4394"},{"taxonomy":"product_tag","embeddable":true,"href":"https:\/\/www.edubreak.de\/academy\/wp-json\/wp\/v2\/product_tag?post=4394"}],"curies":[{"name":"wp","href":"https:\/\/api.w.org\/{rel}","templated":true}]}}