{"id":4402,"date":"2024-06-05T09:15:21","date_gmt":"2024-06-05T09:15:21","guid":{"rendered":"https:\/\/www.edubreak.de\/academy\/?post_type=product&#038;p=4402"},"modified":"2025-10-15T09:47:56","modified_gmt":"2025-10-15T09:47:56","slug":"ick-die-rolle-der-eltern-im-sport","status":"publish","type":"product","link":"https:\/\/www.edubreak.de\/academy\/produkt\/ick-die-rolle-der-eltern-im-sport\/","title":{"rendered":"ICK: Die Rolle der Eltern im Sport"},"content":{"rendered":"<p><span style=\"font-weight: 400;\">Eltern sind im Kinder- und Jugendsport wichtige Partner:innen. Sie sind in der Regel die zentralen Bezugspersonen ihrer Kinder und pr\u00e4gen ihre Entwicklung ma\u00dfgeblich. Wie kann ich als Trainer:in Eltern richtig einbinden und mitnehmen, sodass sie meine Arbeit unterst\u00fctzen? Wie kann ich als Trainer:in ein positives Umfeld f\u00fcr die Eltern schaffen? Dieser Kurs vermittelt dir das Thema Eltern im Kindersport anhand der Materialien von ICOACHKIDS. Nutze diesen <b>kostenfreien <\/b>Selbstlernkurs als edubreak\u00ae Kunde f\u00fcr ein selbstgesteuertes Lernerlebnis zum Thema Elternarbeit. <\/span><\/p>\n<p><b>Termine<\/b>: Kursstart ab 01.07.2024 (Kurszugang f\u00fcr ein Jahr)<\/p>\n<p><b>Inhalt: <\/b><span style=\"font-weight: 400;\">Der Kurs beinhaltet Videomaterial in einer Gesamtl\u00e4nge von 08:27 min.<\/span><\/p>\n<ul>\n<li style=\"font-weight: 400;\" aria-level=\"4\"><span style=\"font-weight: 400;\">Aufgabe 01: Deine eigenen Erfahrungen<\/span><\/li>\n<li style=\"font-weight: 400;\" aria-level=\"4\"><span style=\"font-weight: 400;\">Aufgabe 02: Die Bedeutung von Eltern im Sport<\/span><\/li>\n<li style=\"font-weight: 400;\" aria-level=\"4\"><span style=\"font-weight: 400;\">Aufgabe 03: Ein positives Umfeld gestalten<\/span><\/li>\n<li style=\"font-weight: 400;\" aria-level=\"4\"><span style=\"font-weight: 400;\">Aufgabe 04: Eltern aktiv einbeziehen<\/span><\/li>\n<li style=\"font-weight: 400;\" aria-level=\"4\"><span style=\"font-weight: 400;\">Aufgabe 05: Abschluss und Quiz<\/span><\/li>\n<\/ul>\n<p><strong>Voraussetzungen:<\/strong><span style=\"font-weight: 400;\"> keine<br \/>\n<\/span><\/p>\n<p><span style=\"color: #000000;\"><strong>Hinweis: <\/strong><\/span>Dieser Kurs findet im Selbstlernformat statt und es gibt keine Betreuung durch Referierende. Es erwarten Dich ausschlie\u00dflich EDV-gest\u00fctzte Tests, wie beispielsweise Multiple-Choice-Aufgaben und es findet keine individuelle Lernerfolgskontrolle statt.<b>\u00a0<\/b><\/p>\n<hr \/>\n<p><img data-recalc-dims=\"1\" fetchpriority=\"high\" decoding=\"async\" class=\"alignnone wp-image-4739\" src=\"https:\/\/i0.wp.com\/www.edubreak.de\/academy\/wp-content\/uploads\/2024\/06\/Academy-Ablaufplaene-Kopie-von-Kopie-von-Neues-Design3.jpg?resize=706%2C872&#038;ssl=1\" alt=\"\" width=\"706\" height=\"872\" srcset=\"https:\/\/i0.wp.com\/www.edubreak.de\/academy\/wp-content\/uploads\/2024\/06\/Academy-Ablaufplaene-Kopie-von-Kopie-von-Neues-Design3-scaled.jpg?resize=243%2C300&amp;ssl=1 243w, https:\/\/i0.wp.com\/www.edubreak.de\/academy\/wp-content\/uploads\/2024\/06\/Academy-Ablaufplaene-Kopie-von-Kopie-von-Neues-Design3-scaled.jpg?resize=830%2C1024&amp;ssl=1 830w, https:\/\/i0.wp.com\/www.edubreak.de\/academy\/wp-content\/uploads\/2024\/06\/Academy-Ablaufplaene-Kopie-von-Kopie-von-Neues-Design3-scaled.jpg?resize=768%2C948&amp;ssl=1 768w, https:\/\/i0.wp.com\/www.edubreak.de\/academy\/wp-content\/uploads\/2024\/06\/Academy-Ablaufplaene-Kopie-von-Kopie-von-Neues-Design3-scaled.jpg?resize=1245%2C1536&amp;ssl=1 1245w, https:\/\/i0.wp.com\/www.edubreak.de\/academy\/wp-content\/uploads\/2024\/06\/Academy-Ablaufplaene-Kopie-von-Kopie-von-Neues-Design3-scaled.jpg?resize=1660%2C2048&amp;ssl=1 1660w, https:\/\/i0.wp.com\/www.edubreak.de\/academy\/wp-content\/uploads\/2024\/06\/Academy-Ablaufplaene-Kopie-von-Kopie-von-Neues-Design3-scaled.jpg?resize=600%2C740&amp;ssl=1 600w\" sizes=\"(max-width: 706px) 100vw, 706px\" \/><\/p>\n","protected":false},"excerpt":{"rendered":"<p><span style=\"color: #539dc1;\">Wie kann ich als Trainer:in ein positives Umfeld f\u00fcr die Eltern schaffen? Dieser Kurs vermittelt dir das Thema Eltern im Kindersport anhand der Materialien von ICOACHKIDS.\u00a0<\/span><\/p>\n<p><span style=\"font-weight: 400; color: #2884b2;\">\ud83d\udc49 <strong>Du m\u00f6chtest den Kurs f\u00fcr deine Organisation buchen? <\/strong><\/span><span style=\"font-weight: 400; color: #2884b2;\">Dann sprich einfach deine Ansprechperson bei uns an oder melde dich \u00fcber <strong><a href=\"https:\/\/www.edubreak.de\/kontakt\/\" target=\"_blank\" rel=\"noopener\"><span style=\"color: #f35935;\">unsere Kontaktseite<\/span> <\/a><\/strong>bzw. per E-Mail an &#105;&#x6e;f&#111;&#x40;&#101;&#x64;u&#98;&#x72;e&#x61;&#x6b;&#46;&#x64;e.<\/span><\/p>\n","protected":false},"featured_media":4362,"comment_status":"open","ping_status":"closed","template":"","meta":{"neve_meta_sidebar":"","neve_meta_container":"","neve_meta_enable_content_width":"off","neve_meta_content_width":70,"neve_meta_title_alignment":"","neve_meta_author_avatar":"","neve_post_elements_order":"","neve_meta_disable_header":"","neve_meta_disable_footer":"","neve_meta_disable_title":""},"product_cat":[193],"product_tag":[],"class_list":{"0":"post-4402","1":"product","2":"type-product","3":"status-publish","4":"has-post-thumbnail","6":"product_cat-e-learning-kurse","8":"first","9":"instock","10":"taxable","11":"shipping-taxable","12":"purchasable","13":"product-type-simple"},"yoast_head":"<!-- This site is optimized with the Yoast SEO plugin v23.5 - https:\/\/yoast.com\/wordpress\/plugins\/seo\/ -->\n<title>ICK: Die Rolle der Eltern im Sport - edubreak\u00aeACADEMY<\/title>\n<meta name=\"description\" content=\"edubreak\u00aeACADEMY Lerne mit dem Kurs,wie kann ich als Trainer:in Eltern richtig einbinden, sodass sie meine Arbeit unterst\u00fctzen?\" \/>\n<meta name=\"robots\" content=\"index, follow, max-snippet:-1, max-image-preview:large, max-video-preview:-1\" \/>\n<link rel=\"canonical\" href=\"https:\/\/www.edubreak.de\/academy\/produkt\/ick-die-rolle-der-eltern-im-sport\/\" \/>\n<meta property=\"og:locale\" content=\"de_DE\" \/>\n<meta property=\"og:type\" content=\"article\" \/>\n<meta property=\"og:title\" content=\"ICK: Die Rolle der Eltern im Sport - edubreak\u00aeACADEMY\" \/>\n<meta property=\"og:description\" content=\"edubreak\u00aeACADEMY Lerne mit dem Kurs,wie kann ich als Trainer:in Eltern richtig einbinden, sodass sie meine Arbeit unterst\u00fctzen?\" \/>\n<meta property=\"og:url\" content=\"https:\/\/www.edubreak.de\/academy\/produkt\/ick-die-rolle-der-eltern-im-sport\/\" \/>\n<meta property=\"og:site_name\" content=\"edubreak\u00aeACADEMY\" \/>\n<meta property=\"article:modified_time\" content=\"2025-10-15T09:47:56+00:00\" \/>\n<meta property=\"og:image\" content=\"https:\/\/www.edubreak.de\/academy\/wp-content\/uploads\/2024\/05\/eb-Academy-Rebrand-Kurs-icoachkids-Eltern.png\" \/>\n\t<meta property=\"og:image:width\" content=\"544\" \/>\n\t<meta property=\"og:image:height\" content=\"528\" \/>\n\t<meta property=\"og:image:type\" content=\"image\/png\" \/>\n<meta name=\"twitter:card\" content=\"summary_large_image\" \/>\n<meta name=\"twitter:label1\" content=\"Gesch\u00e4tzte Lesezeit\" \/>\n\t<meta name=\"twitter:data1\" content=\"2\u00a0Minuten\" \/>\n<script type=\"application\/ld+json\" class=\"yoast-schema-graph\">{\"@context\":\"https:\/\/schema.org\",\"@graph\":[{\"@type\":\"WebPage\",\"@id\":\"https:\/\/www.edubreak.de\/academy\/produkt\/ick-die-rolle-der-eltern-im-sport\/\",\"url\":\"https:\/\/www.edubreak.de\/academy\/produkt\/ick-die-rolle-der-eltern-im-sport\/\",\"name\":\"ICK: Die Rolle der Eltern im Sport - edubreak\u00aeACADEMY\",\"isPartOf\":{\"@id\":\"https:\/\/www.edubreak.de\/academy\/#website\"},\"primaryImageOfPage\":{\"@id\":\"https:\/\/www.edubreak.de\/academy\/produkt\/ick-die-rolle-der-eltern-im-sport\/#primaryimage\"},\"image\":{\"@id\":\"https:\/\/www.edubreak.de\/academy\/produkt\/ick-die-rolle-der-eltern-im-sport\/#primaryimage\"},\"thumbnailUrl\":\"https:\/\/i0.wp.com\/www.edubreak.de\/academy\/wp-content\/uploads\/2024\/05\/eb-Academy-Rebrand-Kurs-icoachkids-Eltern.png?fit=544%2C528&ssl=1\",\"datePublished\":\"2024-06-05T09:15:21+00:00\",\"dateModified\":\"2025-10-15T09:47:56+00:00\",\"description\":\"edubreak\u00aeACADEMY Lerne mit dem Kurs,wie kann ich als Trainer:in Eltern richtig einbinden, sodass sie meine Arbeit unterst\u00fctzen?\",\"breadcrumb\":{\"@id\":\"https:\/\/www.edubreak.de\/academy\/produkt\/ick-die-rolle-der-eltern-im-sport\/#breadcrumb\"},\"inLanguage\":\"de\",\"potentialAction\":[{\"@type\":\"ReadAction\",\"target\":[\"https:\/\/www.edubreak.de\/academy\/produkt\/ick-die-rolle-der-eltern-im-sport\/\"]}]},{\"@type\":\"ImageObject\",\"inLanguage\":\"de\",\"@id\":\"https:\/\/www.edubreak.de\/academy\/produkt\/ick-die-rolle-der-eltern-im-sport\/#primaryimage\",\"url\":\"https:\/\/i0.wp.com\/www.edubreak.de\/academy\/wp-content\/uploads\/2024\/05\/eb-Academy-Rebrand-Kurs-icoachkids-Eltern.png?fit=544%2C528&ssl=1\",\"contentUrl\":\"https:\/\/i0.wp.com\/www.edubreak.de\/academy\/wp-content\/uploads\/2024\/05\/eb-Academy-Rebrand-Kurs-icoachkids-Eltern.png?fit=544%2C528&ssl=1\",\"width\":544,\"height\":528},{\"@type\":\"BreadcrumbList\",\"@id\":\"https:\/\/www.edubreak.de\/academy\/produkt\/ick-die-rolle-der-eltern-im-sport\/#breadcrumb\",\"itemListElement\":[{\"@type\":\"ListItem\",\"position\":1,\"name\":\"Home\",\"item\":\"https:\/\/www.edubreak.de\/academy\/\"},{\"@type\":\"ListItem\",\"position\":2,\"name\":\"Kurse\",\"item\":\"https:\/\/www.edubreak.de\/academy\/kurse-alt\/\"},{\"@type\":\"ListItem\",\"position\":3,\"name\":\"ICK: Die Rolle der Eltern im Sport\"}]},{\"@type\":\"WebSite\",\"@id\":\"https:\/\/www.edubreak.de\/academy\/#website\",\"url\":\"https:\/\/www.edubreak.de\/academy\/\",\"name\":\"edubreak\u00aeACADEMY\",\"description\":\"Schulungen und Weiterbildungen f\u00fcr Referierende und Community Manager:innen\",\"publisher\":{\"@id\":\"https:\/\/www.edubreak.de\/academy\/#organization\"},\"potentialAction\":[{\"@type\":\"SearchAction\",\"target\":{\"@type\":\"EntryPoint\",\"urlTemplate\":\"https:\/\/www.edubreak.de\/academy\/?s={search_term_string}\"},\"query-input\":{\"@type\":\"PropertyValueSpecification\",\"valueRequired\":true,\"valueName\":\"search_term_string\"}}],\"inLanguage\":\"de\"},{\"@type\":\"Organization\",\"@id\":\"https:\/\/www.edubreak.de\/academy\/#organization\",\"name\":\"edubreak\u00aeACADEMY\",\"url\":\"https:\/\/www.edubreak.de\/academy\/\",\"logo\":{\"@type\":\"ImageObject\",\"inLanguage\":\"de\",\"@id\":\"https:\/\/www.edubreak.de\/academy\/#\/schema\/logo\/image\/\",\"url\":\"https:\/\/i0.wp.com\/www.edubreak.de\/academy\/wp-content\/uploads\/2023\/09\/edubreak-academy-logo-standard.png?fit=1194%2C296&ssl=1\",\"contentUrl\":\"https:\/\/i0.wp.com\/www.edubreak.de\/academy\/wp-content\/uploads\/2023\/09\/edubreak-academy-logo-standard.png?fit=1194%2C296&ssl=1\",\"width\":1194,\"height\":296,\"caption\":\"edubreak\u00aeACADEMY\"},\"image\":{\"@id\":\"https:\/\/www.edubreak.de\/academy\/#\/schema\/logo\/image\/\"}}]}<\/script>\n<!-- \/ Yoast SEO plugin. -->","yoast_head_json":{"title":"ICK: Die Rolle der Eltern im Sport - edubreak\u00aeACADEMY","description":"edubreak\u00aeACADEMY Lerne mit dem Kurs,wie kann ich als Trainer:in Eltern richtig einbinden, sodass sie meine Arbeit unterst\u00fctzen?","robots":{"index":"index","follow":"follow","max-snippet":"max-snippet:-1","max-image-preview":"max-image-preview:large","max-video-preview":"max-video-preview:-1"},"canonical":"https:\/\/www.edubreak.de\/academy\/produkt\/ick-die-rolle-der-eltern-im-sport\/","og_locale":"de_DE","og_type":"article","og_title":"ICK: Die Rolle der Eltern im Sport - edubreak\u00aeACADEMY","og_description":"edubreak\u00aeACADEMY Lerne mit dem Kurs,wie kann ich als Trainer:in Eltern richtig einbinden, sodass sie meine Arbeit unterst\u00fctzen?","og_url":"https:\/\/www.edubreak.de\/academy\/produkt\/ick-die-rolle-der-eltern-im-sport\/","og_site_name":"edubreak\u00aeACADEMY","article_modified_time":"2025-10-15T09:47:56+00:00","og_image":[{"width":544,"height":528,"url":"https:\/\/www.edubreak.de\/academy\/wp-content\/uploads\/2024\/05\/eb-Academy-Rebrand-Kurs-icoachkids-Eltern.png","type":"image\/png"}],"twitter_card":"summary_large_image","twitter_misc":{"Gesch\u00e4tzte Lesezeit":"2\u00a0Minuten"},"schema":{"@context":"https:\/\/schema.org","@graph":[{"@type":"WebPage","@id":"https:\/\/www.edubreak.de\/academy\/produkt\/ick-die-rolle-der-eltern-im-sport\/","url":"https:\/\/www.edubreak.de\/academy\/produkt\/ick-die-rolle-der-eltern-im-sport\/","name":"ICK: Die Rolle der Eltern im Sport - edubreak\u00aeACADEMY","isPartOf":{"@id":"https:\/\/www.edubreak.de\/academy\/#website"},"primaryImageOfPage":{"@id":"https:\/\/www.edubreak.de\/academy\/produkt\/ick-die-rolle-der-eltern-im-sport\/#primaryimage"},"image":{"@id":"https:\/\/www.edubreak.de\/academy\/produkt\/ick-die-rolle-der-eltern-im-sport\/#primaryimage"},"thumbnailUrl":"https:\/\/i0.wp.com\/www.edubreak.de\/academy\/wp-content\/uploads\/2024\/05\/eb-Academy-Rebrand-Kurs-icoachkids-Eltern.png?fit=544%2C528&ssl=1","datePublished":"2024-06-05T09:15:21+00:00","dateModified":"2025-10-15T09:47:56+00:00","description":"edubreak\u00aeACADEMY Lerne mit dem Kurs,wie kann ich als Trainer:in Eltern richtig einbinden, sodass sie meine Arbeit unterst\u00fctzen?","breadcrumb":{"@id":"https:\/\/www.edubreak.de\/academy\/produkt\/ick-die-rolle-der-eltern-im-sport\/#breadcrumb"},"inLanguage":"de","potentialAction":[{"@type":"ReadAction","target":["https:\/\/www.edubreak.de\/academy\/produkt\/ick-die-rolle-der-eltern-im-sport\/"]}]},{"@type":"ImageObject","inLanguage":"de","@id":"https:\/\/www.edubreak.de\/academy\/produkt\/ick-die-rolle-der-eltern-im-sport\/#primaryimage","url":"https:\/\/i0.wp.com\/www.edubreak.de\/academy\/wp-content\/uploads\/2024\/05\/eb-Academy-Rebrand-Kurs-icoachkids-Eltern.png?fit=544%2C528&ssl=1","contentUrl":"https:\/\/i0.wp.com\/www.edubreak.de\/academy\/wp-content\/uploads\/2024\/05\/eb-Academy-Rebrand-Kurs-icoachkids-Eltern.png?fit=544%2C528&ssl=1","width":544,"height":528},{"@type":"BreadcrumbList","@id":"https:\/\/www.edubreak.de\/academy\/produkt\/ick-die-rolle-der-eltern-im-sport\/#breadcrumb","itemListElement":[{"@type":"ListItem","position":1,"name":"Home","item":"https:\/\/www.edubreak.de\/academy\/"},{"@type":"ListItem","position":2,"name":"Kurse","item":"https:\/\/www.edubreak.de\/academy\/kurse-alt\/"},{"@type":"ListItem","position":3,"name":"ICK: Die Rolle der Eltern im Sport"}]},{"@type":"WebSite","@id":"https:\/\/www.edubreak.de\/academy\/#website","url":"https:\/\/www.edubreak.de\/academy\/","name":"edubreak\u00aeACADEMY","description":"Schulungen und Weiterbildungen f\u00fcr Referierende und Community Manager:innen","publisher":{"@id":"https:\/\/www.edubreak.de\/academy\/#organization"},"potentialAction":[{"@type":"SearchAction","target":{"@type":"EntryPoint","urlTemplate":"https:\/\/www.edubreak.de\/academy\/?s={search_term_string}"},"query-input":{"@type":"PropertyValueSpecification","valueRequired":true,"valueName":"search_term_string"}}],"inLanguage":"de"},{"@type":"Organization","@id":"https:\/\/www.edubreak.de\/academy\/#organization","name":"edubreak\u00aeACADEMY","url":"https:\/\/www.edubreak.de\/academy\/","logo":{"@type":"ImageObject","inLanguage":"de","@id":"https:\/\/www.edubreak.de\/academy\/#\/schema\/logo\/image\/","url":"https:\/\/i0.wp.com\/www.edubreak.de\/academy\/wp-content\/uploads\/2023\/09\/edubreak-academy-logo-standard.png?fit=1194%2C296&ssl=1","contentUrl":"https:\/\/i0.wp.com\/www.edubreak.de\/academy\/wp-content\/uploads\/2023\/09\/edubreak-academy-logo-standard.png?fit=1194%2C296&ssl=1","width":1194,"height":296,"caption":"edubreak\u00aeACADEMY"},"image":{"@id":"https:\/\/www.edubreak.de\/academy\/#\/schema\/logo\/image\/"}}]}},"jetpack_sharing_enabled":true,"_links":{"self":[{"href":"https:\/\/www.edubreak.de\/academy\/wp-json\/wp\/v2\/product\/4402"}],"collection":[{"href":"https:\/\/www.edubreak.de\/academy\/wp-json\/wp\/v2\/product"}],"about":[{"href":"https:\/\/www.edubreak.de\/academy\/wp-json\/wp\/v2\/types\/product"}],"replies":[{"embeddable":true,"href":"https:\/\/www.edubreak.de\/academy\/wp-json\/wp\/v2\/comments?post=4402"}],"wp:featuredmedia":[{"embeddable":true,"href":"https:\/\/www.edubreak.de\/academy\/wp-json\/wp\/v2\/media\/4362"}],"wp:attachment":[{"href":"https:\/\/www.edubreak.de\/academy\/wp-json\/wp\/v2\/media?parent=4402"}],"wp:term":[{"taxonomy":"product_cat","embeddable":true,"href":"https:\/\/www.edubreak.de\/academy\/wp-json\/wp\/v2\/product_cat?post=4402"},{"taxonomy":"product_tag","embeddable":true,"href":"https:\/\/www.edubreak.de\/academy\/wp-json\/wp\/v2\/product_tag?post=4402"}],"curies":[{"name":"wp","href":"https:\/\/api.w.org\/{rel}","templated":true}]}}