{"id":4404,"date":"2024-06-05T09:49:11","date_gmt":"2024-06-05T09:49:11","guid":{"rendered":"https:\/\/www.edubreak.de\/academy\/?post_type=product&#038;p=4404"},"modified":"2025-10-15T09:47:41","modified_gmt":"2025-10-15T09:47:41","slug":"ick-kinder-im-sport-schuetzen","status":"publish","type":"product","link":"https:\/\/www.edubreak.de\/academy\/produkt\/ick-kinder-im-sport-schuetzen\/","title":{"rendered":"ICK: Kinder im Sport sch\u00fctzen"},"content":{"rendered":"<p>Trainer:innen haben die Verantwortung, sicherzustellen, dass Sport sowohl Spa\u00df macht als auch Freude bereitet und dass Kinder vielf\u00e4ltige pers\u00f6nliche und k\u00f6rperliche F\u00e4higkeiten erlernen. Wichtiger als alles andere ist jedoch, sicherzustellen, dass Kinder w\u00e4hrend des Sports ausreichend gesch\u00fctzt sind. Wie k\u00f6nnen Trainer:innen sicherstellen, dass das Sporterlebnis nicht nur positiv, sondern auch sicher ist? Was k\u00f6nnen Anzeichen f\u00fcr Kindeswohlgef\u00e4hrdung sein? Welche Ma\u00dfnahmen sollten bei einem Verdacht auf Gef\u00e4hrdung ergriffen werden?<\/p>\n<p><span style=\"font-weight: 400;\">Dieser Kurs vermittelt dir das Thema <i>Kinder im Sport sch\u00fctzen<\/i> anhand der Materialien von ICOACHKIDS. Nutze diesen kostenfreien Selbstlernkurs als edubreak\u00ae Kunde f\u00fcr ein selbstgesteuertes Lernerlebnis zum Thema Kinderschutz im Sport.<br \/>\n<\/span><\/p>\n<p><b>Termine<\/b>: Kursstart ab 01.07.2024 (Kurszugang f\u00fcr ein Jahr)<\/p>\n<p><b>Inhalt: <\/b><span style=\"font-weight: 400;\">Der Kurs beinhaltet Videomaterial in einer Gesamtl\u00e4nge von 50:21 min.<\/span><\/p>\n<ul>\n<li style=\"font-weight: 400;\" aria-level=\"4\"><span style=\"font-weight: 400;\">Aufgabe 01a: Eine realistische Darstellung der Situation<\/span><\/li>\n<li style=\"font-weight: 400;\" aria-level=\"4\"><span style=\"font-weight: 400;\">Aufgabe 01b: Reflexion \u00fcber das, was Du im Sport beobachten musst<\/span><\/li>\n<li style=\"font-weight: 400;\" aria-level=\"4\"><span style=\"font-weight: 400;\">Aufgabe 02a: Kindeswohlgef\u00e4hrdung im Sport<\/span><\/li>\n<li style=\"font-weight: 400;\" aria-level=\"4\"><span style=\"font-weight: 400;\">Aufgabe 02b: Folgen von und Anzeichen f\u00fcr Kindeswohlgef\u00e4hrdung<\/span><\/li>\n<li style=\"font-weight: 400;\" aria-level=\"4\"><span style=\"font-weight: 400;\">Aufgabe 03a: Pr\u00e4ventive Ma\u00dfnahmen zur Verhinderung von Kindeswohlgef\u00e4hrdung im Sport<\/span><\/li>\n<li style=\"font-weight: 400;\" aria-level=\"4\"><span style=\"font-weight: 400;\">Aufgabe 03b: Ressourcen und Qualifizierungen, die Dir zur Verf\u00fcgung stehen<\/span><\/li>\n<li style=\"font-weight: 400;\" aria-level=\"4\"><span style=\"font-weight: 400;\">Aufgabe 04a: Ma\u00dfnahmen der Intervention<\/span><\/li>\n<li style=\"font-weight: 400;\" aria-level=\"4\"><span style=\"font-weight: 400;\">Aufgabe 04b: Fallstudie<\/span><\/li>\n<li style=\"font-weight: 400;\" aria-level=\"4\"><span style=\"font-weight: 400;\">Aufgabe 05: Was bedeutet es, als Trainer:in auf der sicheren Seite zu bleiben?<\/span><\/li>\n<li style=\"font-weight: 400;\" aria-level=\"4\"><span style=\"font-weight: 400;\">Aufgabe 06a: Zusammenfassung und Fazit<\/span><\/li>\n<\/ul>\n<p><strong>Voraussetzungen:<\/strong><span style=\"font-weight: 400;\"> keine<br \/>\n<\/span><\/p>\n<p><span style=\"color: #000000;\"><strong>Hinweis: <\/strong><\/span>Dieser Kurs findet im Selbstlernformat statt und es gibt keine Betreuung durch Referierende. Es erwarten Dich ausschlie\u00dflich EDV-gest\u00fctzte Tests, wie beispielsweise Multiple-Choice-Aufgaben und es findet keine individuelle Lernerfolgskontrolle statt.<b>\u00a0<\/b><\/p>\n<hr \/>\n<p><img data-recalc-dims=\"1\" fetchpriority=\"high\" decoding=\"async\" class=\"alignnone wp-image-4737\" src=\"https:\/\/i0.wp.com\/www.edubreak.de\/academy\/wp-content\/uploads\/2024\/06\/Academy-Ablaufplaene-Kopie-von-Kopie-von-Neues-Design2.jpg?resize=648%2C864&#038;ssl=1\" alt=\"\" width=\"648\" height=\"864\" srcset=\"https:\/\/i0.wp.com\/www.edubreak.de\/academy\/wp-content\/uploads\/2024\/06\/Academy-Ablaufplaene-Kopie-von-Kopie-von-Neues-Design2-scaled.jpg?resize=225%2C300&amp;ssl=1 225w, https:\/\/i0.wp.com\/www.edubreak.de\/academy\/wp-content\/uploads\/2024\/06\/Academy-Ablaufplaene-Kopie-von-Kopie-von-Neues-Design2-scaled.jpg?resize=768%2C1024&amp;ssl=1 768w, https:\/\/i0.wp.com\/www.edubreak.de\/academy\/wp-content\/uploads\/2024\/06\/Academy-Ablaufplaene-Kopie-von-Kopie-von-Neues-Design2-scaled.jpg?resize=1152%2C1536&amp;ssl=1 1152w, https:\/\/i0.wp.com\/www.edubreak.de\/academy\/wp-content\/uploads\/2024\/06\/Academy-Ablaufplaene-Kopie-von-Kopie-von-Neues-Design2-scaled.jpg?resize=1536%2C2048&amp;ssl=1 1536w, https:\/\/i0.wp.com\/www.edubreak.de\/academy\/wp-content\/uploads\/2024\/06\/Academy-Ablaufplaene-Kopie-von-Kopie-von-Neues-Design2-scaled.jpg?resize=600%2C800&amp;ssl=1 600w, https:\/\/i0.wp.com\/www.edubreak.de\/academy\/wp-content\/uploads\/2024\/06\/Academy-Ablaufplaene-Kopie-von-Kopie-von-Neues-Design2-scaled.jpg?w=1920&amp;ssl=1 1920w\" sizes=\"(max-width: 648px) 100vw, 648px\" \/><\/p>\n","protected":false},"excerpt":{"rendered":"<p><span style=\"color: #539dc1;\">Wie k\u00f6nnen Trainer:innen sicherstellen, dass das Sporterlebnis nicht nur positiv, sondern auch sicher ist? Was k\u00f6nnen Anzeichen f\u00fcr Kindeswohlgef\u00e4hrdung sein? Dieser Kurs vermittelt dir das Thema\u00a0anhand der Materialien von ICOACHKIDS.<\/span><\/p>\n<p><span style=\"font-weight: 400; color: #2884b2;\">\ud83d\udc49 <strong>Du m\u00f6chtest den Kurs f\u00fcr deine Organisation buchen? <\/strong><\/span><span style=\"font-weight: 400; color: #2884b2;\">Dann sprich einfach deine Ansprechperson bei uns an oder melde dich \u00fcber <strong><a href=\"https:\/\/www.edubreak.de\/kontakt\/\" target=\"_blank\" rel=\"noopener\"><span style=\"color: #f35935;\">unsere Kontaktseite<\/span> <\/a><\/strong>bzw. per E-Mail an &#105;n&#x66;o&#x40;&#101;&#x64;&#117;&#x62;&#114;e&#x61;k&#x2e;&#100;&#x65;.<\/span><\/p>\n","protected":false},"featured_media":4361,"comment_status":"open","ping_status":"closed","template":"","meta":{"neve_meta_sidebar":"","neve_meta_container":"","neve_meta_enable_content_width":"off","neve_meta_content_width":70,"neve_meta_title_alignment":"","neve_meta_author_avatar":"","neve_post_elements_order":"","neve_meta_disable_header":"","neve_meta_disable_footer":"","neve_meta_disable_title":""},"product_cat":[193],"product_tag":[],"class_list":{"0":"post-4404","1":"product","2":"type-product","3":"status-publish","4":"has-post-thumbnail","6":"product_cat-e-learning-kurse","8":"first","9":"instock","10":"taxable","11":"shipping-taxable","12":"purchasable","13":"product-type-simple"},"yoast_head":"<!-- This site is optimized with the Yoast SEO plugin v23.5 - https:\/\/yoast.com\/wordpress\/plugins\/seo\/ -->\n<title>ICK: Kinder im Sport sch\u00fctzen - edubreak\u00aeACADEMY<\/title>\n<meta name=\"description\" content=\"edubreak\u00aeACADEMY Lerne mit dem Kurs, wie k\u00f6nnen Trainer:innen sicherstellen, dass das Sporterlebnis nicht nur positiv, sondern auch sicher ist?\" \/>\n<meta name=\"robots\" content=\"index, follow, max-snippet:-1, max-image-preview:large, max-video-preview:-1\" \/>\n<link rel=\"canonical\" href=\"https:\/\/www.edubreak.de\/academy\/produkt\/ick-kinder-im-sport-schuetzen\/\" \/>\n<meta property=\"og:locale\" content=\"de_DE\" \/>\n<meta property=\"og:type\" content=\"article\" \/>\n<meta property=\"og:title\" content=\"ICK: Kinder im Sport sch\u00fctzen - edubreak\u00aeACADEMY\" \/>\n<meta property=\"og:description\" content=\"edubreak\u00aeACADEMY Lerne mit dem Kurs, wie k\u00f6nnen Trainer:innen sicherstellen, dass das Sporterlebnis nicht nur positiv, sondern auch sicher ist?\" \/>\n<meta property=\"og:url\" content=\"https:\/\/www.edubreak.de\/academy\/produkt\/ick-kinder-im-sport-schuetzen\/\" \/>\n<meta property=\"og:site_name\" content=\"edubreak\u00aeACADEMY\" \/>\n<meta property=\"article:modified_time\" content=\"2025-10-15T09:47:41+00:00\" \/>\n<meta property=\"og:image\" content=\"https:\/\/www.edubreak.de\/academy\/wp-content\/uploads\/2024\/05\/eb-Academy-Rebrand-Kurs-icoachkids-Kinder-schuetzen.png\" \/>\n\t<meta property=\"og:image:width\" content=\"544\" \/>\n\t<meta property=\"og:image:height\" content=\"528\" \/>\n\t<meta property=\"og:image:type\" content=\"image\/png\" \/>\n<meta name=\"twitter:card\" content=\"summary_large_image\" \/>\n<meta name=\"twitter:label1\" content=\"Gesch\u00e4tzte Lesezeit\" \/>\n\t<meta name=\"twitter:data1\" content=\"2\u00a0Minuten\" \/>\n<script type=\"application\/ld+json\" class=\"yoast-schema-graph\">{\"@context\":\"https:\/\/schema.org\",\"@graph\":[{\"@type\":\"WebPage\",\"@id\":\"https:\/\/www.edubreak.de\/academy\/produkt\/ick-kinder-im-sport-schuetzen\/\",\"url\":\"https:\/\/www.edubreak.de\/academy\/produkt\/ick-kinder-im-sport-schuetzen\/\",\"name\":\"ICK: Kinder im Sport sch\u00fctzen - edubreak\u00aeACADEMY\",\"isPartOf\":{\"@id\":\"https:\/\/www.edubreak.de\/academy\/#website\"},\"primaryImageOfPage\":{\"@id\":\"https:\/\/www.edubreak.de\/academy\/produkt\/ick-kinder-im-sport-schuetzen\/#primaryimage\"},\"image\":{\"@id\":\"https:\/\/www.edubreak.de\/academy\/produkt\/ick-kinder-im-sport-schuetzen\/#primaryimage\"},\"thumbnailUrl\":\"https:\/\/i0.wp.com\/www.edubreak.de\/academy\/wp-content\/uploads\/2024\/05\/eb-Academy-Rebrand-Kurs-icoachkids-Kinder-schuetzen.png?fit=544%2C528&ssl=1\",\"datePublished\":\"2024-06-05T09:49:11+00:00\",\"dateModified\":\"2025-10-15T09:47:41+00:00\",\"description\":\"edubreak\u00aeACADEMY Lerne mit dem Kurs, wie k\u00f6nnen Trainer:innen sicherstellen, dass das Sporterlebnis nicht nur positiv, sondern auch sicher ist?\",\"breadcrumb\":{\"@id\":\"https:\/\/www.edubreak.de\/academy\/produkt\/ick-kinder-im-sport-schuetzen\/#breadcrumb\"},\"inLanguage\":\"de\",\"potentialAction\":[{\"@type\":\"ReadAction\",\"target\":[\"https:\/\/www.edubreak.de\/academy\/produkt\/ick-kinder-im-sport-schuetzen\/\"]}]},{\"@type\":\"ImageObject\",\"inLanguage\":\"de\",\"@id\":\"https:\/\/www.edubreak.de\/academy\/produkt\/ick-kinder-im-sport-schuetzen\/#primaryimage\",\"url\":\"https:\/\/i0.wp.com\/www.edubreak.de\/academy\/wp-content\/uploads\/2024\/05\/eb-Academy-Rebrand-Kurs-icoachkids-Kinder-schuetzen.png?fit=544%2C528&ssl=1\",\"contentUrl\":\"https:\/\/i0.wp.com\/www.edubreak.de\/academy\/wp-content\/uploads\/2024\/05\/eb-Academy-Rebrand-Kurs-icoachkids-Kinder-schuetzen.png?fit=544%2C528&ssl=1\",\"width\":544,\"height\":528},{\"@type\":\"BreadcrumbList\",\"@id\":\"https:\/\/www.edubreak.de\/academy\/produkt\/ick-kinder-im-sport-schuetzen\/#breadcrumb\",\"itemListElement\":[{\"@type\":\"ListItem\",\"position\":1,\"name\":\"Home\",\"item\":\"https:\/\/www.edubreak.de\/academy\/\"},{\"@type\":\"ListItem\",\"position\":2,\"name\":\"Kurse\",\"item\":\"https:\/\/www.edubreak.de\/academy\/kurse-alt\/\"},{\"@type\":\"ListItem\",\"position\":3,\"name\":\"ICK: Kinder im Sport sch\u00fctzen\"}]},{\"@type\":\"WebSite\",\"@id\":\"https:\/\/www.edubreak.de\/academy\/#website\",\"url\":\"https:\/\/www.edubreak.de\/academy\/\",\"name\":\"edubreak\u00aeACADEMY\",\"description\":\"Schulungen und Weiterbildungen f\u00fcr Referierende und Community Manager:innen\",\"publisher\":{\"@id\":\"https:\/\/www.edubreak.de\/academy\/#organization\"},\"potentialAction\":[{\"@type\":\"SearchAction\",\"target\":{\"@type\":\"EntryPoint\",\"urlTemplate\":\"https:\/\/www.edubreak.de\/academy\/?s={search_term_string}\"},\"query-input\":{\"@type\":\"PropertyValueSpecification\",\"valueRequired\":true,\"valueName\":\"search_term_string\"}}],\"inLanguage\":\"de\"},{\"@type\":\"Organization\",\"@id\":\"https:\/\/www.edubreak.de\/academy\/#organization\",\"name\":\"edubreak\u00aeACADEMY\",\"url\":\"https:\/\/www.edubreak.de\/academy\/\",\"logo\":{\"@type\":\"ImageObject\",\"inLanguage\":\"de\",\"@id\":\"https:\/\/www.edubreak.de\/academy\/#\/schema\/logo\/image\/\",\"url\":\"https:\/\/i0.wp.com\/www.edubreak.de\/academy\/wp-content\/uploads\/2023\/09\/edubreak-academy-logo-standard.png?fit=1194%2C296&ssl=1\",\"contentUrl\":\"https:\/\/i0.wp.com\/www.edubreak.de\/academy\/wp-content\/uploads\/2023\/09\/edubreak-academy-logo-standard.png?fit=1194%2C296&ssl=1\",\"width\":1194,\"height\":296,\"caption\":\"edubreak\u00aeACADEMY\"},\"image\":{\"@id\":\"https:\/\/www.edubreak.de\/academy\/#\/schema\/logo\/image\/\"}}]}<\/script>\n<!-- \/ Yoast SEO plugin. -->","yoast_head_json":{"title":"ICK: Kinder im Sport sch\u00fctzen - edubreak\u00aeACADEMY","description":"edubreak\u00aeACADEMY Lerne mit dem Kurs, wie k\u00f6nnen Trainer:innen sicherstellen, dass das Sporterlebnis nicht nur positiv, sondern auch sicher ist?","robots":{"index":"index","follow":"follow","max-snippet":"max-snippet:-1","max-image-preview":"max-image-preview:large","max-video-preview":"max-video-preview:-1"},"canonical":"https:\/\/www.edubreak.de\/academy\/produkt\/ick-kinder-im-sport-schuetzen\/","og_locale":"de_DE","og_type":"article","og_title":"ICK: Kinder im Sport sch\u00fctzen - edubreak\u00aeACADEMY","og_description":"edubreak\u00aeACADEMY Lerne mit dem Kurs, wie k\u00f6nnen Trainer:innen sicherstellen, dass das Sporterlebnis nicht nur positiv, sondern auch sicher ist?","og_url":"https:\/\/www.edubreak.de\/academy\/produkt\/ick-kinder-im-sport-schuetzen\/","og_site_name":"edubreak\u00aeACADEMY","article_modified_time":"2025-10-15T09:47:41+00:00","og_image":[{"width":544,"height":528,"url":"https:\/\/www.edubreak.de\/academy\/wp-content\/uploads\/2024\/05\/eb-Academy-Rebrand-Kurs-icoachkids-Kinder-schuetzen.png","type":"image\/png"}],"twitter_card":"summary_large_image","twitter_misc":{"Gesch\u00e4tzte Lesezeit":"2\u00a0Minuten"},"schema":{"@context":"https:\/\/schema.org","@graph":[{"@type":"WebPage","@id":"https:\/\/www.edubreak.de\/academy\/produkt\/ick-kinder-im-sport-schuetzen\/","url":"https:\/\/www.edubreak.de\/academy\/produkt\/ick-kinder-im-sport-schuetzen\/","name":"ICK: Kinder im Sport sch\u00fctzen - edubreak\u00aeACADEMY","isPartOf":{"@id":"https:\/\/www.edubreak.de\/academy\/#website"},"primaryImageOfPage":{"@id":"https:\/\/www.edubreak.de\/academy\/produkt\/ick-kinder-im-sport-schuetzen\/#primaryimage"},"image":{"@id":"https:\/\/www.edubreak.de\/academy\/produkt\/ick-kinder-im-sport-schuetzen\/#primaryimage"},"thumbnailUrl":"https:\/\/i0.wp.com\/www.edubreak.de\/academy\/wp-content\/uploads\/2024\/05\/eb-Academy-Rebrand-Kurs-icoachkids-Kinder-schuetzen.png?fit=544%2C528&ssl=1","datePublished":"2024-06-05T09:49:11+00:00","dateModified":"2025-10-15T09:47:41+00:00","description":"edubreak\u00aeACADEMY Lerne mit dem Kurs, wie k\u00f6nnen Trainer:innen sicherstellen, dass das Sporterlebnis nicht nur positiv, sondern auch sicher ist?","breadcrumb":{"@id":"https:\/\/www.edubreak.de\/academy\/produkt\/ick-kinder-im-sport-schuetzen\/#breadcrumb"},"inLanguage":"de","potentialAction":[{"@type":"ReadAction","target":["https:\/\/www.edubreak.de\/academy\/produkt\/ick-kinder-im-sport-schuetzen\/"]}]},{"@type":"ImageObject","inLanguage":"de","@id":"https:\/\/www.edubreak.de\/academy\/produkt\/ick-kinder-im-sport-schuetzen\/#primaryimage","url":"https:\/\/i0.wp.com\/www.edubreak.de\/academy\/wp-content\/uploads\/2024\/05\/eb-Academy-Rebrand-Kurs-icoachkids-Kinder-schuetzen.png?fit=544%2C528&ssl=1","contentUrl":"https:\/\/i0.wp.com\/www.edubreak.de\/academy\/wp-content\/uploads\/2024\/05\/eb-Academy-Rebrand-Kurs-icoachkids-Kinder-schuetzen.png?fit=544%2C528&ssl=1","width":544,"height":528},{"@type":"BreadcrumbList","@id":"https:\/\/www.edubreak.de\/academy\/produkt\/ick-kinder-im-sport-schuetzen\/#breadcrumb","itemListElement":[{"@type":"ListItem","position":1,"name":"Home","item":"https:\/\/www.edubreak.de\/academy\/"},{"@type":"ListItem","position":2,"name":"Kurse","item":"https:\/\/www.edubreak.de\/academy\/kurse-alt\/"},{"@type":"ListItem","position":3,"name":"ICK: Kinder im Sport sch\u00fctzen"}]},{"@type":"WebSite","@id":"https:\/\/www.edubreak.de\/academy\/#website","url":"https:\/\/www.edubreak.de\/academy\/","name":"edubreak\u00aeACADEMY","description":"Schulungen und Weiterbildungen f\u00fcr Referierende und Community Manager:innen","publisher":{"@id":"https:\/\/www.edubreak.de\/academy\/#organization"},"potentialAction":[{"@type":"SearchAction","target":{"@type":"EntryPoint","urlTemplate":"https:\/\/www.edubreak.de\/academy\/?s={search_term_string}"},"query-input":{"@type":"PropertyValueSpecification","valueRequired":true,"valueName":"search_term_string"}}],"inLanguage":"de"},{"@type":"Organization","@id":"https:\/\/www.edubreak.de\/academy\/#organization","name":"edubreak\u00aeACADEMY","url":"https:\/\/www.edubreak.de\/academy\/","logo":{"@type":"ImageObject","inLanguage":"de","@id":"https:\/\/www.edubreak.de\/academy\/#\/schema\/logo\/image\/","url":"https:\/\/i0.wp.com\/www.edubreak.de\/academy\/wp-content\/uploads\/2023\/09\/edubreak-academy-logo-standard.png?fit=1194%2C296&ssl=1","contentUrl":"https:\/\/i0.wp.com\/www.edubreak.de\/academy\/wp-content\/uploads\/2023\/09\/edubreak-academy-logo-standard.png?fit=1194%2C296&ssl=1","width":1194,"height":296,"caption":"edubreak\u00aeACADEMY"},"image":{"@id":"https:\/\/www.edubreak.de\/academy\/#\/schema\/logo\/image\/"}}]}},"jetpack_sharing_enabled":true,"_links":{"self":[{"href":"https:\/\/www.edubreak.de\/academy\/wp-json\/wp\/v2\/product\/4404"}],"collection":[{"href":"https:\/\/www.edubreak.de\/academy\/wp-json\/wp\/v2\/product"}],"about":[{"href":"https:\/\/www.edubreak.de\/academy\/wp-json\/wp\/v2\/types\/product"}],"replies":[{"embeddable":true,"href":"https:\/\/www.edubreak.de\/academy\/wp-json\/wp\/v2\/comments?post=4404"}],"wp:featuredmedia":[{"embeddable":true,"href":"https:\/\/www.edubreak.de\/academy\/wp-json\/wp\/v2\/media\/4361"}],"wp:attachment":[{"href":"https:\/\/www.edubreak.de\/academy\/wp-json\/wp\/v2\/media?parent=4404"}],"wp:term":[{"taxonomy":"product_cat","embeddable":true,"href":"https:\/\/www.edubreak.de\/academy\/wp-json\/wp\/v2\/product_cat?post=4404"},{"taxonomy":"product_tag","embeddable":true,"href":"https:\/\/www.edubreak.de\/academy\/wp-json\/wp\/v2\/product_tag?post=4404"}],"curies":[{"name":"wp","href":"https:\/\/api.w.org\/{rel}","templated":true}]}}