{"id":5200,"date":"2024-10-29T09:22:08","date_gmt":"2024-10-29T09:22:08","guid":{"rendered":"https:\/\/www.edubreak.de\/academy\/?post_type=product&#038;p=5200"},"modified":"2025-10-15T09:47:11","modified_gmt":"2025-10-15T09:47:11","slug":"der-gruene-weg-zum-sport-nachhaltige-mobilitaet-verstehen-und-nutzen","status":"publish","type":"product","link":"https:\/\/www.edubreak.de\/academy\/produkt\/der-gruene-weg-zum-sport-nachhaltige-mobilitaet-verstehen-und-nutzen\/","title":{"rendered":"Der gr\u00fcne Weg zum Sport: Nachhaltige Mobilit\u00e4t verstehen und nutzen (sportainable)"},"content":{"rendered":"<p><em>Dieser Kurs vermittelt dir die Grundlagen der<\/em><strong><em> nachhaltigen Sportmobilit\u00e4t<\/em><\/strong><em> und zeigt praxisnah auf, wie du als Engagierte:r in einem Sportverein umweltfreundliche Fortbewegungsm\u00f6glichkeiten in den Sportalltag integrieren und dein Umfeld so f\u00fcr das Thema Nachhaltigkeit sensibilisieren kannst. <\/em><\/p>\n<p><em>Dabei werden sowohl klimafreundliche Reiseoptionen als auch umweltbewusstes Verhalten im allt\u00e4glichen Vereinsleben thematisiert. <\/em><\/p>\n<p><em>Nutze diesen Selbstlernkurs unseres Kooperationspartners Sportainable, um dein Wissen im Bereich nachhaltige Sportmobilit\u00e4t zu erweitern und einen positiven Beitrag zum Klimaschutz zu leisten.<\/em><\/p>\n<p>&nbsp;<\/p>\n<p><strong>Inhalt: <\/strong>Der Kurs beinhaltet Videomaterial in einer Gesamtl\u00e4nge von 07:00 min.<\/p>\n<p>Aufgabe 1: Nachhaltige Mobilit\u00e4t im Sport &#8211; Deine Erfahrung.<\/p>\n<p>Aufgabe 2: Auswirkungen der Mobilit\u00e4t auf den \u00f6kologischen Fu\u00dfabdruck<\/p>\n<p>Aufgabe 3: Grundverst\u00e4ndnis nachhaltiger Sportmobilit\u00e4t<\/p>\n<p>Aufgabe 4: Ideen und L\u00f6sungsans\u00e4tze f\u00fcr nachhaltigere Sportmobilit\u00e4t<\/p>\n<p><strong>Zielgruppe:<\/strong> Vereinsmanager:innen, Funktionstr\u00e4ger:innen, ehrenamtliche Engagierte<\/p>\n<p><strong>Termine:<\/strong> Kursstart ab 15.11.2024 (Kurszugang f\u00fcr ein Jahr)<\/p>\n<p><strong>Voraussetzungen:<\/strong> keine<\/p>\n<p><strong>Hinweis:<\/strong> Dieser Kurs findet im Selbstlernformat statt und es gibt keine Betreuung durch Referierende. Es erwarten Dich ausschlie\u00dflich EDV-gest\u00fctzte Tests, wie beispielsweise Multiple-Choice-Aufgaben und es findet keine individuelle Lernerfolgskontrolle statt.<\/p>\n<p>&nbsp;<\/p>\n<p><img data-recalc-dims=\"1\" fetchpriority=\"high\" decoding=\"async\" class=\"alignnone wp-image-5203\" src=\"https:\/\/i0.wp.com\/www.edubreak.de\/academy\/wp-content\/uploads\/2024\/10\/Nachhaltigkeit-im-Sport-Ablaufgrafik.jpg?resize=603%2C822&#038;ssl=1\" alt=\"\" width=\"603\" height=\"822\" srcset=\"https:\/\/i0.wp.com\/www.edubreak.de\/academy\/wp-content\/uploads\/2024\/10\/Nachhaltigkeit-im-Sport-Ablaufgrafik-scaled.jpg?resize=220%2C300&amp;ssl=1 220w, https:\/\/i0.wp.com\/www.edubreak.de\/academy\/wp-content\/uploads\/2024\/10\/Nachhaltigkeit-im-Sport-Ablaufgrafik-scaled.jpg?resize=751%2C1024&amp;ssl=1 751w, https:\/\/i0.wp.com\/www.edubreak.de\/academy\/wp-content\/uploads\/2024\/10\/Nachhaltigkeit-im-Sport-Ablaufgrafik-scaled.jpg?resize=768%2C1047&amp;ssl=1 768w, https:\/\/i0.wp.com\/www.edubreak.de\/academy\/wp-content\/uploads\/2024\/10\/Nachhaltigkeit-im-Sport-Ablaufgrafik-scaled.jpg?resize=1127%2C1536&amp;ssl=1 1127w, https:\/\/i0.wp.com\/www.edubreak.de\/academy\/wp-content\/uploads\/2024\/10\/Nachhaltigkeit-im-Sport-Ablaufgrafik-scaled.jpg?resize=1502%2C2048&amp;ssl=1 1502w, https:\/\/i0.wp.com\/www.edubreak.de\/academy\/wp-content\/uploads\/2024\/10\/Nachhaltigkeit-im-Sport-Ablaufgrafik-scaled.jpg?resize=600%2C818&amp;ssl=1 600w, https:\/\/i0.wp.com\/www.edubreak.de\/academy\/wp-content\/uploads\/2024\/10\/Nachhaltigkeit-im-Sport-Ablaufgrafik-scaled.jpg?w=1878&amp;ssl=1 1878w\" sizes=\"(max-width: 603px) 100vw, 603px\" \/><\/p>\n<p>&nbsp;<\/p>\n","protected":false},"excerpt":{"rendered":"<p>In diesem Kurs erf\u00e4hrst du, wie nachhaltige Mobilit\u00e4t im Sport gelingt: Lerne, umweltfreundliche Transportm\u00f6glichkeiten in den Alltag deines Sportvereins einzubringen und dein Umfeld f\u00fcr klimafreundliches Handeln zu begeistern.<\/p>\n<p><span style=\"font-weight: 400; color: #2884b2;\">\ud83d\udc49 <strong>Du m\u00f6chtest den Kurs f\u00fcr deine Organisation buchen? <\/strong><\/span><span style=\"font-weight: 400; color: #2884b2;\">Dann sprich einfach deine Ansprechperson bei uns an oder melde dich \u00fcber <strong><a href=\"https:\/\/www.edubreak.de\/kontakt\/\" target=\"_blank\" rel=\"noopener\"><span style=\"color: #f35935;\">unsere Kontaktseite<\/span> <\/a><\/strong>bzw. per E-Mail an &#x69;&#x6e;&#x66;&#x6f;&#x40;&#x65;&#x64;&#x75;&#x62;&#x72;&#x65;&#97;&#107;&#46;&#100;&#101;.<\/span><\/p>\n","protected":false},"featured_media":5207,"comment_status":"open","ping_status":"closed","template":"","meta":{"neve_meta_sidebar":"","neve_meta_container":"","neve_meta_enable_content_width":"off","neve_meta_content_width":100,"neve_meta_title_alignment":"","neve_meta_author_avatar":"","neve_post_elements_order":"","neve_meta_disable_header":"","neve_meta_disable_footer":"","neve_meta_disable_title":""},"product_cat":[193],"product_tag":[194,163,195],"class_list":{"0":"post-5200","1":"product","2":"type-product","3":"status-publish","4":"has-post-thumbnail","6":"product_cat-e-learning-kurse","7":"product_tag-e-learning","8":"product_tag-edubreak","9":"product_tag-self-learning","11":"first","12":"instock","13":"virtual","14":"taxable","15":"purchasable","16":"product-type-simple"},"yoast_head":"<!-- This site is optimized with the Yoast SEO plugin v23.5 - https:\/\/yoast.com\/wordpress\/plugins\/seo\/ -->\n<title>Der gr\u00fcne Weg zum Sport: Nachhaltige Mobilit\u00e4t verstehen und nutzen (sportainable) - edubreak\u00aeACADEMY<\/title>\n<meta name=\"description\" content=\"Lerne die Grundlagen der nachhaltigen Sportmobilit\u00e4t kennen und lerne, wie du umweltfreundliche Fortbewegung in den Sportalltag deines Vereins integrierst.\" \/>\n<meta name=\"robots\" content=\"index, follow, max-snippet:-1, max-image-preview:large, max-video-preview:-1\" \/>\n<link rel=\"canonical\" href=\"https:\/\/www.edubreak.de\/academy\/produkt\/der-gruene-weg-zum-sport-nachhaltige-mobilitaet-verstehen-und-nutzen\/\" \/>\n<meta property=\"og:locale\" content=\"de_DE\" \/>\n<meta property=\"og:type\" content=\"article\" \/>\n<meta property=\"og:title\" content=\"Der gr\u00fcne Weg zum Sport: Nachhaltige Mobilit\u00e4t verstehen und nutzen (sportainable) - edubreak\u00aeACADEMY\" \/>\n<meta property=\"og:description\" content=\"Lerne die Grundlagen der nachhaltigen Sportmobilit\u00e4t kennen und lerne, wie du umweltfreundliche Fortbewegung in den Sportalltag deines Vereins integrierst.\" \/>\n<meta property=\"og:url\" content=\"https:\/\/www.edubreak.de\/academy\/produkt\/der-gruene-weg-zum-sport-nachhaltige-mobilitaet-verstehen-und-nutzen\/\" \/>\n<meta property=\"og:site_name\" content=\"edubreak\u00aeACADEMY\" \/>\n<meta property=\"article:modified_time\" content=\"2025-10-15T09:47:11+00:00\" \/>\n<meta property=\"og:image\" content=\"https:\/\/www.edubreak.de\/academy\/wp-content\/uploads\/2024\/10\/eb-Academy-Rebrand-Kurse-sportmobilitaet.png\" \/>\n\t<meta property=\"og:image:width\" content=\"544\" \/>\n\t<meta property=\"og:image:height\" content=\"528\" \/>\n\t<meta property=\"og:image:type\" content=\"image\/png\" \/>\n<meta name=\"twitter:card\" content=\"summary_large_image\" \/>\n<meta name=\"twitter:label1\" content=\"Gesch\u00e4tzte Lesezeit\" \/>\n\t<meta name=\"twitter:data1\" content=\"2\u00a0Minuten\" \/>\n<script type=\"application\/ld+json\" class=\"yoast-schema-graph\">{\"@context\":\"https:\/\/schema.org\",\"@graph\":[{\"@type\":\"WebPage\",\"@id\":\"https:\/\/www.edubreak.de\/academy\/produkt\/der-gruene-weg-zum-sport-nachhaltige-mobilitaet-verstehen-und-nutzen\/\",\"url\":\"https:\/\/www.edubreak.de\/academy\/produkt\/der-gruene-weg-zum-sport-nachhaltige-mobilitaet-verstehen-und-nutzen\/\",\"name\":\"Der gr\u00fcne Weg zum Sport: Nachhaltige Mobilit\u00e4t verstehen und nutzen (sportainable) - edubreak\u00aeACADEMY\",\"isPartOf\":{\"@id\":\"https:\/\/www.edubreak.de\/academy\/#website\"},\"primaryImageOfPage\":{\"@id\":\"https:\/\/www.edubreak.de\/academy\/produkt\/der-gruene-weg-zum-sport-nachhaltige-mobilitaet-verstehen-und-nutzen\/#primaryimage\"},\"image\":{\"@id\":\"https:\/\/www.edubreak.de\/academy\/produkt\/der-gruene-weg-zum-sport-nachhaltige-mobilitaet-verstehen-und-nutzen\/#primaryimage\"},\"thumbnailUrl\":\"https:\/\/i0.wp.com\/www.edubreak.de\/academy\/wp-content\/uploads\/2024\/10\/eb-Academy-Rebrand-Kurse-sportmobilitaet.png?fit=544%2C528&ssl=1\",\"datePublished\":\"2024-10-29T09:22:08+00:00\",\"dateModified\":\"2025-10-15T09:47:11+00:00\",\"description\":\"Lerne die Grundlagen der nachhaltigen Sportmobilit\u00e4t kennen und lerne, wie du umweltfreundliche Fortbewegung in den Sportalltag deines Vereins integrierst.\",\"breadcrumb\":{\"@id\":\"https:\/\/www.edubreak.de\/academy\/produkt\/der-gruene-weg-zum-sport-nachhaltige-mobilitaet-verstehen-und-nutzen\/#breadcrumb\"},\"inLanguage\":\"de\",\"potentialAction\":[{\"@type\":\"ReadAction\",\"target\":[\"https:\/\/www.edubreak.de\/academy\/produkt\/der-gruene-weg-zum-sport-nachhaltige-mobilitaet-verstehen-und-nutzen\/\"]}]},{\"@type\":\"ImageObject\",\"inLanguage\":\"de\",\"@id\":\"https:\/\/www.edubreak.de\/academy\/produkt\/der-gruene-weg-zum-sport-nachhaltige-mobilitaet-verstehen-und-nutzen\/#primaryimage\",\"url\":\"https:\/\/i0.wp.com\/www.edubreak.de\/academy\/wp-content\/uploads\/2024\/10\/eb-Academy-Rebrand-Kurse-sportmobilitaet.png?fit=544%2C528&ssl=1\",\"contentUrl\":\"https:\/\/i0.wp.com\/www.edubreak.de\/academy\/wp-content\/uploads\/2024\/10\/eb-Academy-Rebrand-Kurse-sportmobilitaet.png?fit=544%2C528&ssl=1\",\"width\":544,\"height\":528},{\"@type\":\"BreadcrumbList\",\"@id\":\"https:\/\/www.edubreak.de\/academy\/produkt\/der-gruene-weg-zum-sport-nachhaltige-mobilitaet-verstehen-und-nutzen\/#breadcrumb\",\"itemListElement\":[{\"@type\":\"ListItem\",\"position\":1,\"name\":\"Home\",\"item\":\"https:\/\/www.edubreak.de\/academy\/\"},{\"@type\":\"ListItem\",\"position\":2,\"name\":\"Kurse\",\"item\":\"https:\/\/www.edubreak.de\/academy\/kurse-alt\/\"},{\"@type\":\"ListItem\",\"position\":3,\"name\":\"Der gr\u00fcne Weg zum Sport: Nachhaltige Mobilit\u00e4t verstehen und nutzen (sportainable)\"}]},{\"@type\":\"WebSite\",\"@id\":\"https:\/\/www.edubreak.de\/academy\/#website\",\"url\":\"https:\/\/www.edubreak.de\/academy\/\",\"name\":\"edubreak\u00aeACADEMY\",\"description\":\"Schulungen und Weiterbildungen f\u00fcr Referierende und Community Manager:innen\",\"publisher\":{\"@id\":\"https:\/\/www.edubreak.de\/academy\/#organization\"},\"potentialAction\":[{\"@type\":\"SearchAction\",\"target\":{\"@type\":\"EntryPoint\",\"urlTemplate\":\"https:\/\/www.edubreak.de\/academy\/?s={search_term_string}\"},\"query-input\":{\"@type\":\"PropertyValueSpecification\",\"valueRequired\":true,\"valueName\":\"search_term_string\"}}],\"inLanguage\":\"de\"},{\"@type\":\"Organization\",\"@id\":\"https:\/\/www.edubreak.de\/academy\/#organization\",\"name\":\"edubreak\u00aeACADEMY\",\"url\":\"https:\/\/www.edubreak.de\/academy\/\",\"logo\":{\"@type\":\"ImageObject\",\"inLanguage\":\"de\",\"@id\":\"https:\/\/www.edubreak.de\/academy\/#\/schema\/logo\/image\/\",\"url\":\"https:\/\/i0.wp.com\/www.edubreak.de\/academy\/wp-content\/uploads\/2023\/09\/edubreak-academy-logo-standard.png?fit=1194%2C296&ssl=1\",\"contentUrl\":\"https:\/\/i0.wp.com\/www.edubreak.de\/academy\/wp-content\/uploads\/2023\/09\/edubreak-academy-logo-standard.png?fit=1194%2C296&ssl=1\",\"width\":1194,\"height\":296,\"caption\":\"edubreak\u00aeACADEMY\"},\"image\":{\"@id\":\"https:\/\/www.edubreak.de\/academy\/#\/schema\/logo\/image\/\"}}]}<\/script>\n<!-- \/ Yoast SEO plugin. -->","yoast_head_json":{"title":"Der gr\u00fcne Weg zum Sport: Nachhaltige Mobilit\u00e4t verstehen und nutzen (sportainable) - edubreak\u00aeACADEMY","description":"Lerne die Grundlagen der nachhaltigen Sportmobilit\u00e4t kennen und lerne, wie du umweltfreundliche Fortbewegung in den Sportalltag deines Vereins integrierst.","robots":{"index":"index","follow":"follow","max-snippet":"max-snippet:-1","max-image-preview":"max-image-preview:large","max-video-preview":"max-video-preview:-1"},"canonical":"https:\/\/www.edubreak.de\/academy\/produkt\/der-gruene-weg-zum-sport-nachhaltige-mobilitaet-verstehen-und-nutzen\/","og_locale":"de_DE","og_type":"article","og_title":"Der gr\u00fcne Weg zum Sport: Nachhaltige Mobilit\u00e4t verstehen und nutzen (sportainable) - edubreak\u00aeACADEMY","og_description":"Lerne die Grundlagen der nachhaltigen Sportmobilit\u00e4t kennen und lerne, wie du umweltfreundliche Fortbewegung in den Sportalltag deines Vereins integrierst.","og_url":"https:\/\/www.edubreak.de\/academy\/produkt\/der-gruene-weg-zum-sport-nachhaltige-mobilitaet-verstehen-und-nutzen\/","og_site_name":"edubreak\u00aeACADEMY","article_modified_time":"2025-10-15T09:47:11+00:00","og_image":[{"width":544,"height":528,"url":"https:\/\/www.edubreak.de\/academy\/wp-content\/uploads\/2024\/10\/eb-Academy-Rebrand-Kurse-sportmobilitaet.png","type":"image\/png"}],"twitter_card":"summary_large_image","twitter_misc":{"Gesch\u00e4tzte Lesezeit":"2\u00a0Minuten"},"schema":{"@context":"https:\/\/schema.org","@graph":[{"@type":"WebPage","@id":"https:\/\/www.edubreak.de\/academy\/produkt\/der-gruene-weg-zum-sport-nachhaltige-mobilitaet-verstehen-und-nutzen\/","url":"https:\/\/www.edubreak.de\/academy\/produkt\/der-gruene-weg-zum-sport-nachhaltige-mobilitaet-verstehen-und-nutzen\/","name":"Der gr\u00fcne Weg zum Sport: Nachhaltige Mobilit\u00e4t verstehen und nutzen (sportainable) - edubreak\u00aeACADEMY","isPartOf":{"@id":"https:\/\/www.edubreak.de\/academy\/#website"},"primaryImageOfPage":{"@id":"https:\/\/www.edubreak.de\/academy\/produkt\/der-gruene-weg-zum-sport-nachhaltige-mobilitaet-verstehen-und-nutzen\/#primaryimage"},"image":{"@id":"https:\/\/www.edubreak.de\/academy\/produkt\/der-gruene-weg-zum-sport-nachhaltige-mobilitaet-verstehen-und-nutzen\/#primaryimage"},"thumbnailUrl":"https:\/\/i0.wp.com\/www.edubreak.de\/academy\/wp-content\/uploads\/2024\/10\/eb-Academy-Rebrand-Kurse-sportmobilitaet.png?fit=544%2C528&ssl=1","datePublished":"2024-10-29T09:22:08+00:00","dateModified":"2025-10-15T09:47:11+00:00","description":"Lerne die Grundlagen der nachhaltigen Sportmobilit\u00e4t kennen und lerne, wie du umweltfreundliche Fortbewegung in den Sportalltag deines Vereins integrierst.","breadcrumb":{"@id":"https:\/\/www.edubreak.de\/academy\/produkt\/der-gruene-weg-zum-sport-nachhaltige-mobilitaet-verstehen-und-nutzen\/#breadcrumb"},"inLanguage":"de","potentialAction":[{"@type":"ReadAction","target":["https:\/\/www.edubreak.de\/academy\/produkt\/der-gruene-weg-zum-sport-nachhaltige-mobilitaet-verstehen-und-nutzen\/"]}]},{"@type":"ImageObject","inLanguage":"de","@id":"https:\/\/www.edubreak.de\/academy\/produkt\/der-gruene-weg-zum-sport-nachhaltige-mobilitaet-verstehen-und-nutzen\/#primaryimage","url":"https:\/\/i0.wp.com\/www.edubreak.de\/academy\/wp-content\/uploads\/2024\/10\/eb-Academy-Rebrand-Kurse-sportmobilitaet.png?fit=544%2C528&ssl=1","contentUrl":"https:\/\/i0.wp.com\/www.edubreak.de\/academy\/wp-content\/uploads\/2024\/10\/eb-Academy-Rebrand-Kurse-sportmobilitaet.png?fit=544%2C528&ssl=1","width":544,"height":528},{"@type":"BreadcrumbList","@id":"https:\/\/www.edubreak.de\/academy\/produkt\/der-gruene-weg-zum-sport-nachhaltige-mobilitaet-verstehen-und-nutzen\/#breadcrumb","itemListElement":[{"@type":"ListItem","position":1,"name":"Home","item":"https:\/\/www.edubreak.de\/academy\/"},{"@type":"ListItem","position":2,"name":"Kurse","item":"https:\/\/www.edubreak.de\/academy\/kurse-alt\/"},{"@type":"ListItem","position":3,"name":"Der gr\u00fcne Weg zum Sport: Nachhaltige Mobilit\u00e4t verstehen und nutzen (sportainable)"}]},{"@type":"WebSite","@id":"https:\/\/www.edubreak.de\/academy\/#website","url":"https:\/\/www.edubreak.de\/academy\/","name":"edubreak\u00aeACADEMY","description":"Schulungen und Weiterbildungen f\u00fcr Referierende und Community Manager:innen","publisher":{"@id":"https:\/\/www.edubreak.de\/academy\/#organization"},"potentialAction":[{"@type":"SearchAction","target":{"@type":"EntryPoint","urlTemplate":"https:\/\/www.edubreak.de\/academy\/?s={search_term_string}"},"query-input":{"@type":"PropertyValueSpecification","valueRequired":true,"valueName":"search_term_string"}}],"inLanguage":"de"},{"@type":"Organization","@id":"https:\/\/www.edubreak.de\/academy\/#organization","name":"edubreak\u00aeACADEMY","url":"https:\/\/www.edubreak.de\/academy\/","logo":{"@type":"ImageObject","inLanguage":"de","@id":"https:\/\/www.edubreak.de\/academy\/#\/schema\/logo\/image\/","url":"https:\/\/i0.wp.com\/www.edubreak.de\/academy\/wp-content\/uploads\/2023\/09\/edubreak-academy-logo-standard.png?fit=1194%2C296&ssl=1","contentUrl":"https:\/\/i0.wp.com\/www.edubreak.de\/academy\/wp-content\/uploads\/2023\/09\/edubreak-academy-logo-standard.png?fit=1194%2C296&ssl=1","width":1194,"height":296,"caption":"edubreak\u00aeACADEMY"},"image":{"@id":"https:\/\/www.edubreak.de\/academy\/#\/schema\/logo\/image\/"}}]}},"jetpack_sharing_enabled":true,"_links":{"self":[{"href":"https:\/\/www.edubreak.de\/academy\/wp-json\/wp\/v2\/product\/5200"}],"collection":[{"href":"https:\/\/www.edubreak.de\/academy\/wp-json\/wp\/v2\/product"}],"about":[{"href":"https:\/\/www.edubreak.de\/academy\/wp-json\/wp\/v2\/types\/product"}],"replies":[{"embeddable":true,"href":"https:\/\/www.edubreak.de\/academy\/wp-json\/wp\/v2\/comments?post=5200"}],"wp:featuredmedia":[{"embeddable":true,"href":"https:\/\/www.edubreak.de\/academy\/wp-json\/wp\/v2\/media\/5207"}],"wp:attachment":[{"href":"https:\/\/www.edubreak.de\/academy\/wp-json\/wp\/v2\/media?parent=5200"}],"wp:term":[{"taxonomy":"product_cat","embeddable":true,"href":"https:\/\/www.edubreak.de\/academy\/wp-json\/wp\/v2\/product_cat?post=5200"},{"taxonomy":"product_tag","embeddable":true,"href":"https:\/\/www.edubreak.de\/academy\/wp-json\/wp\/v2\/product_tag?post=5200"}],"curies":[{"name":"wp","href":"https:\/\/api.w.org\/{rel}","templated":true}]}}