{"id":970,"date":"2020-07-10T12:06:44","date_gmt":"2020-07-10T12:06:44","guid":{"rendered":"https:\/\/www.edubreak.de\/academy\/?post_type=product&#038;p=970"},"modified":"2021-11-04T14:09:32","modified_gmt":"2021-11-04T14:09:32","slug":"interaktive-methoden-fuer-online-seminare-und-meetings","status":"publish","type":"product","link":"https:\/\/www.edubreak.de\/academy\/produkt\/interaktive-methoden-fuer-online-seminare-und-meetings\/","title":{"rendered":"Interaktive Methoden f\u00fcr Online-Seminare &#038; Meetings"},"content":{"rendered":"<p><strong>Du m\u00f6chtest deine Online-Meetings und Seminare mit Methoden lebendiger und interaktiver gestalten?<\/strong><\/p>\n<p>Die Wahl und Durchf\u00fchrung von Aktivierungsmethoden stellen uns online vor ganz neue Herausforderungen. In diesem Einsteigerkurs erarbeitest du dir erste <strong>methodische<\/strong> <strong>Online<\/strong>&#8211;<strong>Kompetenzen<\/strong> und erlernst,<\/p>\n<ul>\n<li>wie du deine\u00a0Teilnehmenden\u00a0im virtuellen Raum\u00a0<strong>aktivierst<\/strong>, damit sie <strong>motiviert <\/strong>dabeibleiben<\/li>\n<li><strong>Methoden<\/strong>, die sich schnell vom Pr\u00e4senzraum\u00a0in den <strong>Online-Raum <\/strong>\u00fcbertragen lassen.<\/li>\n<li>Methoden, die immer wieder in <strong>unterschiedlichen Kontexten<\/strong> online anwendbar sind.<\/li>\n<\/ul>\n<p>Du arbeitest mit anderen Teilnehmenden in einem kreativen Experimentierraum zusammen, in dem das Austauschen, \u00dcben und Ausprobieren im Vordergrund stehen. So bist du nach Abschluss des Kurses sofort in der Lage, dein eigenes Online-Meeting interaktiv zu gestalten.<\/p>\n<p><strong>Wir, <a href=\"https:\/\/edubreak-academy.de\/annette-luickhardt\/\">Annette<\/a> und <a href=\"https:\/\/edubreak-academy.de\/eva-hoertrich\/\">Eva<\/a>,<\/strong> sind zertifizierte eReferentinnen, und unser Herz schl\u00e4gt f\u00fcr interaktive und lebendige Online-Workshops, Online-Trainings und virtuelle Meetings. Lass dich von unserem langj\u00e4hrigen Erfahrungsschatz inspirieren.<\/p>\n<p>Teilnehmen k\u00f6nnen alle, die ihre bestehenden Online-Konzepte mit interaktiven Methoden bereichern oder jetzt neu in die Gestaltung von digitalen Trainings und Meetings einsteigen m\u00f6chten.<\/p>\n<p><strong>Was du sonst noch \u00fcber das Seminar wissen solltest:\u00a0<\/strong><\/p>\n<ul>\n<li>Du lernst in einer festen Seminargruppe von <strong>maximal 12 Teilnehmenden<\/strong>.<\/li>\n<li>Es erwarten dich <strong>2 Online-Workshops<\/strong> \u00e0 2 Stunden sowie attraktive \u00dcbungen.\n<ul>\n<li><strong>Workshop 1: 11.05.2021 von 9:30 \u2013 11.30 Uhr<\/strong><\/li>\n<li><strong>Workshop 2: 18.05.2021 von 9:30 \u2013 11:30 Uhr<\/strong><\/li>\n<\/ul>\n<\/li>\n<\/ul>\n<ul>\n<li style=\"list-style-type: none;\"><\/li>\n<li>Plane ca. 5 Selbstlernstunden ein.<\/li>\n<li>Du bekommst vielf\u00e4ltige Praxistipps und -tricks f\u00fcr die sofortige Umsetzung.<\/li>\n<li>Wir geben dir individuelles Feedback zu deinen \u00dcbungen.<\/li>\n<li>Ein kleines Methoden-Handout liegt zum Abschluss f\u00fcr dich bereit.<\/li>\n<\/ul>\n<p><strong>Diese technischen Voraussetzungen sind erforderlich:\u00a0<\/strong><\/p>\n<ul>\n<li>Computer \/ Laptop<\/li>\n<li>Webcam (entweder integriert oder extern) und Mikro (wir empfehlen die Nutzung eines Headsets)<\/li>\n<li>stabile Internet-Verbindung<\/li>\n<\/ul>\n","protected":false},"excerpt":{"rendered":"<p>Mit lebendigen Methoden in Online-Meetings begeistern!<\/p>\n","protected":false},"featured_media":973,"comment_status":"open","ping_status":"closed","template":"","meta":{"neve_meta_sidebar":"","neve_meta_container":"","neve_meta_enable_content_width":"off","neve_meta_content_width":0,"neve_meta_title_alignment":"","neve_meta_author_avatar":"","neve_post_elements_order":"","neve_meta_disable_header":"","neve_meta_disable_footer":"","neve_meta_disable_title":""},"product_cat":[90],"product_tag":[],"class_list":{"0":"post-970","1":"product","2":"type-product","3":"status-publish","4":"has-post-thumbnail","6":"product_cat-weiterbildungen","8":"first","9":"outofstock","10":"taxable","11":"shipping-taxable","12":"purchasable","13":"product-type-variable"},"yoast_head":"<!-- This site is optimized with the Yoast SEO plugin v23.5 - https:\/\/yoast.com\/wordpress\/plugins\/seo\/ -->\n<title>Interaktive Methoden f\u00fcr Online-Seminare &amp; Meetings -<\/title>\n<meta name=\"description\" content=\"Interaktive Methoden f\u00fcr Online-Seminare &amp; Meetings\" \/>\n<meta name=\"robots\" content=\"index, follow, max-snippet:-1, max-image-preview:large, max-video-preview:-1\" \/>\n<link rel=\"canonical\" href=\"https:\/\/www.edubreak.de\/academy\/produkt\/interaktive-methoden-fuer-online-seminare-und-meetings\/\" \/>\n<meta property=\"og:locale\" content=\"de_DE\" \/>\n<meta property=\"og:type\" content=\"article\" \/>\n<meta property=\"og:title\" content=\"Interaktive Methoden f\u00fcr Online-Seminare &amp; Meetings -\" \/>\n<meta property=\"og:description\" content=\"Interaktive Methoden f\u00fcr Online-Seminare &amp; Meetings\" \/>\n<meta property=\"og:url\" content=\"https:\/\/www.edubreak.de\/academy\/produkt\/interaktive-methoden-fuer-online-seminare-und-meetings\/\" \/>\n<meta property=\"og:site_name\" content=\"edubreak\u00aeACADEMY\" \/>\n<meta property=\"article:modified_time\" content=\"2021-11-04T14:09:32+00:00\" \/>\n<meta property=\"og:image\" content=\"https:\/\/i0.wp.com\/www.edubreak.de\/academy\/wp-content\/uploads\/2020\/07\/cover_im.jpg?fit=600%2C600&ssl=1\" \/>\n\t<meta property=\"og:image:width\" content=\"600\" \/>\n\t<meta property=\"og:image:height\" content=\"600\" \/>\n\t<meta property=\"og:image:type\" content=\"image\/jpeg\" \/>\n<meta name=\"twitter:card\" content=\"summary_large_image\" \/>\n<meta name=\"twitter:label1\" content=\"Gesch\u00e4tzte Lesezeit\" \/>\n\t<meta name=\"twitter:data1\" content=\"1\u00a0Minute\" \/>\n<script type=\"application\/ld+json\" class=\"yoast-schema-graph\">{\"@context\":\"https:\/\/schema.org\",\"@graph\":[{\"@type\":\"WebPage\",\"@id\":\"https:\/\/www.edubreak.de\/academy\/produkt\/interaktive-methoden-fuer-online-seminare-und-meetings\/\",\"url\":\"https:\/\/www.edubreak.de\/academy\/produkt\/interaktive-methoden-fuer-online-seminare-und-meetings\/\",\"name\":\"Interaktive Methoden f\u00fcr Online-Seminare & Meetings -\",\"isPartOf\":{\"@id\":\"https:\/\/www.edubreak.de\/academy\/#website\"},\"primaryImageOfPage\":{\"@id\":\"https:\/\/www.edubreak.de\/academy\/produkt\/interaktive-methoden-fuer-online-seminare-und-meetings\/#primaryimage\"},\"image\":{\"@id\":\"https:\/\/www.edubreak.de\/academy\/produkt\/interaktive-methoden-fuer-online-seminare-und-meetings\/#primaryimage\"},\"thumbnailUrl\":\"https:\/\/i0.wp.com\/www.edubreak.de\/academy\/wp-content\/uploads\/2020\/07\/cover_im.jpg?fit=600%2C600&ssl=1\",\"datePublished\":\"2020-07-10T12:06:44+00:00\",\"dateModified\":\"2021-11-04T14:09:32+00:00\",\"description\":\"Interaktive Methoden f\u00fcr Online-Seminare & Meetings\",\"breadcrumb\":{\"@id\":\"https:\/\/www.edubreak.de\/academy\/produkt\/interaktive-methoden-fuer-online-seminare-und-meetings\/#breadcrumb\"},\"inLanguage\":\"de\",\"potentialAction\":[{\"@type\":\"ReadAction\",\"target\":[\"https:\/\/www.edubreak.de\/academy\/produkt\/interaktive-methoden-fuer-online-seminare-und-meetings\/\"]}]},{\"@type\":\"ImageObject\",\"inLanguage\":\"de\",\"@id\":\"https:\/\/www.edubreak.de\/academy\/produkt\/interaktive-methoden-fuer-online-seminare-und-meetings\/#primaryimage\",\"url\":\"https:\/\/i0.wp.com\/www.edubreak.de\/academy\/wp-content\/uploads\/2020\/07\/cover_im.jpg?fit=600%2C600&ssl=1\",\"contentUrl\":\"https:\/\/i0.wp.com\/www.edubreak.de\/academy\/wp-content\/uploads\/2020\/07\/cover_im.jpg?fit=600%2C600&ssl=1\",\"width\":600,\"height\":600},{\"@type\":\"BreadcrumbList\",\"@id\":\"https:\/\/www.edubreak.de\/academy\/produkt\/interaktive-methoden-fuer-online-seminare-und-meetings\/#breadcrumb\",\"itemListElement\":[{\"@type\":\"ListItem\",\"position\":1,\"name\":\"Home\",\"item\":\"https:\/\/www.edubreak.de\/academy\/\"},{\"@type\":\"ListItem\",\"position\":2,\"name\":\"Kurse\",\"item\":\"https:\/\/www.edubreak.de\/academy\/kurse-alt\/\"},{\"@type\":\"ListItem\",\"position\":3,\"name\":\"Interaktive Methoden f\u00fcr Online-Seminare &#038; Meetings\"}]},{\"@type\":\"WebSite\",\"@id\":\"https:\/\/www.edubreak.de\/academy\/#website\",\"url\":\"https:\/\/www.edubreak.de\/academy\/\",\"name\":\"edubreak\u00aeACADEMY\",\"description\":\"Schulungen und Weiterbildungen f\u00fcr Referierende und Community Manager:innen\",\"publisher\":{\"@id\":\"https:\/\/www.edubreak.de\/academy\/#organization\"},\"potentialAction\":[{\"@type\":\"SearchAction\",\"target\":{\"@type\":\"EntryPoint\",\"urlTemplate\":\"https:\/\/www.edubreak.de\/academy\/?s={search_term_string}\"},\"query-input\":{\"@type\":\"PropertyValueSpecification\",\"valueRequired\":true,\"valueName\":\"search_term_string\"}}],\"inLanguage\":\"de\"},{\"@type\":\"Organization\",\"@id\":\"https:\/\/www.edubreak.de\/academy\/#organization\",\"name\":\"edubreak\u00aeACADEMY\",\"url\":\"https:\/\/www.edubreak.de\/academy\/\",\"logo\":{\"@type\":\"ImageObject\",\"inLanguage\":\"de\",\"@id\":\"https:\/\/www.edubreak.de\/academy\/#\/schema\/logo\/image\/\",\"url\":\"https:\/\/i0.wp.com\/www.edubreak.de\/academy\/wp-content\/uploads\/2023\/09\/edubreak-academy-logo-standard.png?fit=1194%2C296&ssl=1\",\"contentUrl\":\"https:\/\/i0.wp.com\/www.edubreak.de\/academy\/wp-content\/uploads\/2023\/09\/edubreak-academy-logo-standard.png?fit=1194%2C296&ssl=1\",\"width\":1194,\"height\":296,\"caption\":\"edubreak\u00aeACADEMY\"},\"image\":{\"@id\":\"https:\/\/www.edubreak.de\/academy\/#\/schema\/logo\/image\/\"}}]}<\/script>\n<!-- \/ Yoast SEO plugin. -->","yoast_head_json":{"title":"Interaktive Methoden f\u00fcr Online-Seminare & Meetings -","description":"Interaktive Methoden f\u00fcr Online-Seminare & Meetings","robots":{"index":"index","follow":"follow","max-snippet":"max-snippet:-1","max-image-preview":"max-image-preview:large","max-video-preview":"max-video-preview:-1"},"canonical":"https:\/\/www.edubreak.de\/academy\/produkt\/interaktive-methoden-fuer-online-seminare-und-meetings\/","og_locale":"de_DE","og_type":"article","og_title":"Interaktive Methoden f\u00fcr Online-Seminare & Meetings -","og_description":"Interaktive Methoden f\u00fcr Online-Seminare & Meetings","og_url":"https:\/\/www.edubreak.de\/academy\/produkt\/interaktive-methoden-fuer-online-seminare-und-meetings\/","og_site_name":"edubreak\u00aeACADEMY","article_modified_time":"2021-11-04T14:09:32+00:00","og_image":[{"width":600,"height":600,"url":"https:\/\/i0.wp.com\/www.edubreak.de\/academy\/wp-content\/uploads\/2020\/07\/cover_im.jpg?fit=600%2C600&ssl=1","type":"image\/jpeg"}],"twitter_card":"summary_large_image","twitter_misc":{"Gesch\u00e4tzte Lesezeit":"1\u00a0Minute"},"schema":{"@context":"https:\/\/schema.org","@graph":[{"@type":"WebPage","@id":"https:\/\/www.edubreak.de\/academy\/produkt\/interaktive-methoden-fuer-online-seminare-und-meetings\/","url":"https:\/\/www.edubreak.de\/academy\/produkt\/interaktive-methoden-fuer-online-seminare-und-meetings\/","name":"Interaktive Methoden f\u00fcr Online-Seminare & Meetings -","isPartOf":{"@id":"https:\/\/www.edubreak.de\/academy\/#website"},"primaryImageOfPage":{"@id":"https:\/\/www.edubreak.de\/academy\/produkt\/interaktive-methoden-fuer-online-seminare-und-meetings\/#primaryimage"},"image":{"@id":"https:\/\/www.edubreak.de\/academy\/produkt\/interaktive-methoden-fuer-online-seminare-und-meetings\/#primaryimage"},"thumbnailUrl":"https:\/\/i0.wp.com\/www.edubreak.de\/academy\/wp-content\/uploads\/2020\/07\/cover_im.jpg?fit=600%2C600&ssl=1","datePublished":"2020-07-10T12:06:44+00:00","dateModified":"2021-11-04T14:09:32+00:00","description":"Interaktive Methoden f\u00fcr Online-Seminare & Meetings","breadcrumb":{"@id":"https:\/\/www.edubreak.de\/academy\/produkt\/interaktive-methoden-fuer-online-seminare-und-meetings\/#breadcrumb"},"inLanguage":"de","potentialAction":[{"@type":"ReadAction","target":["https:\/\/www.edubreak.de\/academy\/produkt\/interaktive-methoden-fuer-online-seminare-und-meetings\/"]}]},{"@type":"ImageObject","inLanguage":"de","@id":"https:\/\/www.edubreak.de\/academy\/produkt\/interaktive-methoden-fuer-online-seminare-und-meetings\/#primaryimage","url":"https:\/\/i0.wp.com\/www.edubreak.de\/academy\/wp-content\/uploads\/2020\/07\/cover_im.jpg?fit=600%2C600&ssl=1","contentUrl":"https:\/\/i0.wp.com\/www.edubreak.de\/academy\/wp-content\/uploads\/2020\/07\/cover_im.jpg?fit=600%2C600&ssl=1","width":600,"height":600},{"@type":"BreadcrumbList","@id":"https:\/\/www.edubreak.de\/academy\/produkt\/interaktive-methoden-fuer-online-seminare-und-meetings\/#breadcrumb","itemListElement":[{"@type":"ListItem","position":1,"name":"Home","item":"https:\/\/www.edubreak.de\/academy\/"},{"@type":"ListItem","position":2,"name":"Kurse","item":"https:\/\/www.edubreak.de\/academy\/kurse-alt\/"},{"@type":"ListItem","position":3,"name":"Interaktive Methoden f\u00fcr Online-Seminare &#038; Meetings"}]},{"@type":"WebSite","@id":"https:\/\/www.edubreak.de\/academy\/#website","url":"https:\/\/www.edubreak.de\/academy\/","name":"edubreak\u00aeACADEMY","description":"Schulungen und Weiterbildungen f\u00fcr Referierende und Community Manager:innen","publisher":{"@id":"https:\/\/www.edubreak.de\/academy\/#organization"},"potentialAction":[{"@type":"SearchAction","target":{"@type":"EntryPoint","urlTemplate":"https:\/\/www.edubreak.de\/academy\/?s={search_term_string}"},"query-input":{"@type":"PropertyValueSpecification","valueRequired":true,"valueName":"search_term_string"}}],"inLanguage":"de"},{"@type":"Organization","@id":"https:\/\/www.edubreak.de\/academy\/#organization","name":"edubreak\u00aeACADEMY","url":"https:\/\/www.edubreak.de\/academy\/","logo":{"@type":"ImageObject","inLanguage":"de","@id":"https:\/\/www.edubreak.de\/academy\/#\/schema\/logo\/image\/","url":"https:\/\/i0.wp.com\/www.edubreak.de\/academy\/wp-content\/uploads\/2023\/09\/edubreak-academy-logo-standard.png?fit=1194%2C296&ssl=1","contentUrl":"https:\/\/i0.wp.com\/www.edubreak.de\/academy\/wp-content\/uploads\/2023\/09\/edubreak-academy-logo-standard.png?fit=1194%2C296&ssl=1","width":1194,"height":296,"caption":"edubreak\u00aeACADEMY"},"image":{"@id":"https:\/\/www.edubreak.de\/academy\/#\/schema\/logo\/image\/"}}]}},"jetpack_sharing_enabled":true,"_links":{"self":[{"href":"https:\/\/www.edubreak.de\/academy\/wp-json\/wp\/v2\/product\/970"}],"collection":[{"href":"https:\/\/www.edubreak.de\/academy\/wp-json\/wp\/v2\/product"}],"about":[{"href":"https:\/\/www.edubreak.de\/academy\/wp-json\/wp\/v2\/types\/product"}],"replies":[{"embeddable":true,"href":"https:\/\/www.edubreak.de\/academy\/wp-json\/wp\/v2\/comments?post=970"}],"wp:featuredmedia":[{"embeddable":true,"href":"https:\/\/www.edubreak.de\/academy\/wp-json\/wp\/v2\/media\/973"}],"wp:attachment":[{"href":"https:\/\/www.edubreak.de\/academy\/wp-json\/wp\/v2\/media?parent=970"}],"wp:term":[{"taxonomy":"product_cat","embeddable":true,"href":"https:\/\/www.edubreak.de\/academy\/wp-json\/wp\/v2\/product_cat?post=970"},{"taxonomy":"product_tag","embeddable":true,"href":"https:\/\/www.edubreak.de\/academy\/wp-json\/wp\/v2\/product_tag?post=970"}],"curies":[{"name":"wp","href":"https:\/\/api.w.org\/{rel}","templated":true}]}}